{"id":49691,"date":"2026-04-21T13:08:20","date_gmt":"2026-04-21T13:08:20","guid":{"rendered":"https:\/\/wydawnictwo.ug.edu.pl\/ksiegarnia-online\/uncategorized\/obiekty-metody-interpretacje-tom-4-inzynieria-multimodalna-we-wspolczesnym-srodowisku-cyfrowym\/"},"modified":"2026-04-21T13:09:09","modified_gmt":"2026-04-21T13:09:09","slug":"obiekty-metody-interpretacje-tom-4-inzynieria-multimodalna-we-wspolczesnym-srodowisku-cyfrowym","status":"publish","type":"product","link":"https:\/\/wydawnictwo.ug.edu.pl\/en\/ksiegarnia-online\/zapowiedzi\/obiekty-metody-interpretacje-tom-4-inzynieria-multimodalna-we-wspolczesnym-srodowisku-cyfrowym\/","title":{"rendered":"Obiekty, metody, interpretacje. Tom 4. In\u017cynieria multimodalna we wsp\u00f3\u0142czesnym \u015brodowisku cyfrowym"},"content":{"rendered":"","protected":false},"excerpt":{"rendered":"<p>Monografia jest niezwykle interesuj\u0105cym dokonaniem z kilku powod\u00f3w. Po pierwsze, wyb\u00f3r omawianych zjawisk i proces\u00f3w \u015bwiadczy o doskona\u0142ym \u201es\u0142uchu\u201d medialnym Badaczek. Precyzyjnie bowiem zdiagnozowa\u0142y najwa\u017cniejsze cechy wsp\u00f3\u0142czesnej multimodalnej, cyfrowej komunikacji oraz wskaza\u0142y i zbada\u0142y te wybrane przejawy, kt\u00f3re s\u0105 jej wyrazistymi, mo\u017cna by rzec definiuj\u0105cymi realizacjami. Po drugie, wszystkie analizy (doskonale dobranego) materia\u0142u badawczego s\u0105 prowadzone na pog\u0142\u0119bionej podbudowie teoretycznej. Po trzecie, jest r\u00f3wnie\u017c krytyczny i wieloaspektowy ogl\u0105d ca\u0142ej wsp\u00f3\u0142czesnej kultury \u2013 jej zmienno\u015bci w rozmaitych socjologicznych, ideologicznych, technologicznych, semiotycznych uwarunkowaniach i zap\u0119tleniach.<\/p>\n<p>Ksi\u0105\u017cka z serii Oblicza lingwistyki XXI wieku.<\/p>\n","protected":false},"featured_media":49687,"template":"","meta":{"_acf_changed":false},"journal":[],"rodzaj":[7074,7076],"seria":[],"product_brand":[],"product_cat":[6923,6926],"product_tag":[8363,7665,7472],"class_list":{"0":"post-49691","1":"product","2":"type-product","3":"status-publish","4":"has-post-thumbnail","6":"rodzaj-ksiazki","7":"rodzaj-serie-wydawnicze","8":"product_cat-zapowiedzi","9":"product_cat-przekladoznawstwo","10":"product_tag-anastasija-belovodskaja","11":"product_tag-tatiana-kananowicztatiana-kananowicz","12":"product_tag-zanna-sladkiewicz","14":"first","15":"instock","16":"taxable","17":"shipping-taxable","18":"product-type-simple"},"acf":[],"_links":{"self":[{"href":"https:\/\/wydawnictwo.ug.edu.pl\/en\/wp-json\/wp\/v2\/product\/49691","targetHints":{"allow":["GET"]}}],"collection":[{"href":"https:\/\/wydawnictwo.ug.edu.pl\/en\/wp-json\/wp\/v2\/product"}],"about":[{"href":"https:\/\/wydawnictwo.ug.edu.pl\/en\/wp-json\/wp\/v2\/types\/product"}],"wp:featuredmedia":[{"embeddable":true,"href":"https:\/\/wydawnictwo.ug.edu.pl\/en\/wp-json\/wp\/v2\/media\/49687"}],"wp:attachment":[{"href":"https:\/\/wydawnictwo.ug.edu.pl\/en\/wp-json\/wp\/v2\/media?parent=49691"}],"wp:term":[{"taxonomy":"journal","embeddable":true,"href":"https:\/\/wydawnictwo.ug.edu.pl\/en\/wp-json\/wp\/v2\/journal?post=49691"},{"taxonomy":"rodzaj","embeddable":true,"href":"https:\/\/wydawnictwo.ug.edu.pl\/en\/wp-json\/wp\/v2\/rodzaj?post=49691"},{"taxonomy":"seria","embeddable":true,"href":"https:\/\/wydawnictwo.ug.edu.pl\/en\/wp-json\/wp\/v2\/seria?post=49691"},{"taxonomy":"product_brand","embeddable":true,"href":"https:\/\/wydawnictwo.ug.edu.pl\/en\/wp-json\/wp\/v2\/product_brand?post=49691"},{"taxonomy":"product_cat","embeddable":true,"href":"https:\/\/wydawnictwo.ug.edu.pl\/en\/wp-json\/wp\/v2\/product_cat?post=49691"},{"taxonomy":"product_tag","embeddable":true,"href":"https:\/\/wydawnictwo.ug.edu.pl\/en\/wp-json\/wp\/v2\/product_tag?post=49691"}],"curies":[{"name":"wp","href":"https:\/\/api.w.org\/{rel}","templated":true}]}}