{"id":49684,"date":"2026-04-21T12:33:59","date_gmt":"2026-04-21T12:33:59","guid":{"rendered":"https:\/\/wydawnictwo.ug.edu.pl\/ksiegarnia-online\/uncategorized\/przestepstwa-seksualne-w-polskim-prawie-karnym\/"},"modified":"2026-04-21T12:37:55","modified_gmt":"2026-04-21T12:37:55","slug":"przestepstwa-seksualne-w-polskim-prawie-karnym","status":"publish","type":"product","link":"https:\/\/wydawnictwo.ug.edu.pl\/en\/ksiegarnia-online\/zapowiedzi\/przestepstwa-seksualne-w-polskim-prawie-karnym\/","title":{"rendered":"Przest\u0119pstwa seksualne w polskim prawie karnym"},"content":{"rendered":"","protected":false},"excerpt":{"rendered":"<p>W publikacji podj\u0119to pr\u00f3b\u0119 kompleksowego uj\u0119cia penalnej ochrony wolno\u015bci seksualnej i obyczajno\u015bci w polskim prawie karnym oraz rozstrzygni\u0119cia, czy przemiany prawa karnego w tym wzgl\u0119dzie doprowadzi\u0142y przepisy do optymalnego stanu, czy mo\u017ce jednak zasadne jest poczynienie w nich okre\u015blonych modyfikacji. Celem monografii jest analiza i ocena ca\u0142o\u015bci wsp\u00f3\u0142czesnych regulacji karnoprawnych w kodeksie karnym z 1997 r. odnosz\u0105cych si\u0119 do przest\u0119pstw seksualnych. Badania dotycz\u0105ce obowi\u0105zuj\u0105cego w tym zakresie prawa polskiego zosta\u0142y przeprowadzone na tle stanu prawnego z okresu II Rzeczypospolitej, Polski Ludowej i ustawodawstw wybranych pa\u0144stw europejskich.<\/p>\n<p>\u201eMonografia stanowi ca\u0142o\u015bciowe i gruntowne opracowanie tematu okre\u015blonego w jej tytule, om\u00f3wione w kontek\u015bcie ewolucyjnym. Zawiera te\u017c oceny Autora dotycz\u0105ce zachodz\u0105cych zmian g\u0142\u00f3wnie w warstwie normatywnej o propozycje <em>de lege ferenda <\/em>odnosz\u0105ce si\u0119 do aktualnego uj\u0119cia poszczeg\u00f3lnych typ\u00f3w przest\u0119pstw seksualnych i ich odmian w kodeksie karnym z 1997 r. Ksi\u0105\u017cka ta powsta\u0142a na podstawie oryginalnych \u017ar\u00f3de\u0142 prawa, zar\u00f3wno historycznych, jak i wsp\u00f3\u0142cze\u015bnie obowi\u0105zuj\u0105cych, a tak\u017ce krajowych, zagranicznych czy mi\u0119dzynarodowych przy wykorzystaniu bogatej literatury przedmiotu oraz orzecznictwa s\u0105d\u00f3w i trybuna\u0142\u00f3w. Na rynku wydawniczym nie spos\u00f3b znale\u017a\u0107 podobnego \u2013 co do zakresu \u2013 opracowania, kt\u00f3re obejmowa\u0142oby wszystkie typy przest\u0119pstw z grupy czyn\u00f3w karalnych przeciwko wolno\u015bci seksualnej i obyczajno\u015bci\u201d.<\/p>\n<p style=\"text-align: right;\"><em>Z recenzji dr hab. Violetty Konarskiej-Wrzosek<\/em><\/p>\n","protected":false},"featured_media":49679,"template":"","meta":{"_acf_changed":false},"journal":[],"rodzaj":[7074],"seria":[],"product_brand":[],"product_cat":[6923,6932],"product_tag":[8042],"class_list":{"0":"post-49684","1":"product","2":"type-product","3":"status-publish","4":"has-post-thumbnail","6":"rodzaj-ksiazki","7":"product_cat-zapowiedzi","8":"product_cat-prawo-i-administracja","9":"product_tag-pawel-petaszpawel-petasz","11":"first","12":"instock","13":"taxable","14":"shipping-taxable","15":"product-type-simple"},"acf":[],"_links":{"self":[{"href":"https:\/\/wydawnictwo.ug.edu.pl\/en\/wp-json\/wp\/v2\/product\/49684","targetHints":{"allow":["GET"]}}],"collection":[{"href":"https:\/\/wydawnictwo.ug.edu.pl\/en\/wp-json\/wp\/v2\/product"}],"about":[{"href":"https:\/\/wydawnictwo.ug.edu.pl\/en\/wp-json\/wp\/v2\/types\/product"}],"wp:featuredmedia":[{"embeddable":true,"href":"https:\/\/wydawnictwo.ug.edu.pl\/en\/wp-json\/wp\/v2\/media\/49679"}],"wp:attachment":[{"href":"https:\/\/wydawnictwo.ug.edu.pl\/en\/wp-json\/wp\/v2\/media?parent=49684"}],"wp:term":[{"taxonomy":"journal","embeddable":true,"href":"https:\/\/wydawnictwo.ug.edu.pl\/en\/wp-json\/wp\/v2\/journal?post=49684"},{"taxonomy":"rodzaj","embeddable":true,"href":"https:\/\/wydawnictwo.ug.edu.pl\/en\/wp-json\/wp\/v2\/rodzaj?post=49684"},{"taxonomy":"seria","embeddable":true,"href":"https:\/\/wydawnictwo.ug.edu.pl\/en\/wp-json\/wp\/v2\/seria?post=49684"},{"taxonomy":"product_brand","embeddable":true,"href":"https:\/\/wydawnictwo.ug.edu.pl\/en\/wp-json\/wp\/v2\/product_brand?post=49684"},{"taxonomy":"product_cat","embeddable":true,"href":"https:\/\/wydawnictwo.ug.edu.pl\/en\/wp-json\/wp\/v2\/product_cat?post=49684"},{"taxonomy":"product_tag","embeddable":true,"href":"https:\/\/wydawnictwo.ug.edu.pl\/en\/wp-json\/wp\/v2\/product_tag?post=49684"}],"curies":[{"name":"wp","href":"https:\/\/api.w.org\/{rel}","templated":true}]}}