{"id":49595,"date":"2026-04-15T12:50:25","date_gmt":"2026-04-15T12:50:25","guid":{"rendered":"https:\/\/wydawnictwo.ug.edu.pl\/ksiegarnia-online\/uncategorized\/konstytucja-republiki-korei\/"},"modified":"2026-04-15T13:39:56","modified_gmt":"2026-04-15T13:39:56","slug":"konstytucja-republiki-korei","status":"publish","type":"product","link":"https:\/\/wydawnictwo.ug.edu.pl\/en\/ksiegarnia-online\/prawo-i-administracja\/konstytucja-republiki-korei\/","title":{"rendered":"Konstytucja Republiki Korei"},"content":{"rendered":"","protected":false},"excerpt":{"rendered":"<p>Jest to pierwsze t\u0142umaczenie Konstytucji Republiki Korei bezpo\u015brednio z j\u0119zyka korea\u0144skiego. Tekst konstytucji jest poprzedzony obszernym Wprowadzeniem autorstwa prawnika konstytucjonalisty, dra Marcina Micha\u0142a Wiszowatego, w kt\u00f3rym przedstawiona zosta\u0142a nie tylko historia polityczna Republiki Korei, ale te\u017c om\u00f3wiono najwa\u017cniejsze za\u0142o\u017cenia korea\u0144skiej ustawy zasadniczej oraz system polityczny pa\u0144stwa. Korea\u0144ska ustawa zasadnicza spe\u0142nia podstawowe standardy demokratyczne, ale w jej tre\u015bci nie brakuje rozwi\u0105za\u0144 oryginalnych, wynikaj\u0105cych ze specyfiki historycznej i politycznej pa\u0144stwa. Do tej pory by\u0142a dziewi\u0119ciokrotnie gruntownie nowelizowana.<\/p>\n<p>Seria: Biblioteka Studi\u00f3w Azji Wschodniej<\/p>\n","protected":false},"featured_media":49594,"template":"","meta":{"_acf_changed":false},"journal":[],"rodzaj":[2602,2604],"seria":[],"product_brand":[],"product_cat":[232],"product_tag":[8359],"class_list":{"0":"post-49595","1":"product","2":"type-product","3":"status-publish","4":"has-post-thumbnail","6":"rodzaj-ksiazki","7":"rodzaj-serie-wydawnicze","8":"product_cat-prawo-i-administracja","9":"product_tag-andrzej-diniejko","11":"first","12":"outofstock","13":"taxable","14":"shipping-taxable","15":"purchasable","16":"product-type-simple"},"acf":[],"_links":{"self":[{"href":"https:\/\/wydawnictwo.ug.edu.pl\/en\/wp-json\/wp\/v2\/product\/49595","targetHints":{"allow":["GET"]}}],"collection":[{"href":"https:\/\/wydawnictwo.ug.edu.pl\/en\/wp-json\/wp\/v2\/product"}],"about":[{"href":"https:\/\/wydawnictwo.ug.edu.pl\/en\/wp-json\/wp\/v2\/types\/product"}],"wp:featuredmedia":[{"embeddable":true,"href":"https:\/\/wydawnictwo.ug.edu.pl\/en\/wp-json\/wp\/v2\/media\/49594"}],"wp:attachment":[{"href":"https:\/\/wydawnictwo.ug.edu.pl\/en\/wp-json\/wp\/v2\/media?parent=49595"}],"wp:term":[{"taxonomy":"journal","embeddable":true,"href":"https:\/\/wydawnictwo.ug.edu.pl\/en\/wp-json\/wp\/v2\/journal?post=49595"},{"taxonomy":"rodzaj","embeddable":true,"href":"https:\/\/wydawnictwo.ug.edu.pl\/en\/wp-json\/wp\/v2\/rodzaj?post=49595"},{"taxonomy":"seria","embeddable":true,"href":"https:\/\/wydawnictwo.ug.edu.pl\/en\/wp-json\/wp\/v2\/seria?post=49595"},{"taxonomy":"product_brand","embeddable":true,"href":"https:\/\/wydawnictwo.ug.edu.pl\/en\/wp-json\/wp\/v2\/product_brand?post=49595"},{"taxonomy":"product_cat","embeddable":true,"href":"https:\/\/wydawnictwo.ug.edu.pl\/en\/wp-json\/wp\/v2\/product_cat?post=49595"},{"taxonomy":"product_tag","embeddable":true,"href":"https:\/\/wydawnictwo.ug.edu.pl\/en\/wp-json\/wp\/v2\/product_tag?post=49595"}],"curies":[{"name":"wp","href":"https:\/\/api.w.org\/{rel}","templated":true}]}}