{"id":49579,"date":"2026-04-15T11:43:18","date_gmt":"2026-04-15T11:43:18","guid":{"rendered":"https:\/\/wydawnictwo.ug.edu.pl\/ksiegarnia-online\/uncategorized\/kto-biega-jeszcze-szybciej-niz-blyskawica\/"},"modified":"2026-04-15T12:12:20","modified_gmt":"2026-04-15T12:12:20","slug":"kto-biega-jeszcze-szybciej-niz-blyskawica","status":"publish","type":"product","link":"https:\/\/wydawnictwo.ug.edu.pl\/en\/ksiegarnia-online\/poezja\/kto-biega-jeszcze-szybciej-niz-blyskawica\/","title":{"rendered":"Kto biega jeszcze szybciej ni\u017c b\u0142yskawica"},"content":{"rendered":"","protected":false},"excerpt":{"rendered":"<p>Huang Lihai\u00a0\u2013 wsp\u00f3\u0142czesny poeta i krytyk sztuki. Urodzi\u0142 si\u0119 w Xuwen, wysuni\u0119tym najdalej na po\u0142udnie powiecie Chin kontynentalnych.<\/p>\n<p>Utwory Huang Lihaia zosta\u0142y wy-brane do ponad trzystu antologii, m.in. do Akademickiego podr\u0119cznika j\u0119zyka i literatury chi\u0144skiej i Stuletniego kanonu nowej poezji chi\u0144skiej. Niniejszy tomik zawiera wybrane wiersze Lihaia w przek\u0142adzie prof. Wu Lan, ze wst\u0119pem Adama Zagajewskiego. Ksi\u0105\u017cka zosta\u0142a wzbogacona zdj\u0119ciami Przemys\u0142awa Rybi\u0144skiego, kt\u00f3re stanowi\u0105 ilustracj\u0119 do zawartych w tomie wierszy.<\/p>\n<p>Seria: Biblioteka Studi\u00f3w Azji Wschodniej<\/p>\n","protected":false},"featured_media":49578,"template":"","meta":{"_acf_changed":false},"journal":[],"rodzaj":[7074,7076],"seria":[],"product_brand":[],"product_cat":[7091],"product_tag":[8358,8126],"class_list":{"0":"post-49579","1":"product","2":"type-product","3":"status-publish","4":"has-post-thumbnail","6":"rodzaj-ksiazki","7":"rodzaj-serie-wydawnicze","8":"product_cat-poezja","9":"product_tag-huang-lihai","10":"product_tag-wu-lanwu-lan","12":"first","13":"outofstock","14":"taxable","15":"shipping-taxable","16":"product-type-simple"},"acf":[],"_links":{"self":[{"href":"https:\/\/wydawnictwo.ug.edu.pl\/en\/wp-json\/wp\/v2\/product\/49579","targetHints":{"allow":["GET"]}}],"collection":[{"href":"https:\/\/wydawnictwo.ug.edu.pl\/en\/wp-json\/wp\/v2\/product"}],"about":[{"href":"https:\/\/wydawnictwo.ug.edu.pl\/en\/wp-json\/wp\/v2\/types\/product"}],"wp:featuredmedia":[{"embeddable":true,"href":"https:\/\/wydawnictwo.ug.edu.pl\/en\/wp-json\/wp\/v2\/media\/49578"}],"wp:attachment":[{"href":"https:\/\/wydawnictwo.ug.edu.pl\/en\/wp-json\/wp\/v2\/media?parent=49579"}],"wp:term":[{"taxonomy":"journal","embeddable":true,"href":"https:\/\/wydawnictwo.ug.edu.pl\/en\/wp-json\/wp\/v2\/journal?post=49579"},{"taxonomy":"rodzaj","embeddable":true,"href":"https:\/\/wydawnictwo.ug.edu.pl\/en\/wp-json\/wp\/v2\/rodzaj?post=49579"},{"taxonomy":"seria","embeddable":true,"href":"https:\/\/wydawnictwo.ug.edu.pl\/en\/wp-json\/wp\/v2\/seria?post=49579"},{"taxonomy":"product_brand","embeddable":true,"href":"https:\/\/wydawnictwo.ug.edu.pl\/en\/wp-json\/wp\/v2\/product_brand?post=49579"},{"taxonomy":"product_cat","embeddable":true,"href":"https:\/\/wydawnictwo.ug.edu.pl\/en\/wp-json\/wp\/v2\/product_cat?post=49579"},{"taxonomy":"product_tag","embeddable":true,"href":"https:\/\/wydawnictwo.ug.edu.pl\/en\/wp-json\/wp\/v2\/product_tag?post=49579"}],"curies":[{"name":"wp","href":"https:\/\/api.w.org\/{rel}","templated":true}]}}