{"id":49571,"date":"2026-04-15T11:15:06","date_gmt":"2026-04-15T11:15:06","guid":{"rendered":"https:\/\/wydawnictwo.ug.edu.pl\/ksiegarnia-online\/uncategorized\/azja-wschodnia-w-oczach-polakow-wybor-tekstow-jozefa-wlodarskiego-z-lat-2001-2015\/"},"modified":"2026-04-15T12:12:22","modified_gmt":"2026-04-15T12:12:22","slug":"azja-wschodnia-w-oczach-polakow-wybor-tekstow-jozefa-wlodarskiego-z-lat-2001-2015","status":"publish","type":"product","link":"https:\/\/wydawnictwo.ug.edu.pl\/en\/ksiegarnia-online\/historia-sztuki-i-kulturoznawstwo\/azja-wschodnia-w-oczach-polakow-wybor-tekstow-jozefa-wlodarskiego-z-lat-2001-2015\/","title":{"rendered":"Azja Wschodnia w oczach Polak\u00f3w. Wyb\u00f3r tekst\u00f3w J\u00f3zefa W\u0142odarskiego z lat 2001\u20132015"},"content":{"rendered":"","protected":false},"excerpt":{"rendered":"<p>J\u00f3zef Arno W\u0142odarski w swej pracy naukowej, dydaktycznej i organizatorskiej wiele uwagi i wysi\u0142ku po\u015bwi\u0119ci\u0142 Azji Wschodniej \u2013 Chinom, Japonii, Korei, tak\u017ce Mongolii. Jest to wa\u017cna, cho\u0107 mo\u017ce wcale nie najwa\u017cniejsza cz\u0119\u015b\u0107 Jego dorobku. To m.in. dzi\u0119ki niemu w 2007 r. powsta\u0142o Centrum Studi\u00f3w Azji Wschodniej Uniwersytetu Gda\u0144skiego, a w 2014 r. na Uniwersytecie Gda\u0144skim zosta\u0142 powo\u0142any do \u017cycia Instytut Konfucjusza. Jako efekt jego inicjatyw i dzia\u0142a\u0144 nale\u017cy r\u00f3wnie\u017c wskaza\u0107 (\u2026) podpisanie porozumie\u0144 o wsp\u00f3\u0142pracy z wa\u017cnymi uniwersytetami w Chinach (\u2026). Ksi\u0105\u017cka niniejsza stanowi zbi\u00f3r jego tekst\u00f3w na temat Dalekiego Wschodu, przede wszystkim Chin.<\/p>\n<p>Seria: Biblioteka Studi\u00f3w Azji Wschodniej<\/p>\n","protected":false},"featured_media":49568,"template":"","meta":{"_acf_changed":false},"journal":[],"rodzaj":[7074,7076],"seria":[7079],"product_brand":[],"product_cat":[6936],"product_tag":[7417,7413],"class_list":{"0":"post-49571","1":"product","2":"type-product","3":"status-publish","4":"has-post-thumbnail","6":"rodzaj-ksiazki","7":"rodzaj-serie-wydawnicze","8":"seria-biblioteka-studiow-azji-wschodniej","9":"product_cat-historia-sztuki-i-kulturoznawstwo","10":"product_tag-joanna-kamienjoanna-kamien","11":"product_tag-kamil-zeidlerkamil-zeidler","13":"first","14":"outofstock","15":"taxable","16":"shipping-taxable","17":"product-type-simple"},"acf":[],"_links":{"self":[{"href":"https:\/\/wydawnictwo.ug.edu.pl\/en\/wp-json\/wp\/v2\/product\/49571","targetHints":{"allow":["GET"]}}],"collection":[{"href":"https:\/\/wydawnictwo.ug.edu.pl\/en\/wp-json\/wp\/v2\/product"}],"about":[{"href":"https:\/\/wydawnictwo.ug.edu.pl\/en\/wp-json\/wp\/v2\/types\/product"}],"wp:featuredmedia":[{"embeddable":true,"href":"https:\/\/wydawnictwo.ug.edu.pl\/en\/wp-json\/wp\/v2\/media\/49568"}],"wp:attachment":[{"href":"https:\/\/wydawnictwo.ug.edu.pl\/en\/wp-json\/wp\/v2\/media?parent=49571"}],"wp:term":[{"taxonomy":"journal","embeddable":true,"href":"https:\/\/wydawnictwo.ug.edu.pl\/en\/wp-json\/wp\/v2\/journal?post=49571"},{"taxonomy":"rodzaj","embeddable":true,"href":"https:\/\/wydawnictwo.ug.edu.pl\/en\/wp-json\/wp\/v2\/rodzaj?post=49571"},{"taxonomy":"seria","embeddable":true,"href":"https:\/\/wydawnictwo.ug.edu.pl\/en\/wp-json\/wp\/v2\/seria?post=49571"},{"taxonomy":"product_brand","embeddable":true,"href":"https:\/\/wydawnictwo.ug.edu.pl\/en\/wp-json\/wp\/v2\/product_brand?post=49571"},{"taxonomy":"product_cat","embeddable":true,"href":"https:\/\/wydawnictwo.ug.edu.pl\/en\/wp-json\/wp\/v2\/product_cat?post=49571"},{"taxonomy":"product_tag","embeddable":true,"href":"https:\/\/wydawnictwo.ug.edu.pl\/en\/wp-json\/wp\/v2\/product_tag?post=49571"}],"curies":[{"name":"wp","href":"https:\/\/api.w.org\/{rel}","templated":true}]}}