{"id":49565,"date":"2026-04-15T10:39:59","date_gmt":"2026-04-15T10:39:59","guid":{"rendered":"https:\/\/wydawnictwo.ug.edu.pl\/ksiegarnia-online\/uncategorized\/poczatki-wiedzy-o-chinach-w-polsce\/"},"modified":"2026-04-15T11:25:03","modified_gmt":"2026-04-15T11:25:03","slug":"poczatki-wiedzy-o-chinach-w-polsce","status":"publish","type":"product","link":"https:\/\/wydawnictwo.ug.edu.pl\/en\/ksiegarnia-online\/historia-sztuki-i-kulturoznawstwo\/poczatki-wiedzy-o-chinach-w-polsce\/","title":{"rendered":"Pocz\u0105tki wiedzy o Chinach w Polsce"},"content":{"rendered":"","protected":false},"excerpt":{"rendered":"<p>Niniejsza publikacja jest efektem konferencji\u00a0<em>Pocz\u0105tki wiedzy o Chinach w Polsce<\/em>, podczas kt\u00f3rej go\u015bcili\u015bmy na Uniwersytecie Gda\u0144skim grup\u0119 wybitnych uczonych z Peki\u0144skiego Uniwersytetu J\u0119zyk\u00f3w Obcych. Konferencja przypomnia\u0142a d\u0142ugie trwanie polskich zainteresowa\u0144 Pa\u0144stwem \u015arodka. \u015awiadcz\u0105 o tym wyg\u0142oszone podczas niej referaty, wchodz\u0105ce w sk\u0142ad ksi\u0105\u017cki. Pokazuj\u0105 one chiny jako kraj odleg\u0142y i nie zawsze dla Europejczyk\u00f3w zrozumia\u0142y, otwieraj\u0105 komnaty dworu cesarskiego, opowiadaj\u0105 o pierwszych wyprawach na te tereny, opisuj\u0105 elementy zaczerpni\u0119te z tamtejszej kultury i przeniesione na grunt polski, przywo\u0142uj\u0105 uniwersalne m\u0105dro\u015bci Wschodu, maluj\u0105 przed naszymi oczami smutny obraz wyzysku Chi\u0144czyk\u00f3w przez europejskich kolonist\u00f3w w XIX w., wreszcie roztaczaj\u0105 przed czytelnikiem cudown\u0105 krain\u0119 lat dziecinnych, chiny zapami\u0119tane oczami dziecka, dalekie i wieczne.<\/p>\n<p>Seria: Biblioteka Studi\u00f3w Azji Wschodniej<\/p>\n","protected":false},"featured_media":49562,"template":"","meta":{"_acf_changed":false},"journal":[],"rodzaj":[7074,7076],"seria":[7079],"product_brand":[],"product_cat":[6936],"product_tag":[8170,7773],"class_list":{"0":"post-49565","1":"product","2":"type-product","3":"status-publish","4":"has-post-thumbnail","6":"rodzaj-ksiazki","7":"rodzaj-serie-wydawnicze","8":"seria-biblioteka-studiow-azji-wschodniej","9":"product_cat-historia-sztuki-i-kulturoznawstwo","10":"product_tag-irena-kadulskairena-kadulska","11":"product_tag-jozef-arno-wlodarski","13":"first","14":"outofstock","15":"taxable","16":"shipping-taxable","17":"product-type-simple"},"acf":[],"_links":{"self":[{"href":"https:\/\/wydawnictwo.ug.edu.pl\/en\/wp-json\/wp\/v2\/product\/49565","targetHints":{"allow":["GET"]}}],"collection":[{"href":"https:\/\/wydawnictwo.ug.edu.pl\/en\/wp-json\/wp\/v2\/product"}],"about":[{"href":"https:\/\/wydawnictwo.ug.edu.pl\/en\/wp-json\/wp\/v2\/types\/product"}],"wp:featuredmedia":[{"embeddable":true,"href":"https:\/\/wydawnictwo.ug.edu.pl\/en\/wp-json\/wp\/v2\/media\/49562"}],"wp:attachment":[{"href":"https:\/\/wydawnictwo.ug.edu.pl\/en\/wp-json\/wp\/v2\/media?parent=49565"}],"wp:term":[{"taxonomy":"journal","embeddable":true,"href":"https:\/\/wydawnictwo.ug.edu.pl\/en\/wp-json\/wp\/v2\/journal?post=49565"},{"taxonomy":"rodzaj","embeddable":true,"href":"https:\/\/wydawnictwo.ug.edu.pl\/en\/wp-json\/wp\/v2\/rodzaj?post=49565"},{"taxonomy":"seria","embeddable":true,"href":"https:\/\/wydawnictwo.ug.edu.pl\/en\/wp-json\/wp\/v2\/seria?post=49565"},{"taxonomy":"product_brand","embeddable":true,"href":"https:\/\/wydawnictwo.ug.edu.pl\/en\/wp-json\/wp\/v2\/product_brand?post=49565"},{"taxonomy":"product_cat","embeddable":true,"href":"https:\/\/wydawnictwo.ug.edu.pl\/en\/wp-json\/wp\/v2\/product_cat?post=49565"},{"taxonomy":"product_tag","embeddable":true,"href":"https:\/\/wydawnictwo.ug.edu.pl\/en\/wp-json\/wp\/v2\/product_tag?post=49565"}],"curies":[{"name":"wp","href":"https:\/\/api.w.org\/{rel}","templated":true}]}}