{"id":49413,"date":"2026-04-01T11:15:01","date_gmt":"2026-04-01T11:15:01","guid":{"rendered":"https:\/\/wydawnictwo.ug.edu.pl\/ksiegarnia-online\/uncategorized\/reader-migracje-i-uchodzstwo\/"},"modified":"2026-04-23T06:01:19","modified_gmt":"2026-04-23T06:01:19","slug":"reader-migracje-i-uchodzstwo","status":"publish","type":"product","link":"https:\/\/wydawnictwo.ug.edu.pl\/en\/ksiegarnia-online\/nowosci\/reader-migracje-i-uchodzstwo\/","title":{"rendered":"Reader: Migracje i uchod\u017astwo"},"content":{"rendered":"","protected":false},"excerpt":{"rendered":"<p>Publikacja <em>Reader: Migracje i uchod\u017astwo<\/em>, w kt\u00f3rej zaoferowano zestaw narz\u0119dzi pedagogicznych do nauczania o migracjach i uchod\u017astwie, jest skierowana zar\u00f3wno do os\u00f3b zajmuj\u0105cych si\u0119 dydaktyk\u0105, ucz\u0105cych si\u0119 w szko\u0142ach \u015brednich i wy\u017cszych, jak i po prostu do wszystkich pragn\u0105cych poszerzy\u0107 swoj\u0105 wiedz\u0119 i \u015bwiadomie rozpoznawa\u0107 (<em>literacy<\/em>) zjawisko migracji. W poszczeg\u00f3lnych rozdzia\u0142ach przedstawiono uj\u0119cia teoretyczne, a tak\u017ce \u017ar\u00f3d\u0142owe materia\u0142y dydaktyczne \u2013 wywiady z osobami z do\u015bwiadczeniem migracji, komiks, sztuk\u0119 teatraln\u0105, opowiadanie, poezj\u0119, scenariusze warsztat\u00f3w (uzupe\u0142nione o zestawy temat\u00f3w i pyta\u0144 do dyskusji oraz proponowan\u0105 literatur\u0119) \u2013 stanowi\u0105ce oryginalne koncepcje zaj\u0119\u0107 na temat migracji i uchod\u017astwa.<\/p>\n<p>International Border Studies Center Series<\/p>\n","protected":false},"featured_media":49405,"template":"","meta":{"_acf_changed":false},"journal":[],"rodzaj":[],"seria":[],"product_brand":[],"product_cat":[7311],"product_tag":[],"class_list":{"0":"post-49413","1":"product","2":"type-product","3":"status-publish","4":"has-post-thumbnail","6":"product_cat-nowosci","8":"first","9":"instock","10":"taxable","11":"shipping-taxable","12":"purchasable","13":"product-type-simple"},"acf":[],"_links":{"self":[{"href":"https:\/\/wydawnictwo.ug.edu.pl\/en\/wp-json\/wp\/v2\/product\/49413","targetHints":{"allow":["GET"]}}],"collection":[{"href":"https:\/\/wydawnictwo.ug.edu.pl\/en\/wp-json\/wp\/v2\/product"}],"about":[{"href":"https:\/\/wydawnictwo.ug.edu.pl\/en\/wp-json\/wp\/v2\/types\/product"}],"wp:featuredmedia":[{"embeddable":true,"href":"https:\/\/wydawnictwo.ug.edu.pl\/en\/wp-json\/wp\/v2\/media\/49405"}],"wp:attachment":[{"href":"https:\/\/wydawnictwo.ug.edu.pl\/en\/wp-json\/wp\/v2\/media?parent=49413"}],"wp:term":[{"taxonomy":"journal","embeddable":true,"href":"https:\/\/wydawnictwo.ug.edu.pl\/en\/wp-json\/wp\/v2\/journal?post=49413"},{"taxonomy":"rodzaj","embeddable":true,"href":"https:\/\/wydawnictwo.ug.edu.pl\/en\/wp-json\/wp\/v2\/rodzaj?post=49413"},{"taxonomy":"seria","embeddable":true,"href":"https:\/\/wydawnictwo.ug.edu.pl\/en\/wp-json\/wp\/v2\/seria?post=49413"},{"taxonomy":"product_brand","embeddable":true,"href":"https:\/\/wydawnictwo.ug.edu.pl\/en\/wp-json\/wp\/v2\/product_brand?post=49413"},{"taxonomy":"product_cat","embeddable":true,"href":"https:\/\/wydawnictwo.ug.edu.pl\/en\/wp-json\/wp\/v2\/product_cat?post=49413"},{"taxonomy":"product_tag","embeddable":true,"href":"https:\/\/wydawnictwo.ug.edu.pl\/en\/wp-json\/wp\/v2\/product_tag?post=49413"}],"curies":[{"name":"wp","href":"https:\/\/api.w.org\/{rel}","templated":true}]}}