{"id":49389,"date":"2023-03-01T09:25:32","date_gmt":"2023-03-01T09:25:32","guid":{"rendered":"https:\/\/wydawnictwo.ug.edu.pl\/ksiegarnia-online\/uncategorized\/przezycia-i-podroze\/"},"modified":"2026-04-01T10:39:43","modified_gmt":"2026-04-01T10:39:43","slug":"przezycia-i-podroze","status":"publish","type":"product","link":"https:\/\/wydawnictwo.ug.edu.pl\/en\/ksiegarnia-online\/literatura-piekna\/przezycia-i-podroze\/","title":{"rendered":"Prze\u017cycia i podr\u00f3\u017ce. Na drodze poznawania w\u0142asnego ja"},"content":{"rendered":"","protected":false},"excerpt":{"rendered":"<p>Najwi\u0119cej jednak bezdyskusyjnie nauczy\u0142y mnie \u017cyciowe trudy, kryzysy i pora\u017cki. Przesz\u0142am niesamowicie zawi\u0142\u0105 drog\u0119, pocz\u0105wszy od cichutkiej, nie\u015bmia\u0142ej, zestresowanej i s\u0142abej psychicznie, schorowanej dziewczynki do niezale\u017cnej, wsp\u00f3\u0142zale\u017cnej z otoczeniem, odwa\u017cnej kobiety, kt\u00f3ra ma zdrowe poczucie w\u0142asnej warto\u015bci. Tak, dzi\u015b z dum\u0105 mog\u0119 to przyzna\u0107. Nie by\u0142o \u0142atwo. Nikt mnie nie uprzedzi\u0142, \u017ce \u017cycie mo\u017ce by\u0107 tak bolesne, skomplikowane, pe\u0142ne sprzeczno\u015bci i cierpienia. Nikt mnie przed tym nie uchroni\u0142. Po prostu si\u0119 urodzi\u0142am, dorasta\u0142am i musia\u0142am si\u0119 zmierzy\u0107 z tymi wszystkimi zawi\u0142o\u015bciami\u2026 Ca\u0142y czas nios\u0142am przy tym nadbaga\u017c w postaci ponadprzeci\u0119tnej wra\u017cliwo\u015bci. A\u017c pewnego dnia u\u015bwiadomi\u0142am sobie wreszcie, \u017ce my wszyscy nie mamy tu lekko. To w\u0142a\u015bnie przeciwno\u015bci losu i trudy nas kszta\u0142tuj\u0105. Ta \u015bwiadomo\u015b\u0107 by\u0142a jednym z powod\u00f3w, dla kt\u00f3rych postanowi\u0142am si\u0119 podzieli\u0107 z wami w\u0142asnymi do\u015bwiadczeniami, bo zapewne i wielu z was nie s\u0105 one obce.<\/p>\n<p>Ta ksi\u0105\u017cka jest mi\u0119dzy innymi o naszym zmaganiu si\u0119 z \u017cyciem, o poznawaniu i odkrywaniu siebie. Trudno jednak jednoznacznie okre\u015bli\u0107 jej temat. Jest ona konsekwentna w swojej r\u00f3\u017cnorodno\u015bci. Pisz\u0119 tu o emocjach, o warto\u015bciach, o prze\u017cyciach i do\u015bwiadczeniach, kt\u00f3re kreuj\u0105 nasze dni. A tak\u017ce o podr\u00f3\u017cach, kt\u00f3re s\u0105 nieod\u0142\u0105czn\u0105 cz\u0119\u015bci\u0105 mnie samej i mojej \u017cyciowej drogi.<\/p>\n<p style=\"text-align: right;\">Z Przedmowy<\/p>\n","protected":false},"featured_media":49385,"template":"","meta":{"_acf_changed":false},"journal":[],"rodzaj":[7074],"seria":[],"product_brand":[],"product_cat":[6979],"product_tag":[7659],"class_list":{"0":"post-49389","1":"product","2":"type-product","3":"status-publish","4":"has-post-thumbnail","6":"rodzaj-ksiazki","7":"product_cat-literatura-piekna","8":"product_tag-adrianna-baranadrianna-baran","10":"first","11":"instock","12":"taxable","13":"shipping-taxable","14":"purchasable","15":"product-type-simple"},"acf":[],"_links":{"self":[{"href":"https:\/\/wydawnictwo.ug.edu.pl\/en\/wp-json\/wp\/v2\/product\/49389","targetHints":{"allow":["GET"]}}],"collection":[{"href":"https:\/\/wydawnictwo.ug.edu.pl\/en\/wp-json\/wp\/v2\/product"}],"about":[{"href":"https:\/\/wydawnictwo.ug.edu.pl\/en\/wp-json\/wp\/v2\/types\/product"}],"wp:featuredmedia":[{"embeddable":true,"href":"https:\/\/wydawnictwo.ug.edu.pl\/en\/wp-json\/wp\/v2\/media\/49385"}],"wp:attachment":[{"href":"https:\/\/wydawnictwo.ug.edu.pl\/en\/wp-json\/wp\/v2\/media?parent=49389"}],"wp:term":[{"taxonomy":"journal","embeddable":true,"href":"https:\/\/wydawnictwo.ug.edu.pl\/en\/wp-json\/wp\/v2\/journal?post=49389"},{"taxonomy":"rodzaj","embeddable":true,"href":"https:\/\/wydawnictwo.ug.edu.pl\/en\/wp-json\/wp\/v2\/rodzaj?post=49389"},{"taxonomy":"seria","embeddable":true,"href":"https:\/\/wydawnictwo.ug.edu.pl\/en\/wp-json\/wp\/v2\/seria?post=49389"},{"taxonomy":"product_brand","embeddable":true,"href":"https:\/\/wydawnictwo.ug.edu.pl\/en\/wp-json\/wp\/v2\/product_brand?post=49389"},{"taxonomy":"product_cat","embeddable":true,"href":"https:\/\/wydawnictwo.ug.edu.pl\/en\/wp-json\/wp\/v2\/product_cat?post=49389"},{"taxonomy":"product_tag","embeddable":true,"href":"https:\/\/wydawnictwo.ug.edu.pl\/en\/wp-json\/wp\/v2\/product_tag?post=49389"}],"curies":[{"name":"wp","href":"https:\/\/api.w.org\/{rel}","templated":true}]}}