{"id":48941,"date":"2026-02-16T11:39:59","date_gmt":"2026-02-16T11:39:59","guid":{"rendered":"https:\/\/wydawnictwo.ug.edu.pl\/ksiegarnia-online\/uncategorized\/ibage-2025-nr-44-resilience-and-transformation-in-the-global-economy\/"},"modified":"2026-04-13T14:46:32","modified_gmt":"2026-04-13T14:46:32","slug":"ibage-2025-nr-44-resilience-and-transformation-in-the-global-economy","status":"publish","type":"product","link":"https:\/\/wydawnictwo.ug.edu.pl\/en\/ksiegarnia-online\/ekonomia\/ibage-2025-nr-44-resilience-and-transformation-in-the-global-economy\/","title":{"rendered":"IBAGE 2025, nr 44. Resilience and Transformation in the Global Economy"},"content":{"rendered":"","protected":false},"excerpt":{"rendered":"<p>Czasopismo \u201eInternational Business and Global Economy\u201d po\u015bwi\u0119cone jest problemom wsp\u00f3\u0142czesnej gospodarki \u015bwiatowej. Prezentowana tematyka obejmuje zagadnienia dotycz\u0105ce rozwoju rynku mi\u0119dzynarodowego, organizacji i zarz\u0105dzania procesami gospodarczymi oraz funkcjonowania rynk\u00f3w finansowych.<\/p>\n","protected":false},"featured_media":48852,"template":"","meta":{"_acf_changed":false},"journal":[7133],"rodzaj":[7077],"seria":[],"product_brand":[],"product_cat":[6934],"product_tag":[7488],"class_list":{"0":"post-48941","1":"product","2":"type-product","3":"status-publish","4":"has-post-thumbnail","6":"journal-international-business-and-global-economy","7":"rodzaj-czasopismo","8":"product_cat-ekonomia","9":"product_tag-dariusz-tloczynski","11":"first","12":"instock","13":"taxable","14":"shipping-taxable","15":"product-type-simple"},"acf":[],"_links":{"self":[{"href":"https:\/\/wydawnictwo.ug.edu.pl\/en\/wp-json\/wp\/v2\/product\/48941","targetHints":{"allow":["GET"]}}],"collection":[{"href":"https:\/\/wydawnictwo.ug.edu.pl\/en\/wp-json\/wp\/v2\/product"}],"about":[{"href":"https:\/\/wydawnictwo.ug.edu.pl\/en\/wp-json\/wp\/v2\/types\/product"}],"wp:featuredmedia":[{"embeddable":true,"href":"https:\/\/wydawnictwo.ug.edu.pl\/en\/wp-json\/wp\/v2\/media\/48852"}],"wp:attachment":[{"href":"https:\/\/wydawnictwo.ug.edu.pl\/en\/wp-json\/wp\/v2\/media?parent=48941"}],"wp:term":[{"taxonomy":"journal","embeddable":true,"href":"https:\/\/wydawnictwo.ug.edu.pl\/en\/wp-json\/wp\/v2\/journal?post=48941"},{"taxonomy":"rodzaj","embeddable":true,"href":"https:\/\/wydawnictwo.ug.edu.pl\/en\/wp-json\/wp\/v2\/rodzaj?post=48941"},{"taxonomy":"seria","embeddable":true,"href":"https:\/\/wydawnictwo.ug.edu.pl\/en\/wp-json\/wp\/v2\/seria?post=48941"},{"taxonomy":"product_brand","embeddable":true,"href":"https:\/\/wydawnictwo.ug.edu.pl\/en\/wp-json\/wp\/v2\/product_brand?post=48941"},{"taxonomy":"product_cat","embeddable":true,"href":"https:\/\/wydawnictwo.ug.edu.pl\/en\/wp-json\/wp\/v2\/product_cat?post=48941"},{"taxonomy":"product_tag","embeddable":true,"href":"https:\/\/wydawnictwo.ug.edu.pl\/en\/wp-json\/wp\/v2\/product_tag?post=48941"}],"curies":[{"name":"wp","href":"https:\/\/api.w.org\/{rel}","templated":true}]}}