{"id":48936,"date":"2026-02-17T09:02:58","date_gmt":"2026-02-17T09:02:58","guid":{"rendered":"https:\/\/wydawnictwo.ug.edu.pl\/ksiegarnia-online\/uncategorized\/amerykanskie-dystopie-xix-wieku-antologia-2\/"},"modified":"2026-02-24T12:16:06","modified_gmt":"2026-02-24T12:16:06","slug":"amerykanskie-dystopie-xix-wieku-antologia-2","status":"publish","type":"product","link":"https:\/\/wydawnictwo.ug.edu.pl\/en\/ksiegarnia-online\/literaturoznawstwo\/amerykanskie-dystopie-xix-wieku-antologia-2\/","title":{"rendered":"Ameryka\u0144skie dystopie XIX wieku. Antologia"},"content":{"rendered":"","protected":false},"excerpt":{"rendered":"<p>Tom z serii \u201eBibliotheca Utopiana II\u201d zatytu\u0142owany <em>Ameryka\u0144skie dystopie XIX wieku. Antologia<\/em> zawiera cztery utwory przedstawiaj\u0105ce \u015bwiaty, kt\u00f3rych konstrukcja pe\u0142ni funkcj\u0119 satyryczn\u0105 i dystopijn\u0105 zarazem. S\u0105 one reprezentatywne dla tendencji w dystopijnej literaturze ameryka\u0144skiej XIX w., zwi\u0105zanych z krytyk\u0105 coraz liczniej powstaj\u0105cych wyizolowanych od reszty spo\u0142ecze\u0144stwa komun utopijnych, negatywn\u0105 ocen\u0105 radykalnego feminizmu, kwestionowaniem nowych pomys\u0142\u00f3w na ca\u0142kowit\u0105 przebudow\u0119 spo\u0142ecze\u0144stwa zgodnie z ideami socjalistycznymi i komunistycznymi, a tak\u017ce zwi\u0105zanych z fenomenem literackim s\u0142ynnej utopii Edwarda Bellamy\u2019ego pt. <em>W roku 2000<\/em> (Looking Backward, 1887) \u2013 o bezprecedensowym wp\u0142ywie. Zainspirowa\u0142a ona wiele literackich \u201eodpowiedzi\u201d, w tym zamieszczony w antologii utw\u00f3r <em>Po roku 2000<\/em> autorstwa Richarda Michaelisa.<\/p>\n","protected":false},"featured_media":48862,"template":"","meta":{"_acf_changed":false},"journal":[],"rodzaj":[7074,7076],"seria":[7080],"product_brand":[],"product_cat":[6925,6979,7311],"product_tag":[7362],"class_list":{"0":"post-48936","1":"product","2":"type-product","3":"status-publish","4":"has-post-thumbnail","6":"rodzaj-ksiazki","7":"rodzaj-serie-wydawnicze","8":"seria-bibliotheca-utopiana-ii","9":"product_cat-literaturoznawstwo","10":"product_cat-literatura-piekna","11":"product_cat-nowosci","12":"product_tag-justyna-galant","14":"first","15":"instock","16":"taxable","17":"shipping-taxable","18":"purchasable","19":"product-type-simple"},"acf":[],"_links":{"self":[{"href":"https:\/\/wydawnictwo.ug.edu.pl\/en\/wp-json\/wp\/v2\/product\/48936","targetHints":{"allow":["GET"]}}],"collection":[{"href":"https:\/\/wydawnictwo.ug.edu.pl\/en\/wp-json\/wp\/v2\/product"}],"about":[{"href":"https:\/\/wydawnictwo.ug.edu.pl\/en\/wp-json\/wp\/v2\/types\/product"}],"wp:featuredmedia":[{"embeddable":true,"href":"https:\/\/wydawnictwo.ug.edu.pl\/en\/wp-json\/wp\/v2\/media\/48862"}],"wp:attachment":[{"href":"https:\/\/wydawnictwo.ug.edu.pl\/en\/wp-json\/wp\/v2\/media?parent=48936"}],"wp:term":[{"taxonomy":"journal","embeddable":true,"href":"https:\/\/wydawnictwo.ug.edu.pl\/en\/wp-json\/wp\/v2\/journal?post=48936"},{"taxonomy":"rodzaj","embeddable":true,"href":"https:\/\/wydawnictwo.ug.edu.pl\/en\/wp-json\/wp\/v2\/rodzaj?post=48936"},{"taxonomy":"seria","embeddable":true,"href":"https:\/\/wydawnictwo.ug.edu.pl\/en\/wp-json\/wp\/v2\/seria?post=48936"},{"taxonomy":"product_brand","embeddable":true,"href":"https:\/\/wydawnictwo.ug.edu.pl\/en\/wp-json\/wp\/v2\/product_brand?post=48936"},{"taxonomy":"product_cat","embeddable":true,"href":"https:\/\/wydawnictwo.ug.edu.pl\/en\/wp-json\/wp\/v2\/product_cat?post=48936"},{"taxonomy":"product_tag","embeddable":true,"href":"https:\/\/wydawnictwo.ug.edu.pl\/en\/wp-json\/wp\/v2\/product_tag?post=48936"}],"curies":[{"name":"wp","href":"https:\/\/api.w.org\/{rel}","templated":true}]}}