{"id":48925,"date":"2026-02-23T11:08:40","date_gmt":"2026-02-23T11:08:40","guid":{"rendered":"https:\/\/wydawnictwo.ug.edu.pl\/?post_type=product&#038;p=48925"},"modified":"2026-04-13T14:46:21","modified_gmt":"2026-04-13T14:46:21","slug":"archiwum-filozofii-prawa-i-filozofii-spolecznej-146-2026","status":"publish","type":"product","link":"https:\/\/wydawnictwo.ug.edu.pl\/en\/ksiegarnia-online\/prawo-i-administracja\/archiwum-filozofii-prawa-i-filozofii-spolecznej-146-2026\/","title":{"rendered":"Archiwum Filozofii Prawa i Filozofii Spo\u0142ecznej 1(46)\/2026"},"content":{"rendered":"","protected":false},"excerpt":{"rendered":"<p>\u201eArchiwum Filozofii Prawa i Filozofii Spo\u0142ecznej\u201d jest czasopismem naukowym w otwartym dost\u0119pie, wydawanym przez Stowarzyszenie Filozofii Prawa i Filozofii Spo\u0142ecznej \u2013 Sekcja Polska IVR, we wsp\u00f3\u0142pracy z Wydawnictwem Uniwersytetu Gda\u0144skiego i Wolters Kluwer Polska.<\/p>\n<p>Zakres tematyczny czasopisma obejmuje r\u00f3\u017cnorodne formy og\u00f3lnej refleksji nad prawem i jego otoczeniem, w tym przede wszystkim teori\u0119 i filozofi\u0119 prawa, filozofi\u0119 spo\u0142eczn\u0105, filozofi\u0119 polityczn\u0105 oraz socjologi\u0119 prawa.<\/p>\n","protected":false},"featured_media":48922,"template":"","meta":{"_acf_changed":false},"journal":[7059],"rodzaj":[7075,7077],"seria":[],"product_brand":[],"product_cat":[6932],"product_tag":[],"class_list":{"0":"post-48925","1":"product","2":"type-product","3":"status-publish","4":"has-post-thumbnail","6":"journal-archiwum-filozofii-prawa-i-filozofii-spolecznej","7":"rodzaj-e-book","8":"rodzaj-czasopismo","9":"product_cat-prawo-i-administracja","11":"first","12":"instock","13":"taxable","14":"shipping-taxable","15":"product-type-external"},"acf":[],"_links":{"self":[{"href":"https:\/\/wydawnictwo.ug.edu.pl\/en\/wp-json\/wp\/v2\/product\/48925","targetHints":{"allow":["GET"]}}],"collection":[{"href":"https:\/\/wydawnictwo.ug.edu.pl\/en\/wp-json\/wp\/v2\/product"}],"about":[{"href":"https:\/\/wydawnictwo.ug.edu.pl\/en\/wp-json\/wp\/v2\/types\/product"}],"wp:featuredmedia":[{"embeddable":true,"href":"https:\/\/wydawnictwo.ug.edu.pl\/en\/wp-json\/wp\/v2\/media\/48922"}],"wp:attachment":[{"href":"https:\/\/wydawnictwo.ug.edu.pl\/en\/wp-json\/wp\/v2\/media?parent=48925"}],"wp:term":[{"taxonomy":"journal","embeddable":true,"href":"https:\/\/wydawnictwo.ug.edu.pl\/en\/wp-json\/wp\/v2\/journal?post=48925"},{"taxonomy":"rodzaj","embeddable":true,"href":"https:\/\/wydawnictwo.ug.edu.pl\/en\/wp-json\/wp\/v2\/rodzaj?post=48925"},{"taxonomy":"seria","embeddable":true,"href":"https:\/\/wydawnictwo.ug.edu.pl\/en\/wp-json\/wp\/v2\/seria?post=48925"},{"taxonomy":"product_brand","embeddable":true,"href":"https:\/\/wydawnictwo.ug.edu.pl\/en\/wp-json\/wp\/v2\/product_brand?post=48925"},{"taxonomy":"product_cat","embeddable":true,"href":"https:\/\/wydawnictwo.ug.edu.pl\/en\/wp-json\/wp\/v2\/product_cat?post=48925"},{"taxonomy":"product_tag","embeddable":true,"href":"https:\/\/wydawnictwo.ug.edu.pl\/en\/wp-json\/wp\/v2\/product_tag?post=48925"}],"curies":[{"name":"wp","href":"https:\/\/api.w.org\/{rel}","templated":true}]}}