{"id":47019,"date":"2007-12-01T00:00:00","date_gmt":"2007-12-01T00:00:00","guid":{"rendered":"https:\/\/wydawnictwo.ug.edu.pl\/ksiegarnia-online\/uncategorized\/sila-powiesci\/"},"modified":"2026-02-11T16:36:21","modified_gmt":"2026-02-11T16:36:21","slug":"sila-powiesci","status":"publish","type":"product","link":"https:\/\/wydawnictwo.ug.edu.pl\/en\/ksiegarnia-online\/literaturoznawstwo\/sila-powiesci\/","title":{"rendered":"Si\u0142a powie\u015bci"},"content":{"rendered":"","protected":false},"excerpt":{"rendered":"<p>Szkic Rogera Caillois to jedna z najwa\u017cniejszych prac z zakresu socjologii literatury, omawiaj\u0105ca histori\u0119 gatunku, jego wp\u0142yw na czytelnik\u00f3w oraz przewidywan\u0105 ewolucj\u0119. Francuski eseista pokazuje tu funkcjonowanie powie\u015bci jako cz\u0119\u015bci ideologicznego mechanizmu narzucaj\u0105cego masom spo\u0142eczne role i warto\u015bci. Caillois odbiera powie\u015bci jej wywrotow\u0105 moc, podkre\u015blaj\u0105c bierno\u015b\u0107 lektury, jej kompensacyjny charakter oraz indywidualistyczn\u0105 natur\u0119 przenoszonych przez ni\u0105 mit\u00f3w.<\/p>\n","protected":false},"featured_media":15795,"template":"","meta":{"_acf_changed":false},"journal":[],"rodzaj":[7074,7076],"seria":[7539],"product_brand":[],"product_cat":[6925],"product_tag":[],"class_list":{"0":"post-47019","1":"product","2":"type-product","3":"status-publish","4":"has-post-thumbnail","6":"rodzaj-ksiazki","7":"rodzaj-serie-wydawnicze","8":"seria-literatura-i-okolice","9":"product_cat-literaturoznawstwo","10":"pa_rok-wydania-2008-en","12":"first","13":"outofstock","14":"taxable","15":"shipping-taxable","16":"purchasable","17":"product-type-simple"},"acf":[],"_links":{"self":[{"href":"https:\/\/wydawnictwo.ug.edu.pl\/en\/wp-json\/wp\/v2\/product\/47019","targetHints":{"allow":["GET"]}}],"collection":[{"href":"https:\/\/wydawnictwo.ug.edu.pl\/en\/wp-json\/wp\/v2\/product"}],"about":[{"href":"https:\/\/wydawnictwo.ug.edu.pl\/en\/wp-json\/wp\/v2\/types\/product"}],"wp:featuredmedia":[{"embeddable":true,"href":"https:\/\/wydawnictwo.ug.edu.pl\/en\/wp-json\/wp\/v2\/media\/15795"}],"wp:attachment":[{"href":"https:\/\/wydawnictwo.ug.edu.pl\/en\/wp-json\/wp\/v2\/media?parent=47019"}],"wp:term":[{"taxonomy":"journal","embeddable":true,"href":"https:\/\/wydawnictwo.ug.edu.pl\/en\/wp-json\/wp\/v2\/journal?post=47019"},{"taxonomy":"rodzaj","embeddable":true,"href":"https:\/\/wydawnictwo.ug.edu.pl\/en\/wp-json\/wp\/v2\/rodzaj?post=47019"},{"taxonomy":"seria","embeddable":true,"href":"https:\/\/wydawnictwo.ug.edu.pl\/en\/wp-json\/wp\/v2\/seria?post=47019"},{"taxonomy":"product_brand","embeddable":true,"href":"https:\/\/wydawnictwo.ug.edu.pl\/en\/wp-json\/wp\/v2\/product_brand?post=47019"},{"taxonomy":"product_cat","embeddable":true,"href":"https:\/\/wydawnictwo.ug.edu.pl\/en\/wp-json\/wp\/v2\/product_cat?post=47019"},{"taxonomy":"product_tag","embeddable":true,"href":"https:\/\/wydawnictwo.ug.edu.pl\/en\/wp-json\/wp\/v2\/product_tag?post=47019"}],"curies":[{"name":"wp","href":"https:\/\/api.w.org\/{rel}","templated":true}]}}