{"id":47015,"date":"2009-11-29T00:00:00","date_gmt":"2009-11-29T00:00:00","guid":{"rendered":"https:\/\/wydawnictwo.ug.edu.pl\/ksiegarnia-online\/uncategorized\/porta-aurea-9\/"},"modified":"2026-02-11T16:36:26","modified_gmt":"2026-02-11T16:36:26","slug":"porta-aurea-9","status":"publish","type":"product","link":"https:\/\/wydawnictwo.ug.edu.pl\/en\/ksiegarnia-online\/historia-sztuki-i-kulturoznawstwo\/porta-aurea-9\/","title":{"rendered":"Porta Aurea 9"},"content":{"rendered":"","protected":false},"excerpt":{"rendered":"<p>Czasopismo to jest tworzone z my\u015bl\u0105 o czytelnikach zainteresowanych histori\u0105 sztuki i architektury, a tematycznie koncentruje si\u0119 na zagadnieniach artystycznych basenu Morza Ba\u0142tyckiego. Profilowanie to nie jest jednak wy\u0142\u0105czne, g\u0142\u00f3wny trzon ka\u017cdego tomu stanowi\u0105 artyku\u0142y po\u015bwi\u0119cone sztuce Gda\u0144ska, czy szerzej Tr\u00f3jmiasta, Pomorza, p\u00f3\u0142nocnych Niemiec, kraj\u00f3w ba\u0142tyckich i Skandynawii.<\/p>\n<p>Czasopismo <a href=\"https:\/\/czasopisma.bg.ug.edu.pl\/index.php\/portaaurea\/index\">w wersji elektronicznej<\/a>.<\/p>\n","protected":false},"featured_media":17723,"template":"","meta":{"_acf_changed":false},"journal":[7065],"rodzaj":[7077],"seria":[],"product_brand":[],"product_cat":[6936],"product_tag":[7520,7521],"class_list":{"0":"post-47015","1":"product","2":"type-product","3":"status-publish","4":"has-post-thumbnail","6":"journal-porta-aurea","7":"rodzaj-czasopismo","8":"product_cat-historia-sztuki-i-kulturoznawstwo","9":"product_tag-jacek-friedrich","10":"product_tag-malgorzata-omilanowskamalgorzata-omilanowska","12":"first","13":"outofstock","14":"taxable","15":"shipping-taxable","16":"purchasable","17":"product-type-simple"},"acf":[],"_links":{"self":[{"href":"https:\/\/wydawnictwo.ug.edu.pl\/en\/wp-json\/wp\/v2\/product\/47015","targetHints":{"allow":["GET"]}}],"collection":[{"href":"https:\/\/wydawnictwo.ug.edu.pl\/en\/wp-json\/wp\/v2\/product"}],"about":[{"href":"https:\/\/wydawnictwo.ug.edu.pl\/en\/wp-json\/wp\/v2\/types\/product"}],"wp:featuredmedia":[{"embeddable":true,"href":"https:\/\/wydawnictwo.ug.edu.pl\/en\/wp-json\/wp\/v2\/media\/17723"}],"wp:attachment":[{"href":"https:\/\/wydawnictwo.ug.edu.pl\/en\/wp-json\/wp\/v2\/media?parent=47015"}],"wp:term":[{"taxonomy":"journal","embeddable":true,"href":"https:\/\/wydawnictwo.ug.edu.pl\/en\/wp-json\/wp\/v2\/journal?post=47015"},{"taxonomy":"rodzaj","embeddable":true,"href":"https:\/\/wydawnictwo.ug.edu.pl\/en\/wp-json\/wp\/v2\/rodzaj?post=47015"},{"taxonomy":"seria","embeddable":true,"href":"https:\/\/wydawnictwo.ug.edu.pl\/en\/wp-json\/wp\/v2\/seria?post=47015"},{"taxonomy":"product_brand","embeddable":true,"href":"https:\/\/wydawnictwo.ug.edu.pl\/en\/wp-json\/wp\/v2\/product_brand?post=47015"},{"taxonomy":"product_cat","embeddable":true,"href":"https:\/\/wydawnictwo.ug.edu.pl\/en\/wp-json\/wp\/v2\/product_cat?post=47015"},{"taxonomy":"product_tag","embeddable":true,"href":"https:\/\/wydawnictwo.ug.edu.pl\/en\/wp-json\/wp\/v2\/product_tag?post=47015"}],"curies":[{"name":"wp","href":"https:\/\/api.w.org\/{rel}","templated":true}]}}