{"id":47008,"date":"2010-11-30T00:00:00","date_gmt":"2010-11-30T00:00:00","guid":{"rendered":"https:\/\/wydawnictwo.ug.edu.pl\/ksiegarnia-online\/uncategorized\/cwiczenia-laboratoryjne-z-chemii-ogolnej-i-czesc-teoretyczna\/"},"modified":"2026-02-18T09:34:58","modified_gmt":"2026-02-18T09:34:58","slug":"cwiczenia-laboratoryjne-z-chemii-ogolnej-i-czesc-teoretyczna","status":"publish","type":"product","link":"https:\/\/wydawnictwo.ug.edu.pl\/en\/ksiegarnia-online\/chemia-i-fizyka\/cwiczenia-laboratoryjne-z-chemii-ogolnej-i-czesc-teoretyczna\/","title":{"rendered":"\u0106wiczenia laboratoryjne z chemii og\u00f3lnej I. Cz\u0119\u015b\u0107 teoretyczna"},"content":{"rendered":"","protected":false},"excerpt":{"rendered":"","protected":false},"featured_media":16320,"template":"","meta":{"_acf_changed":false},"journal":[],"rodzaj":[2605],"seria":[],"product_brand":[],"product_cat":[277],"product_tag":[8318,8321,8312,8320,8323,8324,8310,8322,991,8319,8311],"class_list":{"0":"post-47008","1":"product","2":"type-product","3":"status-publish","4":"has-post-thumbnail","6":"rodzaj-podreczniki","7":"product_cat-chemia-i-fizyka","8":"product_tag-agnieszka-chylewska","9":"product_tag-dagmara-jacewicz","10":"product_tag-dariusz-wyrzykowski","11":"product_tag-edward-gleich","12":"product_tag-emilia-styczen","13":"product_tag-grazyna-wawrzyniak","14":"product_tag-henryk-myszka","15":"product_tag-joanna-makowska","16":"product_tag-lech-chmurzynski","17":"product_tag-malgorzata-czaja","18":"product_tag-marianna-nesterowicz","19":"pa_rok-wydania-860","21":"first","22":"instock","23":"taxable","24":"shipping-taxable","25":"purchasable","26":"product-type-simple"},"acf":[],"_links":{"self":[{"href":"https:\/\/wydawnictwo.ug.edu.pl\/en\/wp-json\/wp\/v2\/product\/47008","targetHints":{"allow":["GET"]}}],"collection":[{"href":"https:\/\/wydawnictwo.ug.edu.pl\/en\/wp-json\/wp\/v2\/product"}],"about":[{"href":"https:\/\/wydawnictwo.ug.edu.pl\/en\/wp-json\/wp\/v2\/types\/product"}],"wp:featuredmedia":[{"embeddable":true,"href":"https:\/\/wydawnictwo.ug.edu.pl\/en\/wp-json\/wp\/v2\/media\/16320"}],"wp:attachment":[{"href":"https:\/\/wydawnictwo.ug.edu.pl\/en\/wp-json\/wp\/v2\/media?parent=47008"}],"wp:term":[{"taxonomy":"journal","embeddable":true,"href":"https:\/\/wydawnictwo.ug.edu.pl\/en\/wp-json\/wp\/v2\/journal?post=47008"},{"taxonomy":"rodzaj","embeddable":true,"href":"https:\/\/wydawnictwo.ug.edu.pl\/en\/wp-json\/wp\/v2\/rodzaj?post=47008"},{"taxonomy":"seria","embeddable":true,"href":"https:\/\/wydawnictwo.ug.edu.pl\/en\/wp-json\/wp\/v2\/seria?post=47008"},{"taxonomy":"product_brand","embeddable":true,"href":"https:\/\/wydawnictwo.ug.edu.pl\/en\/wp-json\/wp\/v2\/product_brand?post=47008"},{"taxonomy":"product_cat","embeddable":true,"href":"https:\/\/wydawnictwo.ug.edu.pl\/en\/wp-json\/wp\/v2\/product_cat?post=47008"},{"taxonomy":"product_tag","embeddable":true,"href":"https:\/\/wydawnictwo.ug.edu.pl\/en\/wp-json\/wp\/v2\/product_tag?post=47008"}],"curies":[{"name":"wp","href":"https:\/\/api.w.org\/{rel}","templated":true}]}}