{"id":47005,"date":"2010-12-01T00:00:00","date_gmt":"2010-12-01T00:00:00","guid":{"rendered":"https:\/\/wydawnictwo.ug.edu.pl\/ksiegarnia-online\/uncategorized\/cwiczenia-laboratoryjne-z-chemii-ogolnej-ii-czesc-doswiadczalna\/"},"modified":"2026-02-18T09:33:06","modified_gmt":"2026-02-18T09:33:06","slug":"cwiczenia-laboratoryjne-z-chemii-ogolnej-ii-czesc-doswiadczalna","status":"publish","type":"product","link":"https:\/\/wydawnictwo.ug.edu.pl\/en\/ksiegarnia-online\/chemia-i-fizyka\/cwiczenia-laboratoryjne-z-chemii-ogolnej-ii-czesc-doswiadczalna\/","title":{"rendered":"\u0106wiczenia laboratoryjne z chemii og\u00f3lnej II. Cz\u0119\u015b\u0107 do\u015bwiadczalna"},"content":{"rendered":"","protected":false},"excerpt":{"rendered":"<p><a href=\"http:\/\/www.ibuk.pl\/fiszka\/135066\/cwiczenia-laboratoryjne-z-chemii-ogolnej-ii.html\">Dost\u0119p do wersji elektronicznej<\/a><\/p>\n","protected":false},"featured_media":16321,"template":"","meta":{"_acf_changed":false},"journal":[],"rodzaj":[7330],"seria":[],"product_brand":[],"product_cat":[7308],"product_tag":[8325,8326,8314,8327,8328,8329,8315,8330,8248,8331,8316,8317],"class_list":{"0":"post-47005","1":"product","2":"type-product","3":"status-publish","4":"has-post-thumbnail","6":"rodzaj-schoolbook","7":"product_cat-chemia-i-fizyka","8":"product_tag-agnieszka-chylewska","9":"product_tag-dagmara-jacewicz","10":"product_tag-dariusz-wyrzykowski","11":"product_tag-edward-gleich","12":"product_tag-emilia-styczen","13":"product_tag-grazyna-wawrzyniak","14":"product_tag-henryk-myszka","15":"product_tag-joanna-makowska","16":"product_tag-lech-chmurzynski","17":"product_tag-malgorzata-czaja","18":"product_tag-marianna-nesterowicz","19":"product_tag-mariusz-makowski","20":"pa_rok-wydania-2011-en","22":"first","23":"outofstock","24":"taxable","25":"shipping-taxable","26":"purchasable","27":"product-type-simple"},"acf":[],"_links":{"self":[{"href":"https:\/\/wydawnictwo.ug.edu.pl\/en\/wp-json\/wp\/v2\/product\/47005","targetHints":{"allow":["GET"]}}],"collection":[{"href":"https:\/\/wydawnictwo.ug.edu.pl\/en\/wp-json\/wp\/v2\/product"}],"about":[{"href":"https:\/\/wydawnictwo.ug.edu.pl\/en\/wp-json\/wp\/v2\/types\/product"}],"wp:featuredmedia":[{"embeddable":true,"href":"https:\/\/wydawnictwo.ug.edu.pl\/en\/wp-json\/wp\/v2\/media\/16321"}],"wp:attachment":[{"href":"https:\/\/wydawnictwo.ug.edu.pl\/en\/wp-json\/wp\/v2\/media?parent=47005"}],"wp:term":[{"taxonomy":"journal","embeddable":true,"href":"https:\/\/wydawnictwo.ug.edu.pl\/en\/wp-json\/wp\/v2\/journal?post=47005"},{"taxonomy":"rodzaj","embeddable":true,"href":"https:\/\/wydawnictwo.ug.edu.pl\/en\/wp-json\/wp\/v2\/rodzaj?post=47005"},{"taxonomy":"seria","embeddable":true,"href":"https:\/\/wydawnictwo.ug.edu.pl\/en\/wp-json\/wp\/v2\/seria?post=47005"},{"taxonomy":"product_brand","embeddable":true,"href":"https:\/\/wydawnictwo.ug.edu.pl\/en\/wp-json\/wp\/v2\/product_brand?post=47005"},{"taxonomy":"product_cat","embeddable":true,"href":"https:\/\/wydawnictwo.ug.edu.pl\/en\/wp-json\/wp\/v2\/product_cat?post=47005"},{"taxonomy":"product_tag","embeddable":true,"href":"https:\/\/wydawnictwo.ug.edu.pl\/en\/wp-json\/wp\/v2\/product_tag?post=47005"}],"curies":[{"name":"wp","href":"https:\/\/api.w.org\/{rel}","templated":true}]}}