{"id":47001,"date":"2011-11-30T00:00:00","date_gmt":"2011-11-30T00:00:00","guid":{"rendered":"https:\/\/wydawnictwo.ug.edu.pl\/ksiegarnia-online\/uncategorized\/shakesplorations-essays-in-honour-of-professor-marta-gibinska\/"},"modified":"2026-02-11T16:34:52","modified_gmt":"2026-02-11T16:34:52","slug":"shakesplorations-essays-in-honour-of-professor-marta-gibinska","status":"publish","type":"product","link":"https:\/\/wydawnictwo.ug.edu.pl\/en\/ksiegarnia-online\/literaturoznawstwo\/shakesplorations-essays-in-honour-of-professor-marta-gibinska\/","title":{"rendered":"Shakesplorations. Essays in Honour of Professor Marta Gibi\u0144ska"},"content":{"rendered":"","protected":false},"excerpt":{"rendered":"<p>Ksi\u0105\u017cka stanowi zbi\u00f3r artyku\u0142\u00f3w czo\u0142owych szekspirolog\u00f3w z Polski i zagranicy, reprezentuj\u0105cych r\u00f3\u017cne pokolenia i rozmaite nurty metodologiczne. Podj\u0119te zagadnienia tworz\u0105 wachlarz tematyczny dzisiejszej nauki, pocz\u0105wszy od spraw edytorstwa naukowego, poprzez analiz\u0119 tekstu, po om\u00f3wienia realizacji inscenizacyjnych. Dzi\u0119ki temu czytelnik otrzymuje kompendium wiedzy o Szekspirze, kt\u00f3rego dzie\u0142a na\u015bwietlane s\u0105 z rozmaitych perspektyw i przy u\u017cyciu r\u00f3\u017cnych narz\u0119dzi badawczych. Nie koncentruj\u0105c si\u0119 na jednym zagadnieniu (dziele), ksi\u0105\u017cka daje wgl\u0105d w wielo\u015b\u0107 nurt\u00f3w badawczych dzisiejszej szekspirologii. Z tego te\u017c powodu b\u0119dzie przydatna zar\u00f3wno dla badaczy, jak i dla student\u00f3w.<\/p>\n","protected":false},"featured_media":15440,"template":"","meta":{"_acf_changed":false},"journal":[],"rodzaj":[7074],"seria":[],"product_brand":[],"product_cat":[6925],"product_tag":[],"class_list":{"0":"post-47001","1":"product","2":"type-product","3":"status-publish","4":"has-post-thumbnail","6":"rodzaj-ksiazki","7":"product_cat-literaturoznawstwo","9":"first","10":"outofstock","11":"downloadable","12":"taxable","13":"shipping-taxable","14":"product-type-simple"},"acf":[],"_links":{"self":[{"href":"https:\/\/wydawnictwo.ug.edu.pl\/en\/wp-json\/wp\/v2\/product\/47001","targetHints":{"allow":["GET"]}}],"collection":[{"href":"https:\/\/wydawnictwo.ug.edu.pl\/en\/wp-json\/wp\/v2\/product"}],"about":[{"href":"https:\/\/wydawnictwo.ug.edu.pl\/en\/wp-json\/wp\/v2\/types\/product"}],"wp:featuredmedia":[{"embeddable":true,"href":"https:\/\/wydawnictwo.ug.edu.pl\/en\/wp-json\/wp\/v2\/media\/15440"}],"wp:attachment":[{"href":"https:\/\/wydawnictwo.ug.edu.pl\/en\/wp-json\/wp\/v2\/media?parent=47001"}],"wp:term":[{"taxonomy":"journal","embeddable":true,"href":"https:\/\/wydawnictwo.ug.edu.pl\/en\/wp-json\/wp\/v2\/journal?post=47001"},{"taxonomy":"rodzaj","embeddable":true,"href":"https:\/\/wydawnictwo.ug.edu.pl\/en\/wp-json\/wp\/v2\/rodzaj?post=47001"},{"taxonomy":"seria","embeddable":true,"href":"https:\/\/wydawnictwo.ug.edu.pl\/en\/wp-json\/wp\/v2\/seria?post=47001"},{"taxonomy":"product_brand","embeddable":true,"href":"https:\/\/wydawnictwo.ug.edu.pl\/en\/wp-json\/wp\/v2\/product_brand?post=47001"},{"taxonomy":"product_cat","embeddable":true,"href":"https:\/\/wydawnictwo.ug.edu.pl\/en\/wp-json\/wp\/v2\/product_cat?post=47001"},{"taxonomy":"product_tag","embeddable":true,"href":"https:\/\/wydawnictwo.ug.edu.pl\/en\/wp-json\/wp\/v2\/product_tag?post=47001"}],"curies":[{"name":"wp","href":"https:\/\/api.w.org\/{rel}","templated":true}]}}