{"id":46999,"date":"2011-11-30T01:00:00","date_gmt":"2011-11-30T01:00:00","guid":{"rendered":"https:\/\/wydawnictwo.ug.edu.pl\/ksiegarnia-online\/uncategorized\/kurlandia-w-latach-1795-1915\/"},"modified":"2026-02-11T16:34:45","modified_gmt":"2026-02-11T16:34:45","slug":"kurlandia-w-latach-1795-1915","status":"publish","type":"product","link":"https:\/\/wydawnictwo.ug.edu.pl\/en\/ksiegarnia-online\/historia\/kurlandia-w-latach-1795-1915\/","title":{"rendered":"Kurlandia w latach 1795-1915"},"content":{"rendered":"","protected":false},"excerpt":{"rendered":"<p style=\"text-align: justify;\">Autor postawi\u0142 sobie za cel przedstawienie w jednym tomie mo\u017cliwie szerokiego wachlarza opisywanych fakt\u00f3w, os\u00f3b i cech specyficznych dla guberni kurlandzkiej w omawianym okresie (&#8230;). R\u00f3wnolegle \u201eg\u0142\u00f3wnym celem pracy by\u0142o ukazanie zwi\u0105zk\u00f3w guberni kurlandzkiej z ziemiami polskimi, na kartach pracy starano si\u0119 uwypukli\u0107 rol\u0119, jak\u0105 odgrywali Polacy na tym terenie\u201d (&#8230;) autorowi uda\u0142o si\u0119 zrealizowa\u0107 obydwa wskazane cele. (&#8230;) Do napisania obszernego tomu, zawieraj\u0105cego imponuj\u0105c\u0105 ilo\u015b\u0107 r\u00f3\u017cnorodnych informacji, pos\u0142u\u017cy\u0142a r\u00f3wnie imponuj\u0105ca kwerenda \u017ar\u00f3d\u0142owa (&#8230;) Rozprawa dr. Janickiego jest typowo materia\u0142owa. (&#8230;) spore jej fragmenty maj\u0105 charakter kompendium, s\u0142ownika biograficznego czy historyczno-geograficznego a nawet kroniki, ale takie faktograficzne opracowania s\u0105 bardzo potrzebne, je\u017celi ich przedmiotem jest &#8211; pod wieloma wzgl\u0119dami &#8211; terra incognita. (&#8230;) pracowita analiza \u017ar\u00f3de\u0142 r\u0119kopi\u015bmiennych w wielu przypadkach doprowadzi\u0142a do poprawienia pomy\u0142ek i nie\u015bcis\u0142ych s\u0105d\u00f3w dawniejszej polskiej i nie tylko polskiej publicystyki i historiografii. (&#8230;) W przysz\u0142o\u015bci za\u015b ka\u017cdy polski i nie tylko polski historyk, kt\u00f3ry zechcia\u0142by napisa\u0107 cokolwiek nowego o Kurlandii, b\u0119dzie musia\u0142 si\u0119gn\u0105\u0107 po niniejsze dzie\u0142o.<\/p>\n<p style=\"text-align: right;\"><em>z recenzji wydawniczej prof. dr. hab. Andrzeja Szwarca<\/em><\/p>\n<p style=\"text-align: justify;\">Ksi\u0105\u017cka Arkadiusza Janickiego\u00a0<em>Kurlandia w latach 1795\u20131915. Z dziej\u00f3w guberni i jej polskiej mniejszo\u015bci<\/em>\u00a0otrzyma\u0142a nagrod\u0119 \u201e<em>Przegl\u0105du Wschodniego<\/em>\u201d.<\/p>\n","protected":false},"featured_media":16110,"template":"","meta":{"_acf_changed":false},"journal":[],"rodzaj":[],"seria":[],"product_brand":[],"product_cat":[6958],"product_tag":[7608],"class_list":{"0":"post-46999","1":"product","2":"type-product","3":"status-publish","4":"has-post-thumbnail","6":"product_cat-historia","7":"product_tag-arkadiusz-janickiarkadiusz-janicki","8":"pa_rok-wydania-2012-en","10":"first","11":"outofstock","12":"taxable","13":"shipping-taxable","14":"purchasable","15":"product-type-simple"},"acf":[],"_links":{"self":[{"href":"https:\/\/wydawnictwo.ug.edu.pl\/en\/wp-json\/wp\/v2\/product\/46999","targetHints":{"allow":["GET"]}}],"collection":[{"href":"https:\/\/wydawnictwo.ug.edu.pl\/en\/wp-json\/wp\/v2\/product"}],"about":[{"href":"https:\/\/wydawnictwo.ug.edu.pl\/en\/wp-json\/wp\/v2\/types\/product"}],"wp:featuredmedia":[{"embeddable":true,"href":"https:\/\/wydawnictwo.ug.edu.pl\/en\/wp-json\/wp\/v2\/media\/16110"}],"wp:attachment":[{"href":"https:\/\/wydawnictwo.ug.edu.pl\/en\/wp-json\/wp\/v2\/media?parent=46999"}],"wp:term":[{"taxonomy":"journal","embeddable":true,"href":"https:\/\/wydawnictwo.ug.edu.pl\/en\/wp-json\/wp\/v2\/journal?post=46999"},{"taxonomy":"rodzaj","embeddable":true,"href":"https:\/\/wydawnictwo.ug.edu.pl\/en\/wp-json\/wp\/v2\/rodzaj?post=46999"},{"taxonomy":"seria","embeddable":true,"href":"https:\/\/wydawnictwo.ug.edu.pl\/en\/wp-json\/wp\/v2\/seria?post=46999"},{"taxonomy":"product_brand","embeddable":true,"href":"https:\/\/wydawnictwo.ug.edu.pl\/en\/wp-json\/wp\/v2\/product_brand?post=46999"},{"taxonomy":"product_cat","embeddable":true,"href":"https:\/\/wydawnictwo.ug.edu.pl\/en\/wp-json\/wp\/v2\/product_cat?post=46999"},{"taxonomy":"product_tag","embeddable":true,"href":"https:\/\/wydawnictwo.ug.edu.pl\/en\/wp-json\/wp\/v2\/product_tag?post=46999"}],"curies":[{"name":"wp","href":"https:\/\/api.w.org\/{rel}","templated":true}]}}