{"id":46994,"date":"2012-11-30T00:00:00","date_gmt":"2012-11-30T00:00:00","guid":{"rendered":"https:\/\/wydawnictwo.ug.edu.pl\/ksiegarnia-online\/uncategorized\/poets-of-the-past-poets-of-the-present\/"},"modified":"2026-02-11T16:34:50","modified_gmt":"2026-02-11T16:34:50","slug":"poets-of-the-past-poets-of-the-present","status":"publish","type":"product","link":"https:\/\/wydawnictwo.ug.edu.pl\/en\/ksiegarnia-online\/literaturoznawstwo\/poets-of-the-past-poets-of-the-present\/","title":{"rendered":"Poets of the Past. Poets of the Present"},"content":{"rendered":"","protected":false},"excerpt":{"rendered":"<p>Zbi\u00f3r artyku\u0142\u00f3w\u00a0<em>Poets of the past.\u00a0<\/em><em>Poets of the Present<\/em>, stanowi\u0105cy uzupe\u0142nienie oraz kontynuacj\u0119 tematyki poruszonej w 3. tomie serii\u00a0<em>between.pomi\u0119dzy,<\/em>\u00a0porusza problem wp\u0142ywu poezji modernizmu na poezj\u0119 wsp\u00f3\u0142czesn\u0105. Omawiane s\u0105 odniesienia, odrzucenia, zapo\u017cyczenia poezji pocz\u0105tku dwudziestego wieku, widoczne we wsp\u00f3\u0142czesnej poezji angloj\u0119zycznej, a tak\u017ce w literaturze polskiej, francuskiej i w\u0142oskiej. Artyku\u0142y skupione s\u0105 na wsp\u00f3\u0142czesnej i modernistycznej poezji, a ich autorzy analizuj\u0105 nawi\u0105zania poet\u00f3w wsp\u00f3\u0142czesnych do tw\u00f3rczo\u015bci z pierwszej po\u0142owy dwudziestego wieku. Przywo\u0142ywani s\u0105, mi\u0119dzy innymi. T. S. Eliot, W. H. Auden, Ezra Pound, H. D., Boles\u0142aw Le\u015bmian oraz Gertruda Stein. Czwarty tom serii\u00a0<em>between.pomi\u0119dzy\u00a0<\/em>zawiera artyku\u0142y inspirowane dyskusj\u0105, kt\u00f3ra mia\u0142a miejsce podczas konferencji i festiwalu Back 2, odbywaj\u0105cych si\u0119 w dniach 17-22 maja 2011 w Sopocie.<\/p>\n","protected":false},"featured_media":16776,"template":"","meta":{"_acf_changed":false},"journal":[],"rodzaj":[7074,7076],"seria":[7718],"product_brand":[],"product_cat":[6925],"product_tag":[],"class_list":{"0":"post-46994","1":"product","2":"type-product","3":"status-publish","4":"has-post-thumbnail","6":"rodzaj-ksiazki","7":"rodzaj-serie-wydawnicze","8":"seria-between-pomiedzy","9":"product_cat-literaturoznawstwo","11":"first","12":"outofstock","13":"taxable","14":"shipping-taxable","15":"purchasable","16":"product-type-simple"},"acf":[],"_links":{"self":[{"href":"https:\/\/wydawnictwo.ug.edu.pl\/en\/wp-json\/wp\/v2\/product\/46994","targetHints":{"allow":["GET"]}}],"collection":[{"href":"https:\/\/wydawnictwo.ug.edu.pl\/en\/wp-json\/wp\/v2\/product"}],"about":[{"href":"https:\/\/wydawnictwo.ug.edu.pl\/en\/wp-json\/wp\/v2\/types\/product"}],"wp:featuredmedia":[{"embeddable":true,"href":"https:\/\/wydawnictwo.ug.edu.pl\/en\/wp-json\/wp\/v2\/media\/16776"}],"wp:attachment":[{"href":"https:\/\/wydawnictwo.ug.edu.pl\/en\/wp-json\/wp\/v2\/media?parent=46994"}],"wp:term":[{"taxonomy":"journal","embeddable":true,"href":"https:\/\/wydawnictwo.ug.edu.pl\/en\/wp-json\/wp\/v2\/journal?post=46994"},{"taxonomy":"rodzaj","embeddable":true,"href":"https:\/\/wydawnictwo.ug.edu.pl\/en\/wp-json\/wp\/v2\/rodzaj?post=46994"},{"taxonomy":"seria","embeddable":true,"href":"https:\/\/wydawnictwo.ug.edu.pl\/en\/wp-json\/wp\/v2\/seria?post=46994"},{"taxonomy":"product_brand","embeddable":true,"href":"https:\/\/wydawnictwo.ug.edu.pl\/en\/wp-json\/wp\/v2\/product_brand?post=46994"},{"taxonomy":"product_cat","embeddable":true,"href":"https:\/\/wydawnictwo.ug.edu.pl\/en\/wp-json\/wp\/v2\/product_cat?post=46994"},{"taxonomy":"product_tag","embeddable":true,"href":"https:\/\/wydawnictwo.ug.edu.pl\/en\/wp-json\/wp\/v2\/product_tag?post=46994"}],"curies":[{"name":"wp","href":"https:\/\/api.w.org\/{rel}","templated":true}]}}