{"id":46993,"date":"2012-11-30T00:00:00","date_gmt":"2012-11-30T00:00:00","guid":{"rendered":"https:\/\/wydawnictwo.ug.edu.pl\/ksiegarnia-online\/uncategorized\/poeci-wspolczesni-poeci-przeszlosci\/"},"modified":"2026-02-11T16:32:42","modified_gmt":"2026-02-11T16:32:42","slug":"poeci-wspolczesni-poeci-przeszlosci","status":"publish","type":"product","link":"https:\/\/wydawnictwo.ug.edu.pl\/en\/ksiegarnia-online\/literaturoznawstwo\/poeci-wspolczesni-poeci-przeszlosci\/","title":{"rendered":"Poeci wsp\u00f3\u0142cze\u015bni. Poeci przesz\u0142o\u015bci"},"content":{"rendered":"","protected":false},"excerpt":{"rendered":"<p><em>Poeci wsp\u00f3\u0142cze\u015bni. Poeci przesz\u0142o\u015bci<\/em> jest zbiorem artyku\u0142\u00f3w zainspirowanych dyskusj\u0105, kt\u00f3ra mia\u0142a miejsce podczas konferencji i festiwalu Back 2, odbywaj\u0105cych si\u0119 w dniach 17\u201322 maja 2011 w Sopocie. Artyku\u0142y skupione s\u0105 wok\u00f3\u0142 wsp\u00f3\u0142czesnej i modernistycznej poezji, a ich autorzy analizuj\u0105 w nich nawi\u0105zania poet\u00f3w wsp\u00f3\u0142czesnych do tw\u00f3rczo\u015bci z pierwszej po\u0142owy dwudziestego wieku. Przywo\u0142ywani s\u0105, mi\u0119dzy innymi, T. S. Eliot, W. H. Auden, Ezra Pound, H. D., Boles\u0142aw Le\u015bmian oraz Gertruda Stein. Podstawowym celem ksi\u0105\u017cki jest przedstawienie analizy zapo\u017cycze\u0144, nowych wersji, odrzuce\u0144 oraz debat poetyckich. G\u0142\u00f3wnym polem zainteresowania ksi\u0105\u017cki jest wsp\u00f3\u0142czesna poezja angloj\u0119zyczna i polska, lecz znalaz\u0142y si\u0119 tutaj tak\u017ce propozycje analizy podobnych zjawisk zachodz\u0105cych w literaturze francuskiej, niemieckiej oraz greckiej. Osobn\u0105 cz\u0119\u015b\u0107 stanowi\u0105 artyku\u0142y uznanych poet\u00f3w angielskich i polskich: Davida Constantine\u2019a, Michaela Edwardsa, Jerzego Jarniewicza i Jacka Gutorowa.<\/p>\n","protected":false},"featured_media":16773,"template":"","meta":{"_acf_changed":false},"journal":[],"rodzaj":[7074,7076],"seria":[7718],"product_brand":[],"product_cat":[6925],"product_tag":[],"class_list":{"0":"post-46993","1":"product","2":"type-product","3":"status-publish","4":"has-post-thumbnail","6":"rodzaj-ksiazki","7":"rodzaj-serie-wydawnicze","8":"seria-between-pomiedzy","9":"product_cat-literaturoznawstwo","11":"first","12":"outofstock","13":"taxable","14":"shipping-taxable","15":"purchasable","16":"product-type-simple"},"acf":[],"_links":{"self":[{"href":"https:\/\/wydawnictwo.ug.edu.pl\/en\/wp-json\/wp\/v2\/product\/46993","targetHints":{"allow":["GET"]}}],"collection":[{"href":"https:\/\/wydawnictwo.ug.edu.pl\/en\/wp-json\/wp\/v2\/product"}],"about":[{"href":"https:\/\/wydawnictwo.ug.edu.pl\/en\/wp-json\/wp\/v2\/types\/product"}],"wp:featuredmedia":[{"embeddable":true,"href":"https:\/\/wydawnictwo.ug.edu.pl\/en\/wp-json\/wp\/v2\/media\/16773"}],"wp:attachment":[{"href":"https:\/\/wydawnictwo.ug.edu.pl\/en\/wp-json\/wp\/v2\/media?parent=46993"}],"wp:term":[{"taxonomy":"journal","embeddable":true,"href":"https:\/\/wydawnictwo.ug.edu.pl\/en\/wp-json\/wp\/v2\/journal?post=46993"},{"taxonomy":"rodzaj","embeddable":true,"href":"https:\/\/wydawnictwo.ug.edu.pl\/en\/wp-json\/wp\/v2\/rodzaj?post=46993"},{"taxonomy":"seria","embeddable":true,"href":"https:\/\/wydawnictwo.ug.edu.pl\/en\/wp-json\/wp\/v2\/seria?post=46993"},{"taxonomy":"product_brand","embeddable":true,"href":"https:\/\/wydawnictwo.ug.edu.pl\/en\/wp-json\/wp\/v2\/product_brand?post=46993"},{"taxonomy":"product_cat","embeddable":true,"href":"https:\/\/wydawnictwo.ug.edu.pl\/en\/wp-json\/wp\/v2\/product_cat?post=46993"},{"taxonomy":"product_tag","embeddable":true,"href":"https:\/\/wydawnictwo.ug.edu.pl\/en\/wp-json\/wp\/v2\/product_tag?post=46993"}],"curies":[{"name":"wp","href":"https:\/\/api.w.org\/{rel}","templated":true}]}}