{"id":46992,"date":"2012-11-30T00:00:00","date_gmt":"2012-11-30T00:00:00","guid":{"rendered":"https:\/\/wydawnictwo.ug.edu.pl\/ksiegarnia-online\/uncategorized\/milosz-na-zulawach-epizod-z-biografii-poety\/"},"modified":"2026-02-11T16:32:45","modified_gmt":"2026-02-11T16:32:45","slug":"milosz-na-zulawach-epizod-z-biografii-poety","status":"publish","type":"product","link":"https:\/\/wydawnictwo.ug.edu.pl\/en\/ksiegarnia-online\/literaturoznawstwo\/milosz-na-zulawach-epizod-z-biografii-poety\/","title":{"rendered":"Mi\u0142osz na \u017bu\u0142awach. Epizod z biografii poety"},"content":{"rendered":"","protected":false},"excerpt":{"rendered":"<p style=\"text-align: justify;\">Ksi\u0105\u017cka bardzo interesuj\u0105ca, odkrywaj\u0105ca nie tylko ma\u0142o znany \u201eepizod z\u00a0\u017cycia poety\u201d, lecz tak\u017ce ukazuj\u0105ca rozleg\u0142e t\u0142o tego epizodu. Szcz\u0119\u015bliwym pomys\u0142em jest wielogatunkowo\u015b\u0107 ksi\u0105\u017cka: teksty Mi\u0142osza zwi\u0105zane z\u00a0\u017bu\u0142awami i\u00a0Matk\u0105 (zar\u00f3wno poetyckie, jak i\u00a0reporterskie) oraz po\u015bwi\u0119cone mu artyku\u0142y i\u00a0rozprawy literaturoznawcze i\u00a0historyczne a\u00a0tak\u017ce wywiady, dope\u0142nione niezwykle ciekaw\u0105, bogat\u0105 dokumentacj\u0105 ikoniczn\u0105. Publikacja ma zatem atrakcyjny kszta\u0142t, na r\u00f3\u017cne sposoby zaciekawiaj\u0105cy czytelnika. Tom pokazuje pewien proces tworzenia legendy literackiej, czy \u015bcis\u0142ej legendy tw\u00f3rcy. Przecie\u017c zazwyczaj to, co otrzymujemy na skutek naszych bada\u0144, jest cz\u0119sto swoistym palimpsestem, u\u00a0kt\u00f3rego spodu znajduj\u0105 si\u0119 r\u00f3\u017cne niezrealizowane warianty \u201ehistorii alternatywnej\u201d.<\/p>\n<p style=\"text-align: right;\"><em>prof. dr. hab. Tadeusz Bujnicki<\/em><\/p>\n","protected":false},"featured_media":15618,"template":"","meta":{"_acf_changed":false},"journal":[],"rodzaj":[7074],"seria":[],"product_brand":[],"product_cat":[6925],"product_tag":[],"class_list":{"0":"post-46992","1":"product","2":"type-product","3":"status-publish","4":"has-post-thumbnail","6":"rodzaj-ksiazki","7":"product_cat-literaturoznawstwo","8":"pa_rok-wydania-2013-en","10":"first","11":"outofstock","12":"downloadable","13":"virtual","14":"taxable","15":"product-type-simple"},"acf":[],"_links":{"self":[{"href":"https:\/\/wydawnictwo.ug.edu.pl\/en\/wp-json\/wp\/v2\/product\/46992","targetHints":{"allow":["GET"]}}],"collection":[{"href":"https:\/\/wydawnictwo.ug.edu.pl\/en\/wp-json\/wp\/v2\/product"}],"about":[{"href":"https:\/\/wydawnictwo.ug.edu.pl\/en\/wp-json\/wp\/v2\/types\/product"}],"wp:featuredmedia":[{"embeddable":true,"href":"https:\/\/wydawnictwo.ug.edu.pl\/en\/wp-json\/wp\/v2\/media\/15618"}],"wp:attachment":[{"href":"https:\/\/wydawnictwo.ug.edu.pl\/en\/wp-json\/wp\/v2\/media?parent=46992"}],"wp:term":[{"taxonomy":"journal","embeddable":true,"href":"https:\/\/wydawnictwo.ug.edu.pl\/en\/wp-json\/wp\/v2\/journal?post=46992"},{"taxonomy":"rodzaj","embeddable":true,"href":"https:\/\/wydawnictwo.ug.edu.pl\/en\/wp-json\/wp\/v2\/rodzaj?post=46992"},{"taxonomy":"seria","embeddable":true,"href":"https:\/\/wydawnictwo.ug.edu.pl\/en\/wp-json\/wp\/v2\/seria?post=46992"},{"taxonomy":"product_brand","embeddable":true,"href":"https:\/\/wydawnictwo.ug.edu.pl\/en\/wp-json\/wp\/v2\/product_brand?post=46992"},{"taxonomy":"product_cat","embeddable":true,"href":"https:\/\/wydawnictwo.ug.edu.pl\/en\/wp-json\/wp\/v2\/product_cat?post=46992"},{"taxonomy":"product_tag","embeddable":true,"href":"https:\/\/wydawnictwo.ug.edu.pl\/en\/wp-json\/wp\/v2\/product_tag?post=46992"}],"curies":[{"name":"wp","href":"https:\/\/api.w.org\/{rel}","templated":true}]}}