{"id":46991,"date":"2014-11-30T00:00:00","date_gmt":"2014-11-30T00:00:00","guid":{"rendered":"https:\/\/wydawnictwo.ug.edu.pl\/ksiegarnia-online\/uncategorized\/podstawy-geologii-przewodnik-do-cwiczen\/"},"modified":"2026-02-11T16:28:51","modified_gmt":"2026-02-11T16:28:51","slug":"podstawy-geologii-przewodnik-do-cwiczen","status":"publish","type":"product","link":"https:\/\/wydawnictwo.ug.edu.pl\/en\/ksiegarnia-online\/geografia-i-oceanografia\/podstawy-geologii-przewodnik-do-cwiczen\/","title":{"rendered":"Podstawy geologii. Przewodnik do \u0107wicze\u0144"},"content":{"rendered":"","protected":false},"excerpt":{"rendered":"<p>Zakres merytoryczny przewodnika obejmuje zagadnienia z\u00a0mineralogii, petrografii, paleontologii i\u00a0kartografii geologicznej. W pierwszym dziale przedstawiono geologiczne procesy minera\u0142otw\u00f3rcze, budow\u0119 wewn\u0119trzn\u0105 minera\u0142\u00f3w, ich sk\u0142ad chemiczny, w\u0142asno\u015bci fizyczne oraz przegl\u0105d najwa\u017cniejszych minera\u0142\u00f3w, z\u00a0ich genez\u0105 i\u00a0wyst\u0119powaniem w\u00a0Polsce. W cz\u0119\u015bci petrograficznej zamieszczono informacje o\u00a0ska\u0142ach magmowych, osadowych i\u00a0metamorficznych, z\u00a0uwzgl\u0119dnieniem warunk\u00f3w powstania, minera\u0142\u00f3w ska\u0142otw\u00f3rczych, budowy wewn\u0119trznej i\u00a0kryteri\u00f3w ich klasyfikacji. Ka\u017cda z\u00a0wydzielonych grup petrograficznych zawiera szczeg\u00f3\u0142owy opis podstawowych typ\u00f3w ska\u0142, ich cech diagnostycznych i\u00a0miejsc wyst\u0119powania w\u00a0Polsce. Dzia\u0142 po\u015bwi\u0119cony paleontologii zawiera obszerny opis proces\u00f3w fosylizacyjnych, chemizm cz\u0119\u015bci twardych organizm\u00f3w, stany zachowania skamienia\u0142o\u015bci i\u00a0ich znaczenie dla nauk przyrodniczych. Przedstawiono te\u017c charakterystyk\u0119 g\u0142\u00f3wnych reprezentant\u00f3w kopalnych morskich bezkr\u0119gowc\u00f3w. W przypadku ka\u017cdej z\u00a0najwa\u017cniejszych grup skamienia\u0142o\u015bci om\u00f3wiono charakterystyk\u0119 \u015brodowiska i\u00a0trybu \u017cycia, budow\u0119 cia\u0142a mi\u0119kkiego i\u00a0szkieletu, zamieszczono te\u017c informacje o\u00a0zasi\u0119gu, znaczeniu stratygraficznym, ska\u0142otw\u00f3rczym i\u00a0paleoekologicznym oraz o\u00a0stanowiskach wyst\u0119powania w\u00a0Polsce. W ostatniej cz\u0119\u015bci, dotycz\u0105cej element\u00f3w tektoniki, przedstawiono zasady podstawowych pomiar\u00f3w geologicznych, elementy geologicznej budowy p\u0142ytowej, fa\u0142dowej i\u00a0uskokowej oraz ich obraz na mapach geologicznych.<\/p>\n<p>&nbsp;<\/p>\n<p>Przewodnik jest bogato ilustrowany. Liczne ryciny, schematy i\u00a0tabele u\u0142atwi\u0105 zrozumienie zawartej tu wiedzy merytorycznej. W po\u0142\u0105czeniu z\u00a0ni\u0105 pozwol\u0105 oznacza\u0107 makroskopowo w\u00a0terenie minera\u0142y, ska\u0142y i\u00a0skamienia\u0142o\u015bci, prowadzi\u0107 proste pomiary geologiczne i\u00a0interpretowa\u0107 budow\u0119 geologiczn\u0105.<\/p>\n","protected":false},"featured_media":16572,"template":"","meta":{"_acf_changed":false},"journal":[],"rodzaj":[7330],"seria":[],"product_brand":[],"product_cat":[7029],"product_tag":[8241,8242,8243],"class_list":{"0":"post-46991","1":"product","2":"type-product","3":"status-publish","4":"has-post-thumbnail","6":"rodzaj-schoolbook","7":"product_cat-geografia-i-oceanografia","8":"product_tag-ewa-szymczak","9":"product_tag-malgorzata-pruszkowska-caceres","10":"product_tag-malgorzata-witak","11":"pa_rok-wydania-2015-en","13":"first","14":"outofstock","15":"taxable","16":"shipping-taxable","17":"purchasable","18":"product-type-simple"},"acf":[],"_links":{"self":[{"href":"https:\/\/wydawnictwo.ug.edu.pl\/en\/wp-json\/wp\/v2\/product\/46991","targetHints":{"allow":["GET"]}}],"collection":[{"href":"https:\/\/wydawnictwo.ug.edu.pl\/en\/wp-json\/wp\/v2\/product"}],"about":[{"href":"https:\/\/wydawnictwo.ug.edu.pl\/en\/wp-json\/wp\/v2\/types\/product"}],"wp:featuredmedia":[{"embeddable":true,"href":"https:\/\/wydawnictwo.ug.edu.pl\/en\/wp-json\/wp\/v2\/media\/16572"}],"wp:attachment":[{"href":"https:\/\/wydawnictwo.ug.edu.pl\/en\/wp-json\/wp\/v2\/media?parent=46991"}],"wp:term":[{"taxonomy":"journal","embeddable":true,"href":"https:\/\/wydawnictwo.ug.edu.pl\/en\/wp-json\/wp\/v2\/journal?post=46991"},{"taxonomy":"rodzaj","embeddable":true,"href":"https:\/\/wydawnictwo.ug.edu.pl\/en\/wp-json\/wp\/v2\/rodzaj?post=46991"},{"taxonomy":"seria","embeddable":true,"href":"https:\/\/wydawnictwo.ug.edu.pl\/en\/wp-json\/wp\/v2\/seria?post=46991"},{"taxonomy":"product_brand","embeddable":true,"href":"https:\/\/wydawnictwo.ug.edu.pl\/en\/wp-json\/wp\/v2\/product_brand?post=46991"},{"taxonomy":"product_cat","embeddable":true,"href":"https:\/\/wydawnictwo.ug.edu.pl\/en\/wp-json\/wp\/v2\/product_cat?post=46991"},{"taxonomy":"product_tag","embeddable":true,"href":"https:\/\/wydawnictwo.ug.edu.pl\/en\/wp-json\/wp\/v2\/product_tag?post=46991"}],"curies":[{"name":"wp","href":"https:\/\/api.w.org\/{rel}","templated":true}]}}