{"id":46989,"date":"2014-12-01T00:00:00","date_gmt":"2014-12-01T00:00:00","guid":{"rendered":"https:\/\/wydawnictwo.ug.edu.pl\/ksiegarnia-online\/uncategorized\/bankructwa-i-upadlosci-przedsiebiorstw\/"},"modified":"2026-02-11T16:28:55","modified_gmt":"2026-02-11T16:28:55","slug":"bankructwa-i-upadlosci-przedsiebiorstw","status":"publish","type":"product","link":"https:\/\/wydawnictwo.ug.edu.pl\/en\/ksiegarnia-online\/zarzadzanie\/bankructwa-i-upadlosci-przedsiebiorstw\/","title":{"rendered":"Bankructwa i upad\u0142o\u015bci przedsi\u0119biorstw"},"content":{"rendered":"","protected":false},"excerpt":{"rendered":"<p>Autor ksi\u0105\u017cki stara si\u0119 na nowo spojrze\u0107 na zagadnienie bankructwa, upad\u0142o\u015bci i likwidacji przedsi\u0119biorstw od strony teoretycznej i uwzgl\u0119dni\u0107 w najwi\u0119kszym stopniu oczekiwania i potrzeby praktyki gospodarczej. Ksi\u0105\u017cka wnosi nowe idee i metody, a tak\u017ce przedstawia wyniki bada\u0144 tych z\u0142o\u017conych zjawisk na poziomie mikro, bran\u017cy i regionalnym. Z jednej strony Autor poszukuje w niej innych fundament\u00f3w teoretycznych badania zjawiska bankructwa, upad\u0142o\u015bci i likwidacji przedsi\u0119biorstw nawi\u0105zuj\u0105c do dorobku K. Darwina,\u00a0<em>Punctuated Equilibrium Theory<\/em>\u00a0czy koncepcji tw\u00f3rczej destrukcji wed\u0142ug J.A. Schumpetera. Z drugiej strony wa\u017cnym nurtem eksponowanym w ksi\u0105\u017cce jest nie tylko pokazanie wagi posiadania adekwatnych informacji o badanych zjawiskach, ale podj\u0119cie bardzo pracoch\u0142onnego, skomplikowanego, autorskiego opracowania bazy danych o upad\u0142o\u015bciach przedsi\u0119biorstw w latach 2007\u20132013. Wa\u017cnym obszarem koncepcyjnym jest te\u017c wykazanie potrzeby badania zjawisk bankructwa, upad\u0142o\u015bci oraz likwidacji firm w przekroju regionalnym. Wyr\u00f3\u017cnikiem pracy jest r\u00f3wnie\u017c strona metodyczna, kt\u00f3ra pokazuje nowe obszary i metody pog\u0142\u0119bionej analizy badanych zjawisk na podstawie informacji pochodz\u0105cej ze sprawozdawczo\u015bci finansowej i instytucji zajmuj\u0105cych si\u0119 zagadnieniami upad\u0142o\u015bci, bankructwa i likwidacji przedsi\u0119biorstw.<\/p>\n","protected":false},"featured_media":15870,"template":"","meta":{"_acf_changed":false},"journal":[],"rodzaj":[],"seria":[],"product_brand":[],"product_cat":[6942],"product_tag":[],"class_list":{"0":"post-46989","1":"product","2":"type-product","3":"status-publish","4":"has-post-thumbnail","6":"product_cat-zarzadzanie","7":"pa_rok-wydania-2015-en","9":"first","10":"outofstock","11":"taxable","12":"shipping-taxable","13":"purchasable","14":"product-type-simple"},"acf":[],"_links":{"self":[{"href":"https:\/\/wydawnictwo.ug.edu.pl\/en\/wp-json\/wp\/v2\/product\/46989","targetHints":{"allow":["GET"]}}],"collection":[{"href":"https:\/\/wydawnictwo.ug.edu.pl\/en\/wp-json\/wp\/v2\/product"}],"about":[{"href":"https:\/\/wydawnictwo.ug.edu.pl\/en\/wp-json\/wp\/v2\/types\/product"}],"wp:featuredmedia":[{"embeddable":true,"href":"https:\/\/wydawnictwo.ug.edu.pl\/en\/wp-json\/wp\/v2\/media\/15870"}],"wp:attachment":[{"href":"https:\/\/wydawnictwo.ug.edu.pl\/en\/wp-json\/wp\/v2\/media?parent=46989"}],"wp:term":[{"taxonomy":"journal","embeddable":true,"href":"https:\/\/wydawnictwo.ug.edu.pl\/en\/wp-json\/wp\/v2\/journal?post=46989"},{"taxonomy":"rodzaj","embeddable":true,"href":"https:\/\/wydawnictwo.ug.edu.pl\/en\/wp-json\/wp\/v2\/rodzaj?post=46989"},{"taxonomy":"seria","embeddable":true,"href":"https:\/\/wydawnictwo.ug.edu.pl\/en\/wp-json\/wp\/v2\/seria?post=46989"},{"taxonomy":"product_brand","embeddable":true,"href":"https:\/\/wydawnictwo.ug.edu.pl\/en\/wp-json\/wp\/v2\/product_brand?post=46989"},{"taxonomy":"product_cat","embeddable":true,"href":"https:\/\/wydawnictwo.ug.edu.pl\/en\/wp-json\/wp\/v2\/product_cat?post=46989"},{"taxonomy":"product_tag","embeddable":true,"href":"https:\/\/wydawnictwo.ug.edu.pl\/en\/wp-json\/wp\/v2\/product_tag?post=46989"}],"curies":[{"name":"wp","href":"https:\/\/api.w.org\/{rel}","templated":true}]}}