{"id":46988,"date":"2014-12-01T00:00:00","date_gmt":"2014-12-01T00:00:00","guid":{"rendered":"https:\/\/wydawnictwo.ug.edu.pl\/ksiegarnia-online\/uncategorized\/zasada-monarchiczna-i-jej-przejawy-we-wspolczesnych-ustrojach-europejskich-i-pozaeuropejskich-monarchii-mieszanych\/"},"modified":"2026-02-11T16:28:56","modified_gmt":"2026-02-11T16:28:56","slug":"zasada-monarchiczna-i-jej-przejawy-we-wspolczesnych-ustrojach-europejskich-i-pozaeuropejskich-monarchii-mieszanych","status":"publish","type":"product","link":"https:\/\/wydawnictwo.ug.edu.pl\/en\/ksiegarnia-online\/prawo-i-administracja\/zasada-monarchiczna-i-jej-przejawy-we-wspolczesnych-ustrojach-europejskich-i-pozaeuropejskich-monarchii-mieszanych\/","title":{"rendered":"Zasada monarchiczna i jej przejawy we wsp\u00f3\u0142czesnych ustrojach europejskich i pozaeuropejskich monarchii mieszanych"},"content":{"rendered":"","protected":false},"excerpt":{"rendered":"<p>Ksi\u0105\u017cka stanowi pierwsz\u0105 w polskiej literaturze naukowej monografi\u0119 z dziedziny prawa konstytucyjnego, po\u015bwi\u0119con\u0105 zagadnieniu wsp\u00f3\u0142czesnych monarchii mieszanych (kr\u00f3lewskich i republika\u0144skich) nie tylko w Europie, ale tak\u017ce poza kontynentem europejskim. Autor porusza w niej zagadnienia nieomal nieobecne w polskiej doktrynie konstytucyjnej, takie jak: aktualny kszta\u0142t zasady monarchicznej i jej przejawy w ustrojach wsp\u00f3\u0142czesnych pa\u0144stw monarchicznych na \u015bwiecie, formy realizacji idei monarchii mieszanej (monarchia mixta) w ustrojach wsp\u00f3\u0142czesnych monarchii, europejskie inspiracje monarchiczne w ustrojach monarchii Azji, Afryki i Oceanii, unikalne instytucje monarchiczne w ustrojach pa\u0144stw \u015bwiata, czy przysz\u0142o\u015b\u0107 ustroju monarchicznego na \u015bwiecie.<\/p>\n","protected":false},"featured_media":15798,"template":"","meta":{"_acf_changed":false},"journal":[],"rodzaj":[],"seria":[],"product_brand":[],"product_cat":[6932],"product_tag":[7727],"class_list":{"0":"post-46988","1":"product","2":"type-product","3":"status-publish","4":"has-post-thumbnail","6":"product_cat-prawo-i-administracja","7":"product_tag-marcin-m-wiszowatymarcin-m-wiszowaty","8":"pa_rok-wydania-2015-en","10":"first","11":"outofstock","12":"taxable","13":"shipping-taxable","14":"product-type-simple"},"acf":[],"_links":{"self":[{"href":"https:\/\/wydawnictwo.ug.edu.pl\/en\/wp-json\/wp\/v2\/product\/46988","targetHints":{"allow":["GET"]}}],"collection":[{"href":"https:\/\/wydawnictwo.ug.edu.pl\/en\/wp-json\/wp\/v2\/product"}],"about":[{"href":"https:\/\/wydawnictwo.ug.edu.pl\/en\/wp-json\/wp\/v2\/types\/product"}],"wp:featuredmedia":[{"embeddable":true,"href":"https:\/\/wydawnictwo.ug.edu.pl\/en\/wp-json\/wp\/v2\/media\/15798"}],"wp:attachment":[{"href":"https:\/\/wydawnictwo.ug.edu.pl\/en\/wp-json\/wp\/v2\/media?parent=46988"}],"wp:term":[{"taxonomy":"journal","embeddable":true,"href":"https:\/\/wydawnictwo.ug.edu.pl\/en\/wp-json\/wp\/v2\/journal?post=46988"},{"taxonomy":"rodzaj","embeddable":true,"href":"https:\/\/wydawnictwo.ug.edu.pl\/en\/wp-json\/wp\/v2\/rodzaj?post=46988"},{"taxonomy":"seria","embeddable":true,"href":"https:\/\/wydawnictwo.ug.edu.pl\/en\/wp-json\/wp\/v2\/seria?post=46988"},{"taxonomy":"product_brand","embeddable":true,"href":"https:\/\/wydawnictwo.ug.edu.pl\/en\/wp-json\/wp\/v2\/product_brand?post=46988"},{"taxonomy":"product_cat","embeddable":true,"href":"https:\/\/wydawnictwo.ug.edu.pl\/en\/wp-json\/wp\/v2\/product_cat?post=46988"},{"taxonomy":"product_tag","embeddable":true,"href":"https:\/\/wydawnictwo.ug.edu.pl\/en\/wp-json\/wp\/v2\/product_tag?post=46988"}],"curies":[{"name":"wp","href":"https:\/\/api.w.org\/{rel}","templated":true}]}}