{"id":46987,"date":"2014-12-30T00:00:00","date_gmt":"2014-12-30T00:00:00","guid":{"rendered":"https:\/\/wydawnictwo.ug.edu.pl\/ksiegarnia-online\/uncategorized\/12689\/"},"modified":"2026-02-11T16:28:57","modified_gmt":"2026-02-11T16:28:57","slug":"12689","status":"publish","type":"product","link":"https:\/\/wydawnictwo.ug.edu.pl\/en\/ksiegarnia-online\/varia\/12689\/","title":{"rendered":"Gda\u0144skie Studia Azji Wschodniej 7\/2015"},"content":{"rendered":"","protected":false},"excerpt":{"rendered":"<p>\u201eGda\u0144skie Studia Azji Wschodniej\u201d s\u0105 p\u00f3\u0142rocznikiem naukowym wydawanym od 2012 r. w ramach dzia\u0142alno\u015bci Centrum Studi\u00f3w Azji Wschodniej Uniwersytetu Gda\u0144skiego. Jest to jedno z dw\u00f3ch wiod\u0105cych w Polsce czasopism naukowych po\u015bwi\u0119conych krajom Azji Wschodniej, g\u0142\u00f3wnie Chinom, Japonii i obu Koreom, ale te\u017c innym pa\u0144stwom regionu. Wersja drukowana jest wersj\u0105 pierwotn\u0105 czasopisma.<\/p>\n<p>&nbsp;<\/p>\n","protected":false},"featured_media":29394,"template":"","meta":{"_acf_changed":false},"journal":[7061],"rodzaj":[7077],"seria":[],"product_brand":[],"product_cat":[6948],"product_tag":[],"class_list":{"0":"post-46987","1":"product","2":"type-product","3":"status-publish","4":"has-post-thumbnail","6":"journal-gdanskie-studia-azji-wschodniej","7":"rodzaj-czasopismo","8":"product_cat-varia","10":"first","11":"outofstock","12":"taxable","13":"shipping-taxable","14":"purchasable","15":"product-type-simple"},"acf":[],"_links":{"self":[{"href":"https:\/\/wydawnictwo.ug.edu.pl\/en\/wp-json\/wp\/v2\/product\/46987","targetHints":{"allow":["GET"]}}],"collection":[{"href":"https:\/\/wydawnictwo.ug.edu.pl\/en\/wp-json\/wp\/v2\/product"}],"about":[{"href":"https:\/\/wydawnictwo.ug.edu.pl\/en\/wp-json\/wp\/v2\/types\/product"}],"wp:featuredmedia":[{"embeddable":true,"href":"https:\/\/wydawnictwo.ug.edu.pl\/en\/wp-json\/wp\/v2\/media\/29394"}],"wp:attachment":[{"href":"https:\/\/wydawnictwo.ug.edu.pl\/en\/wp-json\/wp\/v2\/media?parent=46987"}],"wp:term":[{"taxonomy":"journal","embeddable":true,"href":"https:\/\/wydawnictwo.ug.edu.pl\/en\/wp-json\/wp\/v2\/journal?post=46987"},{"taxonomy":"rodzaj","embeddable":true,"href":"https:\/\/wydawnictwo.ug.edu.pl\/en\/wp-json\/wp\/v2\/rodzaj?post=46987"},{"taxonomy":"seria","embeddable":true,"href":"https:\/\/wydawnictwo.ug.edu.pl\/en\/wp-json\/wp\/v2\/seria?post=46987"},{"taxonomy":"product_brand","embeddable":true,"href":"https:\/\/wydawnictwo.ug.edu.pl\/en\/wp-json\/wp\/v2\/product_brand?post=46987"},{"taxonomy":"product_cat","embeddable":true,"href":"https:\/\/wydawnictwo.ug.edu.pl\/en\/wp-json\/wp\/v2\/product_cat?post=46987"},{"taxonomy":"product_tag","embeddable":true,"href":"https:\/\/wydawnictwo.ug.edu.pl\/en\/wp-json\/wp\/v2\/product_tag?post=46987"}],"curies":[{"name":"wp","href":"https:\/\/api.w.org\/{rel}","templated":true}]}}