{"id":46980,"date":"2015-11-30T00:00:00","date_gmt":"2015-11-30T00:00:00","guid":{"rendered":"https:\/\/wydawnictwo.ug.edu.pl\/ksiegarnia-online\/uncategorized\/w-epoce-zaglowcow-morze-od-antyku-do-xviii-wieku\/"},"modified":"2026-02-11T16:26:10","modified_gmt":"2026-02-11T16:26:10","slug":"w-epoce-zaglowcow-morze-od-antyku-do-xviii-wieku","status":"publish","type":"product","link":"https:\/\/wydawnictwo.ug.edu.pl\/en\/ksiegarnia-online\/historia\/w-epoce-zaglowcow-morze-od-antyku-do-xviii-wieku\/","title":{"rendered":"W epoce \u017caglowc\u00f3w. Morze od antyku do XVIII wieku"},"content":{"rendered":"","protected":false},"excerpt":{"rendered":"<p>Temat monografii to morska \u017cegluga, jej r\u00f3\u017cne aspekty od antyku po wiek XVIII. Pretekstem do powstania tomu by\u0142a 560 rocznica przej\u015bcia Gda\u0144ska, morskiego miasta pod panowanie kr\u00f3l\u00f3w polskich. Ide\u0105 monografii jest pokazanie mo\u017cliwie szerokiego spektrum zagadnie\u0144 morskich w czasach, gdy statki i okr\u0119ty nap\u0119dzane by\u0142y si\u0142\u0105 mi\u0119\u015bni ludzkich i energi\u0105 wiatru. Na monografi\u0119 sk\u0142ada si\u0119 28 artyku\u0142\u00f3w po\u015bwi\u0119conych m.in. takim tematom, jak historie morskich wojen rzymskich i greckich w \u015bwietle najnowszych odkry\u0107 archeologicznych i bada\u0144 nad tekstami antycznymi; sytuacja morska w dobie \u015bwietno\u015bci Hanzy; trudy morskiej \u017ceglugi dla podr\u00f3\u017cnik\u00f3w i kupc\u00f3w; sposoby rozwi\u0105zywania morskich konflikt\u00f3w o statki i ich w\u0142asno\u015b\u0107; fascynuj\u0105ce losy szesnasto-, osiemnastowiecznych statk\u00f3w, obecnie wrak\u00f3w na Zatoce Gda\u0144skiej; osobiste losy ludzi morza; metody ratowania statk\u00f3w z katastrof u schy\u0142ku XVIII wieku; rozw\u00f3j floty morskiej na Ba\u0142tyku.<\/p>\n","protected":false},"featured_media":15866,"template":"","meta":{"_acf_changed":false},"journal":[],"rodzaj":[],"seria":[],"product_brand":[],"product_cat":[6958],"product_tag":[],"class_list":{"0":"post-46980","1":"product","2":"type-product","3":"status-publish","4":"has-post-thumbnail","6":"product_cat-historia","7":"pa_rok-wydania-2016-en","9":"first","10":"outofstock","11":"taxable","12":"shipping-taxable","13":"purchasable","14":"product-type-simple"},"acf":[],"_links":{"self":[{"href":"https:\/\/wydawnictwo.ug.edu.pl\/en\/wp-json\/wp\/v2\/product\/46980","targetHints":{"allow":["GET"]}}],"collection":[{"href":"https:\/\/wydawnictwo.ug.edu.pl\/en\/wp-json\/wp\/v2\/product"}],"about":[{"href":"https:\/\/wydawnictwo.ug.edu.pl\/en\/wp-json\/wp\/v2\/types\/product"}],"wp:featuredmedia":[{"embeddable":true,"href":"https:\/\/wydawnictwo.ug.edu.pl\/en\/wp-json\/wp\/v2\/media\/15866"}],"wp:attachment":[{"href":"https:\/\/wydawnictwo.ug.edu.pl\/en\/wp-json\/wp\/v2\/media?parent=46980"}],"wp:term":[{"taxonomy":"journal","embeddable":true,"href":"https:\/\/wydawnictwo.ug.edu.pl\/en\/wp-json\/wp\/v2\/journal?post=46980"},{"taxonomy":"rodzaj","embeddable":true,"href":"https:\/\/wydawnictwo.ug.edu.pl\/en\/wp-json\/wp\/v2\/rodzaj?post=46980"},{"taxonomy":"seria","embeddable":true,"href":"https:\/\/wydawnictwo.ug.edu.pl\/en\/wp-json\/wp\/v2\/seria?post=46980"},{"taxonomy":"product_brand","embeddable":true,"href":"https:\/\/wydawnictwo.ug.edu.pl\/en\/wp-json\/wp\/v2\/product_brand?post=46980"},{"taxonomy":"product_cat","embeddable":true,"href":"https:\/\/wydawnictwo.ug.edu.pl\/en\/wp-json\/wp\/v2\/product_cat?post=46980"},{"taxonomy":"product_tag","embeddable":true,"href":"https:\/\/wydawnictwo.ug.edu.pl\/en\/wp-json\/wp\/v2\/product_tag?post=46980"}],"curies":[{"name":"wp","href":"https:\/\/api.w.org\/{rel}","templated":true}]}}