{"id":46979,"date":"2015-11-30T00:00:00","date_gmt":"2015-11-30T00:00:00","guid":{"rendered":"https:\/\/wydawnictwo.ug.edu.pl\/ksiegarnia-online\/uncategorized\/historia-turystyki-polska-i-swiat\/"},"modified":"2026-02-11T16:26:06","modified_gmt":"2026-02-11T16:26:06","slug":"historia-turystyki-polska-i-swiat","status":"publish","type":"product","link":"https:\/\/wydawnictwo.ug.edu.pl\/en\/ksiegarnia-online\/historia\/historia-turystyki-polska-i-swiat\/","title":{"rendered":"Historia turystyki. Polska i \u015bwiat"},"content":{"rendered":"","protected":false},"excerpt":{"rendered":"<p>Przedmiotem niniejszego opracowania b\u0119d\u0105 dzieje tych, co w\u0119drowali z \u201eciekawo\u015bci i braku zaj\u0119cia\u201d. Obejmuje ono okres od narodzin pierwotnej turystyki w czasach staro\u017cytnych do upadku sytemu komunistycznego w Europie na prze\u0142omie lat osiemdziesi\u0105tych i dziewi\u0119\u0107dziesi\u0105tych XX w.<\/p>\n<p>Autor zwr\u00f3ci\u0142 uwag\u0119 na r\u00f3\u017cne rodzaje turystyki \u2013 nie tylko wypoczynkow\u0105 czy zdrowotn\u0105, ale tak\u017ce wiejsk\u0105, pielgrzymkow\u0105, gastronomiczn\u0105, kulturow\u0105 czy militarn\u0105. W poszczeg\u00f3lnych rozdzia\u0142ach omawia si\u0119 kwestie zwi\u0105zane z uwarunkowaniami prawno-politycznymi rozwoju turystyki, ze zmianami w sposobie podr\u00f3\u017cowania i tworzenia si\u0119 infrastruktury turystycznej (jak hotele, sanatoria, biura podr\u00f3\u017cy, przewodniki), a tak\u017ce z przemianami obyczajowymi towarzysz\u0105cymi wyjazdom.<\/p>\n<p>Dotychczasowe opracowania dotycz\u0105ce dziej\u00f3w turystyki by\u0142y z regu\u0142y autorstwa specjalist\u00f3w od turyzmu, ekonomist\u00f3w. Tw\u00f3rca tej pracy jest historykiem i przez pryzmat tej dziedziny nauki patrzy na dzieje wypoczynku. Niniejsza ksi\u0105\u017cka nie stanowi klasycznego podr\u0119cznika z wykresami, tabelkami, pytaniami kontrolnymi, lecz raczej opowie\u015b\u0107 historyczn\u0105 o dawniejszych turystach.<\/p>\n","protected":false},"featured_media":16628,"template":"","meta":{"_acf_changed":false},"journal":[],"rodzaj":[7330],"seria":[],"product_brand":[],"product_cat":[6958],"product_tag":[7815],"class_list":{"0":"post-46979","1":"product","2":"type-product","3":"status-publish","4":"has-post-thumbnail","6":"rodzaj-schoolbook","7":"product_cat-historia","8":"product_tag-tadeusz-stegnertadeusz-stegner","9":"pa_rok-wydania-2016-en","11":"first","12":"outofstock","13":"taxable","14":"shipping-taxable","15":"purchasable","16":"product-type-simple"},"acf":[],"_links":{"self":[{"href":"https:\/\/wydawnictwo.ug.edu.pl\/en\/wp-json\/wp\/v2\/product\/46979","targetHints":{"allow":["GET"]}}],"collection":[{"href":"https:\/\/wydawnictwo.ug.edu.pl\/en\/wp-json\/wp\/v2\/product"}],"about":[{"href":"https:\/\/wydawnictwo.ug.edu.pl\/en\/wp-json\/wp\/v2\/types\/product"}],"wp:featuredmedia":[{"embeddable":true,"href":"https:\/\/wydawnictwo.ug.edu.pl\/en\/wp-json\/wp\/v2\/media\/16628"}],"wp:attachment":[{"href":"https:\/\/wydawnictwo.ug.edu.pl\/en\/wp-json\/wp\/v2\/media?parent=46979"}],"wp:term":[{"taxonomy":"journal","embeddable":true,"href":"https:\/\/wydawnictwo.ug.edu.pl\/en\/wp-json\/wp\/v2\/journal?post=46979"},{"taxonomy":"rodzaj","embeddable":true,"href":"https:\/\/wydawnictwo.ug.edu.pl\/en\/wp-json\/wp\/v2\/rodzaj?post=46979"},{"taxonomy":"seria","embeddable":true,"href":"https:\/\/wydawnictwo.ug.edu.pl\/en\/wp-json\/wp\/v2\/seria?post=46979"},{"taxonomy":"product_brand","embeddable":true,"href":"https:\/\/wydawnictwo.ug.edu.pl\/en\/wp-json\/wp\/v2\/product_brand?post=46979"},{"taxonomy":"product_cat","embeddable":true,"href":"https:\/\/wydawnictwo.ug.edu.pl\/en\/wp-json\/wp\/v2\/product_cat?post=46979"},{"taxonomy":"product_tag","embeddable":true,"href":"https:\/\/wydawnictwo.ug.edu.pl\/en\/wp-json\/wp\/v2\/product_tag?post=46979"}],"curies":[{"name":"wp","href":"https:\/\/api.w.org\/{rel}","templated":true}]}}