{"id":46975,"date":"2015-11-30T00:00:00","date_gmt":"2015-11-30T00:00:00","guid":{"rendered":"https:\/\/wydawnictwo.ug.edu.pl\/ksiegarnia-online\/uncategorized\/rok-matematyki-na-pomorzu\/"},"modified":"2026-02-11T16:26:17","modified_gmt":"2026-02-11T16:26:17","slug":"rok-matematyki-na-pomorzu","status":"publish","type":"product","link":"https:\/\/wydawnictwo.ug.edu.pl\/en\/ksiegarnia-online\/matematyka-i-informatyka\/rok-matematyki-na-pomorzu\/","title":{"rendered":"Rok Matematyki na Pomorzu"},"content":{"rendered":"","protected":false},"excerpt":{"rendered":"<p>Monografia zosta\u0142a zainspirowana wyj\u0105tkowym wydarzeniem, jakim by\u0142 Rok Matematyki na Pomorzu. By\u0142a to promocja nauki ukazuj\u0105ca pi\u0119kno matematyki i jej znaczenie we wsp\u00f3\u0142czesnym \u015bwiecie, prze\u0142amuj\u0105ca niekorzystny mit matematyki jako nauki trudnej i niepraktycznej.<\/p>\n<p>Wpisuj\u0105c si\u0119 w ide\u0119 Roku Matematyki, celem niniejszej publikacji jest pokazanie r\u00f3\u017cnorodnej tematyki bada\u0144 naukowych zwi\u0105zanych z matematyk\u0105, prowadzonych obecnie na Wydziale Matematyki, Fizyki i Informatyki Uniwersytetu Gda\u0144skiego. W\u015br\u00f3d wybranych znalaz\u0142y si\u0119 zar\u00f3wno prace naukowe napisane przez pracownik\u00f3w wydzia\u0142u, jak i wyr\u00f3\u017cniaj\u0105ce si\u0119 prace magisterskie o oryginalnych walorach badawczych. Jedne s\u0105 wynikiem bada\u0144 \u015bci\u015ble teoretycznych, inne \u2013 bada\u0144 teoretycznych po\u0142\u0105czonych z badaniami empirycznymi. S\u0105 tu tak\u017ce prace przegl\u0105dowe pozwalaj\u0105ce w szerszym aspekcie pokaza\u0107 wk\u0142ad gda\u0144skich matematyk\u00f3w w rozw\u00f3j nauk \u015bcis\u0142ych.<\/p>\n","protected":false},"featured_media":15454,"template":"","meta":{"_acf_changed":false},"journal":[],"rodzaj":[],"seria":[],"product_brand":[],"product_cat":[7309],"product_tag":[],"class_list":{"0":"post-46975","1":"product","2":"type-product","3":"status-publish","4":"has-post-thumbnail","6":"product_cat-matematyka-i-informatyka","8":"first","9":"outofstock","10":"taxable","11":"shipping-taxable","12":"purchasable","13":"product-type-simple"},"acf":[],"_links":{"self":[{"href":"https:\/\/wydawnictwo.ug.edu.pl\/en\/wp-json\/wp\/v2\/product\/46975","targetHints":{"allow":["GET"]}}],"collection":[{"href":"https:\/\/wydawnictwo.ug.edu.pl\/en\/wp-json\/wp\/v2\/product"}],"about":[{"href":"https:\/\/wydawnictwo.ug.edu.pl\/en\/wp-json\/wp\/v2\/types\/product"}],"wp:featuredmedia":[{"embeddable":true,"href":"https:\/\/wydawnictwo.ug.edu.pl\/en\/wp-json\/wp\/v2\/media\/15454"}],"wp:attachment":[{"href":"https:\/\/wydawnictwo.ug.edu.pl\/en\/wp-json\/wp\/v2\/media?parent=46975"}],"wp:term":[{"taxonomy":"journal","embeddable":true,"href":"https:\/\/wydawnictwo.ug.edu.pl\/en\/wp-json\/wp\/v2\/journal?post=46975"},{"taxonomy":"rodzaj","embeddable":true,"href":"https:\/\/wydawnictwo.ug.edu.pl\/en\/wp-json\/wp\/v2\/rodzaj?post=46975"},{"taxonomy":"seria","embeddable":true,"href":"https:\/\/wydawnictwo.ug.edu.pl\/en\/wp-json\/wp\/v2\/seria?post=46975"},{"taxonomy":"product_brand","embeddable":true,"href":"https:\/\/wydawnictwo.ug.edu.pl\/en\/wp-json\/wp\/v2\/product_brand?post=46975"},{"taxonomy":"product_cat","embeddable":true,"href":"https:\/\/wydawnictwo.ug.edu.pl\/en\/wp-json\/wp\/v2\/product_cat?post=46975"},{"taxonomy":"product_tag","embeddable":true,"href":"https:\/\/wydawnictwo.ug.edu.pl\/en\/wp-json\/wp\/v2\/product_tag?post=46975"}],"curies":[{"name":"wp","href":"https:\/\/api.w.org\/{rel}","templated":true}]}}