{"id":46972,"date":"2015-11-30T00:00:00","date_gmt":"2015-11-30T00:00:00","guid":{"rendered":"https:\/\/wydawnictwo.ug.edu.pl\/ksiegarnia-online\/uncategorized\/edward-kajdanski-malarstwo\/"},"modified":"2026-02-11T16:26:19","modified_gmt":"2026-02-11T16:26:19","slug":"edward-kajdanski-malarstwo","status":"publish","type":"product","link":"https:\/\/wydawnictwo.ug.edu.pl\/en\/ksiegarnia-online\/sztuka\/edward-kajdanski-malarstwo\/","title":{"rendered":"Edward Kajda\u0144ski. Malarstwo"},"content":{"rendered":"","protected":false},"excerpt":{"rendered":"<p class=\"Brakstyluakapitowego\">Edward Kajda\u0144ski pozostawi\u0142 \u015blady na wielu polach \u2013 jako badacz, naukowiec, dyplomata, pisarz i malarz. W swoich obrazach, kt\u00f3re s\u0105 g\u0142\u00f3wnym tematem ksi\u0105\u017cki, jest opowiadaczem bardzo odleg\u0142ej historii i kultury Chin, przewodnikiem pokazuj\u0105cym ubi\u00f3r i styl \u017cycia mniejszo\u015bci z chi\u0144skich prowincji, kronikarzem odkrywaj\u0105cym przed nami \u017cycie na dworze cesarskim, wyrazicielem wsp\u00f3\u0142czesnego nurtu sztuki chi\u0144skiej, a przede wszystkim najlepszym ambasadorem oraz kuratorem dzie\u0142 i osi\u0105gni\u0119\u0107 Micha\u0142a Boyma. Badaniu i popularyzacji jego spu\u015bcizny po\u015bwi\u0119ci\u0142 swoje \u017cycie, podobnie jak badaniu kultury chi\u0144skiej i przybli\u017caniu jej innym. Istotn\u0105 cech\u0105 jego malarstwa jest to, \u017ce zach\u0119ca i inspiruje do poznania.<\/p>\n<p class=\"Brakstyluakapitowego\">Prezentowany album zawiera wyb\u00f3r prac Edwarda Kajda\u0144skiego, kt\u00f3re powstawa\u0142y na przestrzeni d\u0142ugiego okresu. Najstarsze pochodz\u0105 z 1984 roku, przy czym wi\u0119kszo\u015b\u0107 dzie\u0142 tu zamieszczonych powsta\u0142a po roku 2000. Zr\u00f3\u017cnicowanie temat\u00f3w i styl\u00f3w prezentowanych prac wynika zatem te\u017c z tego, \u017ce powstawa\u0142y one w r\u00f3\u017cnym czasie i w r\u00f3\u017cnych celach. Niemniej jednak zawsze, niezale\u017cnie od innych, realizowany jest cel zwi\u0105zany z przybli\u017caniem kultury i historii Chin, a tak\u017ce bardziej osobi\u015bcie \u2013 krainy dzieci\u0144stwa i artystycznych fascynacji. Niekt\u00f3re dzie\u0142a powsta\u0142y w kilku wersjach, bardzo do siebie podobnych. Zdarza si\u0119, \u017ce mamy cykl obraz\u00f3w stanowi\u0105cych wariacj\u0119 na jaki\u015b temat. Dokonuj\u0105c wyboru, nie unikn\u0119li\u015bmy z pewno\u015bci\u0105 subiektywizmu, decyduj\u0105c si\u0119 zaprezentowa\u0107 z bogatego zbioru to, co nam osobi\u015bcie wyda\u0142o si\u0119 najbardziej interesuj\u0105ce. Starali\u015bmy si\u0119 jednak, by niniejszy wyb\u00f3r by\u0142 ca\u0142o\u015bciowy w tym sensie, \u017ce poszczeg\u00f3lne style, tematy, jakie podejmowa\u0142 i nadal podejmuje w swojej tw\u00f3rczo\u015bci Edward Kajda\u0144ski, maj\u0105 tutaj swoich reprezentant\u00f3w.<\/p>\n<p align=\"right\">(fragm. rozdz.\u00a0<em>Artystyczne podr\u00f3\u017ce Edwarda Kajda\u0144skiego<\/em>)<\/p>\n","protected":false},"featured_media":15446,"template":"","meta":{"_acf_changed":false},"journal":[],"rodzaj":[7074,7076],"seria":[7079],"product_brand":[],"product_cat":[6939],"product_tag":[7417,7413],"class_list":{"0":"post-46972","1":"product","2":"type-product","3":"status-publish","4":"has-post-thumbnail","6":"rodzaj-ksiazki","7":"rodzaj-serie-wydawnicze","8":"seria-biblioteka-studiow-azji-wschodniej","9":"product_cat-sztuka","10":"product_tag-joanna-kamienjoanna-kamien","11":"product_tag-kamil-zeidlerkamil-zeidler","12":"pa_rok-wydania-2016-en","14":"first","15":"instock","16":"taxable","17":"shipping-taxable","18":"purchasable","19":"product-type-simple"},"acf":[],"_links":{"self":[{"href":"https:\/\/wydawnictwo.ug.edu.pl\/en\/wp-json\/wp\/v2\/product\/46972","targetHints":{"allow":["GET"]}}],"collection":[{"href":"https:\/\/wydawnictwo.ug.edu.pl\/en\/wp-json\/wp\/v2\/product"}],"about":[{"href":"https:\/\/wydawnictwo.ug.edu.pl\/en\/wp-json\/wp\/v2\/types\/product"}],"wp:featuredmedia":[{"embeddable":true,"href":"https:\/\/wydawnictwo.ug.edu.pl\/en\/wp-json\/wp\/v2\/media\/15446"}],"wp:attachment":[{"href":"https:\/\/wydawnictwo.ug.edu.pl\/en\/wp-json\/wp\/v2\/media?parent=46972"}],"wp:term":[{"taxonomy":"journal","embeddable":true,"href":"https:\/\/wydawnictwo.ug.edu.pl\/en\/wp-json\/wp\/v2\/journal?post=46972"},{"taxonomy":"rodzaj","embeddable":true,"href":"https:\/\/wydawnictwo.ug.edu.pl\/en\/wp-json\/wp\/v2\/rodzaj?post=46972"},{"taxonomy":"seria","embeddable":true,"href":"https:\/\/wydawnictwo.ug.edu.pl\/en\/wp-json\/wp\/v2\/seria?post=46972"},{"taxonomy":"product_brand","embeddable":true,"href":"https:\/\/wydawnictwo.ug.edu.pl\/en\/wp-json\/wp\/v2\/product_brand?post=46972"},{"taxonomy":"product_cat","embeddable":true,"href":"https:\/\/wydawnictwo.ug.edu.pl\/en\/wp-json\/wp\/v2\/product_cat?post=46972"},{"taxonomy":"product_tag","embeddable":true,"href":"https:\/\/wydawnictwo.ug.edu.pl\/en\/wp-json\/wp\/v2\/product_tag?post=46972"}],"curies":[{"name":"wp","href":"https:\/\/api.w.org\/{rel}","templated":true}]}}