{"id":46971,"date":"2015-11-30T00:00:00","date_gmt":"2015-11-30T00:00:00","guid":{"rendered":"https:\/\/wydawnictwo.ug.edu.pl\/ksiegarnia-online\/uncategorized\/przewodnik-do-cwiczen-z-fizjologii-roslin\/"},"modified":"2026-02-11T16:26:09","modified_gmt":"2026-02-11T16:26:09","slug":"przewodnik-do-cwiczen-z-fizjologii-roslin","status":"publish","type":"product","link":"https:\/\/wydawnictwo.ug.edu.pl\/en\/ksiegarnia-online\/biologia\/przewodnik-do-cwiczen-z-fizjologii-roslin\/","title":{"rendered":"Przewodnik do \u0107wicze\u0144 z fizjologii ro\u015blin"},"content":{"rendered":"","protected":false},"excerpt":{"rendered":"<p><em>Przewodnik do \u0107wicze\u0144 z fizjologii ro\u015blin<\/em>\u00a0zosta\u0142 opracowany przede wszystkim z my\u015bl\u0105 o studentach biologii Uniwersytetu Gda\u0144skiego, a tak\u017ce innych uczelni wy\u017cszych, kt\u00f3rzy w trakcie studi\u00f3w przechodz\u0105 obowi\u0105zkowy kurs podstawowy z fizjologii ro\u015blin. Przewodnik obejmuje zestaw dwunastu niezale\u017cnych jednostek tematycznych. Dob\u00f3r zagadnie\u0144 i ich uk\u0142ad zosta\u0142 tak pomy\u015blany, aby studenci mogli nie tylko pozna\u0107 podstawowe dzia\u0142y fizjologii ro\u015blin, ale mieli r\u00f3wnie\u017c mo\u017cliwo\u015b\u0107 zaznajomienia si\u0119 z nowymi tre\u015bciami, kt\u00f3rych brakuje w dost\u0119pnych podr\u0119cznikach.<\/p>\n","protected":false},"featured_media":16546,"template":"","meta":{"_acf_changed":false},"journal":[],"rodzaj":[2605],"seria":[],"product_brand":[],"product_cat":[402],"product_tag":[1020],"class_list":{"0":"post-46971","1":"product","2":"type-product","3":"status-publish","4":"has-post-thumbnail","6":"rodzaj-podreczniki","7":"product_cat-biologia","8":"product_tag-zbigniew-tukaj","9":"pa_rok-wydania-857","11":"first","12":"instock","13":"taxable","14":"shipping-taxable","15":"purchasable","16":"product-type-simple"},"acf":[],"_links":{"self":[{"href":"https:\/\/wydawnictwo.ug.edu.pl\/en\/wp-json\/wp\/v2\/product\/46971","targetHints":{"allow":["GET"]}}],"collection":[{"href":"https:\/\/wydawnictwo.ug.edu.pl\/en\/wp-json\/wp\/v2\/product"}],"about":[{"href":"https:\/\/wydawnictwo.ug.edu.pl\/en\/wp-json\/wp\/v2\/types\/product"}],"wp:featuredmedia":[{"embeddable":true,"href":"https:\/\/wydawnictwo.ug.edu.pl\/en\/wp-json\/wp\/v2\/media\/16546"}],"wp:attachment":[{"href":"https:\/\/wydawnictwo.ug.edu.pl\/en\/wp-json\/wp\/v2\/media?parent=46971"}],"wp:term":[{"taxonomy":"journal","embeddable":true,"href":"https:\/\/wydawnictwo.ug.edu.pl\/en\/wp-json\/wp\/v2\/journal?post=46971"},{"taxonomy":"rodzaj","embeddable":true,"href":"https:\/\/wydawnictwo.ug.edu.pl\/en\/wp-json\/wp\/v2\/rodzaj?post=46971"},{"taxonomy":"seria","embeddable":true,"href":"https:\/\/wydawnictwo.ug.edu.pl\/en\/wp-json\/wp\/v2\/seria?post=46971"},{"taxonomy":"product_brand","embeddable":true,"href":"https:\/\/wydawnictwo.ug.edu.pl\/en\/wp-json\/wp\/v2\/product_brand?post=46971"},{"taxonomy":"product_cat","embeddable":true,"href":"https:\/\/wydawnictwo.ug.edu.pl\/en\/wp-json\/wp\/v2\/product_cat?post=46971"},{"taxonomy":"product_tag","embeddable":true,"href":"https:\/\/wydawnictwo.ug.edu.pl\/en\/wp-json\/wp\/v2\/product_tag?post=46971"}],"curies":[{"name":"wp","href":"https:\/\/api.w.org\/{rel}","templated":true}]}}