{"id":46970,"date":"2015-11-30T00:00:00","date_gmt":"2015-11-30T00:00:00","guid":{"rendered":"https:\/\/wydawnictwo.ug.edu.pl\/ksiegarnia-online\/uncategorized\/slowianie-w-podrozy-tom-ii-literatura\/"},"modified":"2026-02-11T16:26:00","modified_gmt":"2026-02-11T16:26:00","slug":"slowianie-w-podrozy-tom-ii-literatura","status":"publish","type":"product","link":"https:\/\/wydawnictwo.ug.edu.pl\/en\/ksiegarnia-online\/jezykoznawstwo\/slowianie-w-podrozy-tom-ii-literatura\/","title":{"rendered":"S\u0142owianie w podr\u00f3\u017cy. Tom II. Literatura"},"content":{"rendered":"","protected":false},"excerpt":{"rendered":"<p>Przedstawiony tom charakteryzuje si\u0119 du\u017c\u0105 rozpi\u0119to\u015bci\u0105 tematyczn\u0105 i chronologiczn\u0105 oraz kulturowym zr\u00f3\u017cnicowaniem omawianych zjawisk, Wynika to z dwu powod\u00f3w: pierwszym jest szerokie sformu\u0142owanie zasadniczego tematu rozwa\u017ca\u0144, drugim \u2013 rozpi\u0119to\u015b\u0107 metod badawczych zastosowanych przez poszczeg\u00f3lnych autor\u00f3w. W rezultacie omawiana praca odpowiada zamys\u0142owi serii, czyli prezentuje szeroki repertuar dyskurs\u00f3w wsp\u00f3\u0142czesnej slawistyki.<\/p>\n","protected":false},"featured_media":17791,"template":"","meta":{"_acf_changed":false},"journal":[],"rodzaj":[7075,7076],"seria":[7931],"product_brand":[],"product_cat":[6924,6925],"product_tag":[8102,8236],"class_list":{"0":"post-46970","1":"product","2":"type-product","3":"status-publish","4":"has-post-thumbnail","6":"rodzaj-e-book","7":"rodzaj-serie-wydawnicze","8":"seria-dyskursy-wspolczesnej-slawistyki","9":"product_cat-jezykoznawstwo","10":"product_cat-literaturoznawstwo","11":"product_tag-masa-gustinmasa-gustin","12":"product_tag-natalia-wyszogrodzka-liberadzka","14":"first","15":"instock","16":"taxable","17":"shipping-taxable","18":"purchasable","19":"product-type-external"},"acf":[],"_links":{"self":[{"href":"https:\/\/wydawnictwo.ug.edu.pl\/en\/wp-json\/wp\/v2\/product\/46970","targetHints":{"allow":["GET"]}}],"collection":[{"href":"https:\/\/wydawnictwo.ug.edu.pl\/en\/wp-json\/wp\/v2\/product"}],"about":[{"href":"https:\/\/wydawnictwo.ug.edu.pl\/en\/wp-json\/wp\/v2\/types\/product"}],"wp:featuredmedia":[{"embeddable":true,"href":"https:\/\/wydawnictwo.ug.edu.pl\/en\/wp-json\/wp\/v2\/media\/17791"}],"wp:attachment":[{"href":"https:\/\/wydawnictwo.ug.edu.pl\/en\/wp-json\/wp\/v2\/media?parent=46970"}],"wp:term":[{"taxonomy":"journal","embeddable":true,"href":"https:\/\/wydawnictwo.ug.edu.pl\/en\/wp-json\/wp\/v2\/journal?post=46970"},{"taxonomy":"rodzaj","embeddable":true,"href":"https:\/\/wydawnictwo.ug.edu.pl\/en\/wp-json\/wp\/v2\/rodzaj?post=46970"},{"taxonomy":"seria","embeddable":true,"href":"https:\/\/wydawnictwo.ug.edu.pl\/en\/wp-json\/wp\/v2\/seria?post=46970"},{"taxonomy":"product_brand","embeddable":true,"href":"https:\/\/wydawnictwo.ug.edu.pl\/en\/wp-json\/wp\/v2\/product_brand?post=46970"},{"taxonomy":"product_cat","embeddable":true,"href":"https:\/\/wydawnictwo.ug.edu.pl\/en\/wp-json\/wp\/v2\/product_cat?post=46970"},{"taxonomy":"product_tag","embeddable":true,"href":"https:\/\/wydawnictwo.ug.edu.pl\/en\/wp-json\/wp\/v2\/product_tag?post=46970"}],"curies":[{"name":"wp","href":"https:\/\/api.w.org\/{rel}","templated":true}]}}