{"id":46967,"date":"2015-12-01T00:00:00","date_gmt":"2015-12-01T00:00:00","guid":{"rendered":"https:\/\/wydawnictwo.ug.edu.pl\/ksiegarnia-online\/uncategorized\/teoria-chaosu-w-badaniach-funkcjonowania-podmiotow-gospodarczych-wybrane-zastosowania-w-sektorze-ochrony-zdrowia\/"},"modified":"2026-02-11T16:26:22","modified_gmt":"2026-02-11T16:26:22","slug":"teoria-chaosu-w-badaniach-funkcjonowania-podmiotow-gospodarczych-wybrane-zastosowania-w-sektorze-ochrony-zdrowia","status":"publish","type":"product","link":"https:\/\/wydawnictwo.ug.edu.pl\/en\/ksiegarnia-online\/ekonomia\/teoria-chaosu-w-badaniach-funkcjonowania-podmiotow-gospodarczych-wybrane-zastosowania-w-sektorze-ochrony-zdrowia\/","title":{"rendered":"Teoria chaosu w badaniach funkcjonowania podmiot\u00f3w gospodarczych. Wybrane zastosowania w sektorze ochrony zdrowia"},"content":{"rendered":"","protected":false},"excerpt":{"rendered":"<p>W rozumieniu autora odkrycia teorii chaosu mo\u017cna i nale\u017cy stosowa\u0107 w odniesieniu do zjawisk spo\u0142eczno-ekonomicznych, a szczeg\u00f3lnie do badania funkcjonowania podmiot\u00f3w gospodaruj\u0105cych. Podmioty te, ze swej natury, stanowi\u0105 wyrafinowane i niezwykle skomplikowane systemy, \u0142\u0105cz\u0105ce zar\u00f3wno z\u0142o\u017cone charakterystyki kwantyfikatywne, jak te\u017c wi\u0105zki uwarunkowa\u0144 o charakterze spo\u0142eczno-psychologicznym. Zdaniem autora du\u017ce znaczenie aprioryczne ma teoria chaosu jako metoda badawcza w tych systemach, w kt\u00f3rych zachowania zdaj\u0105 si\u0119 wskazywa\u0107 na losowo\u015b\u0107 i nieprzewidywalno\u015b\u0107 ich funkcjonowania. Jednym z takich system\u00f3w jest z ca\u0142\u0105 pewno\u015bci\u0105 sektor ochrony zdrowia w Polsce.<\/p>\n<p>Ksi\u0105\u017cka wydana w serii Dissertationes Laudatissimae Universitas Gedanensis.<\/p>\n","protected":false},"featured_media":17772,"template":"","meta":{"_acf_changed":false},"journal":[],"rodzaj":[7076],"seria":[7797],"product_brand":[],"product_cat":[6934],"product_tag":[],"class_list":{"0":"post-46967","1":"product","2":"type-product","3":"status-publish","4":"has-post-thumbnail","6":"rodzaj-serie-wydawnicze","7":"seria-dissertationes-laudatissimae-universitas-gedanensis","8":"product_cat-ekonomia","10":"first","11":"outofstock","12":"taxable","13":"shipping-taxable","14":"product-type-simple"},"acf":[],"_links":{"self":[{"href":"https:\/\/wydawnictwo.ug.edu.pl\/en\/wp-json\/wp\/v2\/product\/46967","targetHints":{"allow":["GET"]}}],"collection":[{"href":"https:\/\/wydawnictwo.ug.edu.pl\/en\/wp-json\/wp\/v2\/product"}],"about":[{"href":"https:\/\/wydawnictwo.ug.edu.pl\/en\/wp-json\/wp\/v2\/types\/product"}],"wp:featuredmedia":[{"embeddable":true,"href":"https:\/\/wydawnictwo.ug.edu.pl\/en\/wp-json\/wp\/v2\/media\/17772"}],"wp:attachment":[{"href":"https:\/\/wydawnictwo.ug.edu.pl\/en\/wp-json\/wp\/v2\/media?parent=46967"}],"wp:term":[{"taxonomy":"journal","embeddable":true,"href":"https:\/\/wydawnictwo.ug.edu.pl\/en\/wp-json\/wp\/v2\/journal?post=46967"},{"taxonomy":"rodzaj","embeddable":true,"href":"https:\/\/wydawnictwo.ug.edu.pl\/en\/wp-json\/wp\/v2\/rodzaj?post=46967"},{"taxonomy":"seria","embeddable":true,"href":"https:\/\/wydawnictwo.ug.edu.pl\/en\/wp-json\/wp\/v2\/seria?post=46967"},{"taxonomy":"product_brand","embeddable":true,"href":"https:\/\/wydawnictwo.ug.edu.pl\/en\/wp-json\/wp\/v2\/product_brand?post=46967"},{"taxonomy":"product_cat","embeddable":true,"href":"https:\/\/wydawnictwo.ug.edu.pl\/en\/wp-json\/wp\/v2\/product_cat?post=46967"},{"taxonomy":"product_tag","embeddable":true,"href":"https:\/\/wydawnictwo.ug.edu.pl\/en\/wp-json\/wp\/v2\/product_tag?post=46967"}],"curies":[{"name":"wp","href":"https:\/\/api.w.org\/{rel}","templated":true}]}}