{"id":46966,"date":"2016-11-30T00:00:00","date_gmt":"2016-11-30T00:00:00","guid":{"rendered":"https:\/\/wydawnictwo.ug.edu.pl\/ksiegarnia-online\/uncategorized\/o-obrazie-i-przestrzeni-problematyka-badan-mlodych-historykow-sztuki\/"},"modified":"2026-02-11T16:15:50","modified_gmt":"2026-02-11T16:15:50","slug":"o-obrazie-i-przestrzeni-problematyka-badan-mlodych-historykow-sztuki","status":"publish","type":"product","link":"https:\/\/wydawnictwo.ug.edu.pl\/en\/ksiegarnia-online\/historia-sztuki-i-kulturoznawstwo\/o-obrazie-i-przestrzeni-problematyka-badan-mlodych-historykow-sztuki\/","title":{"rendered":"O obrazie i przestrzeni. Problematyka bada\u0144 m\u0142odych historyk\u00f3w sztuki"},"content":{"rendered":"","protected":false},"excerpt":{"rendered":"<p>W \u00a0tomie zebrane zosta\u0142y artyku\u0142y m\u0142odych adept\u00f3w historii sztuki. Ich tematyka jest bardzo zr\u00f3\u017cnicowana zar\u00f3wno pod wzgl\u0119dem chronologicznym, jak i przedmiotowym. Obejmuje dawn\u0105 architektur\u0119, rze\u017ab\u0119 i malarstwo, ale te\u017c niesprecyzowane jeszcze cz\u0119sto gatunki sztuki najnowszej. Wa\u017cnym aspektem bada\u0144 m\u0142odych naukowc\u00f3w jest poszukiwanie odpowiedniej metodologii, co r\u00f3wnie\u017c znajduje odzwierciedlenie w zgromadzonych tekstach.<\/p>\n","protected":false},"featured_media":14724,"template":"","meta":{"_acf_changed":false},"journal":[],"rodzaj":[2602],"seria":[],"product_brand":[],"product_cat":[6936],"product_tag":[529],"class_list":{"0":"post-46966","1":"product","2":"type-product","3":"status-publish","4":"has-post-thumbnail","6":"rodzaj-ksiazki","7":"product_cat-historia-sztuki-i-kulturoznawstwo","8":"product_tag-katarzyna-a-wojtczak","10":"first","11":"outofstock","12":"taxable","13":"shipping-taxable","14":"product-type-simple"},"acf":[],"_links":{"self":[{"href":"https:\/\/wydawnictwo.ug.edu.pl\/en\/wp-json\/wp\/v2\/product\/46966","targetHints":{"allow":["GET"]}}],"collection":[{"href":"https:\/\/wydawnictwo.ug.edu.pl\/en\/wp-json\/wp\/v2\/product"}],"about":[{"href":"https:\/\/wydawnictwo.ug.edu.pl\/en\/wp-json\/wp\/v2\/types\/product"}],"wp:featuredmedia":[{"embeddable":true,"href":"https:\/\/wydawnictwo.ug.edu.pl\/en\/wp-json\/wp\/v2\/media\/14724"}],"wp:attachment":[{"href":"https:\/\/wydawnictwo.ug.edu.pl\/en\/wp-json\/wp\/v2\/media?parent=46966"}],"wp:term":[{"taxonomy":"journal","embeddable":true,"href":"https:\/\/wydawnictwo.ug.edu.pl\/en\/wp-json\/wp\/v2\/journal?post=46966"},{"taxonomy":"rodzaj","embeddable":true,"href":"https:\/\/wydawnictwo.ug.edu.pl\/en\/wp-json\/wp\/v2\/rodzaj?post=46966"},{"taxonomy":"seria","embeddable":true,"href":"https:\/\/wydawnictwo.ug.edu.pl\/en\/wp-json\/wp\/v2\/seria?post=46966"},{"taxonomy":"product_brand","embeddable":true,"href":"https:\/\/wydawnictwo.ug.edu.pl\/en\/wp-json\/wp\/v2\/product_brand?post=46966"},{"taxonomy":"product_cat","embeddable":true,"href":"https:\/\/wydawnictwo.ug.edu.pl\/en\/wp-json\/wp\/v2\/product_cat?post=46966"},{"taxonomy":"product_tag","embeddable":true,"href":"https:\/\/wydawnictwo.ug.edu.pl\/en\/wp-json\/wp\/v2\/product_tag?post=46966"}],"curies":[{"name":"wp","href":"https:\/\/api.w.org\/{rel}","templated":true}]}}