{"id":46965,"date":"2016-11-30T00:00:00","date_gmt":"2016-11-30T00:00:00","guid":{"rendered":"https:\/\/wydawnictwo.ug.edu.pl\/ksiegarnia-online\/uncategorized\/matematyka-na-pomorzu-gdanskim\/"},"modified":"2026-02-11T16:15:53","modified_gmt":"2026-02-11T16:15:53","slug":"matematyka-na-pomorzu-gdanskim","status":"publish","type":"product","link":"https:\/\/wydawnictwo.ug.edu.pl\/en\/ksiegarnia-online\/matematyka-i-informatyka\/matematyka-na-pomorzu-gdanskim\/","title":{"rendered":"Matematyka na Pomorzu Gda\u0144skim"},"content":{"rendered":"","protected":false},"excerpt":{"rendered":"<p>Niniejsze opracowanie, b\u0119d\u0105ce rezultatem przedsi\u0119wzi\u0119cia podj\u0119tego w ramach obchod\u00f3w Roku Matematyki na Pomorzu, dotyczy historii matematyki, jej obecno\u015bci w szko\u0142ach, uczelniach i instytucjach naukowych na Pomorzu Gda\u0144skim po 1945 roku. Jednym z g\u0142\u00f3wnych cel\u00f3w podj\u0119tej inicjatywy by\u0142o udokumentowanie rozwoju matematyki w tym regionie, upami\u0119tnienie \u2013 poma\u0142u zacieraj\u0105cych si\u0119 \u2013 wydarze\u0144 i nazwisk z rozwojem matematyki zwi\u0105zanych.<\/p>\n","protected":false},"featured_media":15456,"template":"","meta":{"_acf_changed":false},"journal":[],"rodzaj":[2602],"seria":[],"product_brand":[],"product_cat":[275],"product_tag":[528,527],"class_list":{"0":"post-46965","1":"product","2":"type-product","3":"status-publish","4":"has-post-thumbnail","6":"rodzaj-ksiazki","7":"product_cat-matematyka-i-informatyka","8":"product_tag-andrzej-szczepanski","9":"product_tag-emilia-jakimowicz","11":"first","12":"outofstock","13":"taxable","14":"shipping-taxable","15":"purchasable","16":"product-type-simple"},"acf":[],"_links":{"self":[{"href":"https:\/\/wydawnictwo.ug.edu.pl\/en\/wp-json\/wp\/v2\/product\/46965","targetHints":{"allow":["GET"]}}],"collection":[{"href":"https:\/\/wydawnictwo.ug.edu.pl\/en\/wp-json\/wp\/v2\/product"}],"about":[{"href":"https:\/\/wydawnictwo.ug.edu.pl\/en\/wp-json\/wp\/v2\/types\/product"}],"wp:featuredmedia":[{"embeddable":true,"href":"https:\/\/wydawnictwo.ug.edu.pl\/en\/wp-json\/wp\/v2\/media\/15456"}],"wp:attachment":[{"href":"https:\/\/wydawnictwo.ug.edu.pl\/en\/wp-json\/wp\/v2\/media?parent=46965"}],"wp:term":[{"taxonomy":"journal","embeddable":true,"href":"https:\/\/wydawnictwo.ug.edu.pl\/en\/wp-json\/wp\/v2\/journal?post=46965"},{"taxonomy":"rodzaj","embeddable":true,"href":"https:\/\/wydawnictwo.ug.edu.pl\/en\/wp-json\/wp\/v2\/rodzaj?post=46965"},{"taxonomy":"seria","embeddable":true,"href":"https:\/\/wydawnictwo.ug.edu.pl\/en\/wp-json\/wp\/v2\/seria?post=46965"},{"taxonomy":"product_brand","embeddable":true,"href":"https:\/\/wydawnictwo.ug.edu.pl\/en\/wp-json\/wp\/v2\/product_brand?post=46965"},{"taxonomy":"product_cat","embeddable":true,"href":"https:\/\/wydawnictwo.ug.edu.pl\/en\/wp-json\/wp\/v2\/product_cat?post=46965"},{"taxonomy":"product_tag","embeddable":true,"href":"https:\/\/wydawnictwo.ug.edu.pl\/en\/wp-json\/wp\/v2\/product_tag?post=46965"}],"curies":[{"name":"wp","href":"https:\/\/api.w.org\/{rel}","templated":true}]}}