{"id":46964,"date":"2016-11-30T00:00:00","date_gmt":"2016-11-30T00:00:00","guid":{"rendered":"https:\/\/wydawnictwo.ug.edu.pl\/ksiegarnia-online\/uncategorized\/kodeks-dobr-kultury-i-krajobrazu-republiki-wloskiej-2\/"},"modified":"2026-02-11T16:18:26","modified_gmt":"2026-02-11T16:18:26","slug":"kodeks-dobr-kultury-i-krajobrazu-republiki-wloskiej-2","status":"publish","type":"product","link":"https:\/\/wydawnictwo.ug.edu.pl\/en\/ksiegarnia-online\/prawo-i-administracja\/kodeks-dobr-kultury-i-krajobrazu-republiki-wloskiej-2\/","title":{"rendered":"Kodeks d\u00f3br kultury i krajobrazu Republiki W\u0142oskiej"},"content":{"rendered":"","protected":false},"excerpt":{"rendered":"<p>Autorski przek\u0142ad w\u0142oskiego Kodeksu d\u00f3br kultury i krajobrazu z 2004 roku jest szczeg\u00f3lnie wa\u017cny w czasie trwaj\u0105cej w Polsce dyskusji, czy prawo ochrony dziedzictwa kultury po-winno zosta\u0107 skodyfikowane. Rozwa\u017cania w\u0142oskie mog\u0105 stanowi\u0107 wz\u00f3r dla prawodawcy, ale tak\u017ce pokazuj\u0105 instytucje prawne kraju, kt\u00f3rego dziedzictwo kultury budzi zazdro\u015b\u0107.<\/p>\n","protected":false},"featured_media":14651,"template":"","meta":{"_acf_changed":false},"journal":[],"rodzaj":[7076],"seria":[7078],"product_brand":[],"product_cat":[6932],"product_tag":[7854],"class_list":{"0":"post-46964","1":"product","2":"type-product","3":"status-publish","4":"has-post-thumbnail","6":"rodzaj-serie-wydawnicze","7":"seria-biblioteka-prawa-ochrony-zabytkow","8":"product_cat-prawo-i-administracja","9":"product_tag-andrzej-mosandrzej-mos","10":"pa_rok-wydania-2017-en","12":"first","13":"outofstock","14":"taxable","15":"shipping-taxable","16":"purchasable","17":"product-type-simple"},"acf":[],"_links":{"self":[{"href":"https:\/\/wydawnictwo.ug.edu.pl\/en\/wp-json\/wp\/v2\/product\/46964","targetHints":{"allow":["GET"]}}],"collection":[{"href":"https:\/\/wydawnictwo.ug.edu.pl\/en\/wp-json\/wp\/v2\/product"}],"about":[{"href":"https:\/\/wydawnictwo.ug.edu.pl\/en\/wp-json\/wp\/v2\/types\/product"}],"wp:featuredmedia":[{"embeddable":true,"href":"https:\/\/wydawnictwo.ug.edu.pl\/en\/wp-json\/wp\/v2\/media\/14651"}],"wp:attachment":[{"href":"https:\/\/wydawnictwo.ug.edu.pl\/en\/wp-json\/wp\/v2\/media?parent=46964"}],"wp:term":[{"taxonomy":"journal","embeddable":true,"href":"https:\/\/wydawnictwo.ug.edu.pl\/en\/wp-json\/wp\/v2\/journal?post=46964"},{"taxonomy":"rodzaj","embeddable":true,"href":"https:\/\/wydawnictwo.ug.edu.pl\/en\/wp-json\/wp\/v2\/rodzaj?post=46964"},{"taxonomy":"seria","embeddable":true,"href":"https:\/\/wydawnictwo.ug.edu.pl\/en\/wp-json\/wp\/v2\/seria?post=46964"},{"taxonomy":"product_brand","embeddable":true,"href":"https:\/\/wydawnictwo.ug.edu.pl\/en\/wp-json\/wp\/v2\/product_brand?post=46964"},{"taxonomy":"product_cat","embeddable":true,"href":"https:\/\/wydawnictwo.ug.edu.pl\/en\/wp-json\/wp\/v2\/product_cat?post=46964"},{"taxonomy":"product_tag","embeddable":true,"href":"https:\/\/wydawnictwo.ug.edu.pl\/en\/wp-json\/wp\/v2\/product_tag?post=46964"}],"curies":[{"name":"wp","href":"https:\/\/api.w.org\/{rel}","templated":true}]}}