{"id":46963,"date":"2016-12-31T00:00:00","date_gmt":"2016-12-31T00:00:00","guid":{"rendered":"https:\/\/wydawnictwo.ug.edu.pl\/ksiegarnia-online\/uncategorized\/imaginatio\/"},"modified":"2016-12-31T00:00:00","modified_gmt":"2016-12-31T00:00:00","slug":"imaginatio","status":"publish","type":"product","link":"https:\/\/wydawnictwo.ug.edu.pl\/en\/ksiegarnia-online\/jezykoznawstwo\/imaginatio\/","title":{"rendered":"Imaginatio. Tom VII"},"content":{"rendered":"","protected":false},"excerpt":{"rendered":"<p>Jednym z fundamentalnych problem\u00f3w kultury jest ustanawianie sensu, kt\u00f3rego domaga si\u0119 otaczaj\u0105cy nas \u015bwiat. Wiele wykorzystywanych w tym kontek\u015bcie strategii ma wprawdzie charakter irracjonalny, jednak trudno bez tego specy\ufb01cznego czynnika wyobrazi\u0107 sobie rozmaite, tak\u017ce naukowe, koncepcje rzeczywisto\u015bci. Je\u015bli wi\u0119c od wyobra\u017ani zaczyna si\u0119 rozumienie \u015bwiata, stanowi\u0107 ona te\u017c musi wa\u017cny problem badawczy dla r\u00f3\u017cnych dyscyplin humanistycznych. Nie spos\u00f3b w tym miejscu przedstawi\u0107, cho\u0107by w najwi\u0119kszym skr\u00f3cie, r\u00f3\u017cnorodnych koncepcji wyobra\u017ani w kulturze Zachodu. W naszej publikacji znalaz\u0142y si\u0119 natomiast studia po\u015bwi\u0119cone ezoterycznemu kontekstowi imaginacji, poniewa\u017c w\u0142a\u015bnie w tym przypadku g\u0142\u0119boka wiara w skuteczno\u015b\u0107 ludzkiej wyobra\u017ani i jej stw\u00f3rcz\u0105 rol\u0119 staje si\u0119 szczeg\u00f3lnie wyrazista.<\/p>\n<p>Ksi\u0105\u017cka ukaza\u0142a si\u0119 w serii wydawniczej \u015awiat\u0142o i Ciemno\u015b\u0107.<\/p>\n","protected":false},"featured_media":14715,"template":"","meta":{"_acf_changed":false},"journal":[],"rodzaj":[7077,7076],"seria":[7322],"product_brand":[],"product_cat":[6924],"product_tag":[8098,8084,7571],"class_list":{"0":"post-46963","1":"product","2":"type-product","3":"status-publish","4":"has-post-thumbnail","6":"rodzaj-czasopismo","7":"rodzaj-serie-wydawnicze","8":"seria-swiatlo-i-ciemnosc","9":"product_cat-jezykoznawstwo","10":"product_tag-agata-swierzowskaagata-swierzowska","11":"product_tag-izabela-trzcinska","12":"product_tag-monika-rzeczycka","14":"first","15":"instock","16":"taxable","17":"shipping-taxable","18":"purchasable","19":"product-type-simple"},"acf":[],"jetpack_sharing_enabled":true,"_links":{"self":[{"href":"https:\/\/wydawnictwo.ug.edu.pl\/en\/wp-json\/wp\/v2\/product\/46963","targetHints":{"allow":["GET"]}}],"collection":[{"href":"https:\/\/wydawnictwo.ug.edu.pl\/en\/wp-json\/wp\/v2\/product"}],"about":[{"href":"https:\/\/wydawnictwo.ug.edu.pl\/en\/wp-json\/wp\/v2\/types\/product"}],"wp:featuredmedia":[{"embeddable":true,"href":"https:\/\/wydawnictwo.ug.edu.pl\/en\/wp-json\/wp\/v2\/media\/14715"}],"wp:attachment":[{"href":"https:\/\/wydawnictwo.ug.edu.pl\/en\/wp-json\/wp\/v2\/media?parent=46963"}],"wp:term":[{"taxonomy":"journal","embeddable":true,"href":"https:\/\/wydawnictwo.ug.edu.pl\/en\/wp-json\/wp\/v2\/journal?post=46963"},{"taxonomy":"rodzaj","embeddable":true,"href":"https:\/\/wydawnictwo.ug.edu.pl\/en\/wp-json\/wp\/v2\/rodzaj?post=46963"},{"taxonomy":"seria","embeddable":true,"href":"https:\/\/wydawnictwo.ug.edu.pl\/en\/wp-json\/wp\/v2\/seria?post=46963"},{"taxonomy":"product_brand","embeddable":true,"href":"https:\/\/wydawnictwo.ug.edu.pl\/en\/wp-json\/wp\/v2\/product_brand?post=46963"},{"taxonomy":"product_cat","embeddable":true,"href":"https:\/\/wydawnictwo.ug.edu.pl\/en\/wp-json\/wp\/v2\/product_cat?post=46963"},{"taxonomy":"product_tag","embeddable":true,"href":"https:\/\/wydawnictwo.ug.edu.pl\/en\/wp-json\/wp\/v2\/product_tag?post=46963"}],"curies":[{"name":"wp","href":"https:\/\/api.w.org\/{rel}","templated":true}]}}