{"id":46961,"date":"2017-11-01T00:00:00","date_gmt":"2017-11-01T00:00:00","guid":{"rendered":"https:\/\/wydawnictwo.ug.edu.pl\/ksiegarnia-online\/uncategorized\/mlode-miasto-gdansk-1380-1455-i-jego-patrymonium\/"},"modified":"2026-02-11T15:58:25","modified_gmt":"2026-02-11T15:58:25","slug":"mlode-miasto-gdansk-1380-1455-i-jego-patrymonium","status":"publish","type":"product","link":"https:\/\/wydawnictwo.ug.edu.pl\/en\/ksiegarnia-online\/historia\/mlode-miasto-gdansk-1380-1455-i-jego-patrymonium\/","title":{"rendered":"M\u0142ode Miasto Gda\u0144sk (1380\u20131455) i jego patrymonium"},"content":{"rendered":"","protected":false},"excerpt":{"rendered":"<p>Tematem rozprawy jest M\u0142ode Miasto Gda\u0144sk i jego patrymonium. Ramy\u00a0chronologiczne odpowiadaj\u0105 okresowi funkcjonowania tego organizmu\u00a0miejskiego, od wystawienia przywileju lokacyjnego w 1380 r. po jego rozbi\u00f3rk\u0119 w 1455 r. M\u0142ode Miasto zosta\u0142o za\u0142o\u017cone na p\u00f3\u0142nocny zach\u00f3d od Starego Miasta,\u00a0jako czwarty cz\u0142on wchodz\u0105cy w sk\u0142ad p\u00f3\u017ano\u015bredniowiecznej aglomeracji Gda\u0144ska \u2013\u00a0obok G\u0142\u00f3wnego i Starego Miasta oraz rybackiej osady Osiek. Kr\u00f3tki okres egzystencji o\u015brodka spowodowa\u0142, \u017ce badaniami obj\u0119to nie tylko sam\u0105 stref\u0119 osadnicz\u0105, ale\u00a0tak\u017ce jego terytorium ziemskie (patrymonium) oraz relacje mi\u0119dzy nimi.<\/p>\n<p>Za\u0142o\u017cenia badawcze i szeroka kwerenda archiwalna pozwoli\u0142y ustali\u0107 nowe fakty dotycz\u0105ce rozwoju przestrzennego \u015bredniowiecznego zespo\u0142u osadniczego Gda\u0144ska (okre\u015blenie po\u0142o\u017cenia strefy osadniczej miasta i granic jego patrymonium), cz\u0142onk\u00f3w w\u0142adz miejskich M\u0142odego Miasta (uzupe\u0142nienie dotychczasowych informacji o sk\u0142adach rady i \u0142awy M\u0142odego Miasta), jego organizacji ko\u015bcielnej (w tym statusu parafialnego ko\u015bcio\u0142a \u015bw. Bart\u0142omieja przed 1456 r.), powi\u0105za\u0144 rodzinnych i gospodarczych mi\u0119dzy patrycjatem G\u0142\u00f3wnego, Starego i M\u0142odego Miasta, podstaw prawnych i ekonomicznych \u017cycia jego mieszka\u0144c\u00f3w, przyczyn powstania oraz zag\u0142ady miasta, a tak\u017ce roli, jak\u0105 M\u0142ode Miasto i jego mieszka\u0144cy odgrywali w polityce zakonu krzy\u017cackiego (m.in. kwestia kompletnej apatii politycznej M\u0142odego Miasta w okresie istnienia Zwi\u0105zku Pruskiego oraz pr\u00f3by pojednawcze podejmowane przez wielkiego mistrza Ludwiga von Erlichshausena po wybuchu wojny trzynastoletniej).<\/p>\n","protected":false},"featured_media":16491,"template":"","meta":{"_acf_changed":false},"journal":[],"rodzaj":[],"seria":[],"product_brand":[],"product_cat":[229],"product_tag":[1174],"class_list":{"0":"post-46961","1":"product","2":"type-product","3":"status-publish","4":"has-post-thumbnail","6":"product_cat-historia","7":"product_tag-piotr-samol","9":"first","10":"outofstock","11":"taxable","12":"shipping-taxable","13":"purchasable","14":"product-type-simple"},"acf":[],"_links":{"self":[{"href":"https:\/\/wydawnictwo.ug.edu.pl\/en\/wp-json\/wp\/v2\/product\/46961","targetHints":{"allow":["GET"]}}],"collection":[{"href":"https:\/\/wydawnictwo.ug.edu.pl\/en\/wp-json\/wp\/v2\/product"}],"about":[{"href":"https:\/\/wydawnictwo.ug.edu.pl\/en\/wp-json\/wp\/v2\/types\/product"}],"wp:featuredmedia":[{"embeddable":true,"href":"https:\/\/wydawnictwo.ug.edu.pl\/en\/wp-json\/wp\/v2\/media\/16491"}],"wp:attachment":[{"href":"https:\/\/wydawnictwo.ug.edu.pl\/en\/wp-json\/wp\/v2\/media?parent=46961"}],"wp:term":[{"taxonomy":"journal","embeddable":true,"href":"https:\/\/wydawnictwo.ug.edu.pl\/en\/wp-json\/wp\/v2\/journal?post=46961"},{"taxonomy":"rodzaj","embeddable":true,"href":"https:\/\/wydawnictwo.ug.edu.pl\/en\/wp-json\/wp\/v2\/rodzaj?post=46961"},{"taxonomy":"seria","embeddable":true,"href":"https:\/\/wydawnictwo.ug.edu.pl\/en\/wp-json\/wp\/v2\/seria?post=46961"},{"taxonomy":"product_brand","embeddable":true,"href":"https:\/\/wydawnictwo.ug.edu.pl\/en\/wp-json\/wp\/v2\/product_brand?post=46961"},{"taxonomy":"product_cat","embeddable":true,"href":"https:\/\/wydawnictwo.ug.edu.pl\/en\/wp-json\/wp\/v2\/product_cat?post=46961"},{"taxonomy":"product_tag","embeddable":true,"href":"https:\/\/wydawnictwo.ug.edu.pl\/en\/wp-json\/wp\/v2\/product_tag?post=46961"}],"curies":[{"name":"wp","href":"https:\/\/api.w.org\/{rel}","templated":true}]}}