{"id":46953,"date":"2017-11-30T00:00:00","date_gmt":"2017-11-30T00:00:00","guid":{"rendered":"https:\/\/wydawnictwo.ug.edu.pl\/ksiegarnia-online\/uncategorized\/spoleczenstwo-kultura-wychowanie\/"},"modified":"2026-02-11T15:58:43","modified_gmt":"2026-02-11T15:58:43","slug":"spoleczenstwo-kultura-wychowanie","status":"publish","type":"product","link":"https:\/\/wydawnictwo.ug.edu.pl\/en\/ksiegarnia-online\/socjologia\/spoleczenstwo-kultura-wychowanie\/","title":{"rendered":"Spo\u0142ecze\u0144stwo. Kultura. Wychowanie"},"content":{"rendered":"","protected":false},"excerpt":{"rendered":"<p>Ksi\u0105\u017cka zas\u0142uguje na uwag\u0119 ka\u017cdego, kto zajmuje si\u0119\u00a0 szeroko rozumianymi zagadnieniami pedagogiki (wychowania) w jej r\u00f3\u017cnych kontekstach \u2013 spo\u0142ecznym, kulturowym, psychologicznym, filozoficznym. Autorzy, zaproszeni do udzia\u0142u w tej publikacji, zwracaj\u0105 uwag\u0119 na podstawowe problemy istotne dla spo\u0142ecze\u0144stwa \u017cyj\u0105cego w kulturze ponowoczesnej (neoliberalnej), a jednocze\u015bnie w swoich analizach diagnozuj\u0105 zagadnienia bardziej szczeg\u00f3\u0142owo, powi\u0119kszaj\u0105c w ten spos\u00f3b obszar (nie)wiedzy.<\/p>\n","protected":false},"featured_media":17483,"template":"","meta":{"_acf_changed":false},"journal":[],"rodzaj":[7076],"seria":[7152],"product_brand":[],"product_cat":[7007,6953],"product_tag":[8230],"class_list":{"0":"post-46953","1":"product","2":"type-product","3":"status-publish","4":"has-post-thumbnail","6":"rodzaj-serie-wydawnicze","7":"seria-ars-educandi-monografie","8":"product_cat-pedagogika-i-psychologia","9":"product_cat-socjologia","10":"product_tag-jan-papiez","12":"first","13":"outofstock","14":"taxable","15":"shipping-taxable","16":"purchasable","17":"product-type-simple"},"acf":[],"_links":{"self":[{"href":"https:\/\/wydawnictwo.ug.edu.pl\/en\/wp-json\/wp\/v2\/product\/46953","targetHints":{"allow":["GET"]}}],"collection":[{"href":"https:\/\/wydawnictwo.ug.edu.pl\/en\/wp-json\/wp\/v2\/product"}],"about":[{"href":"https:\/\/wydawnictwo.ug.edu.pl\/en\/wp-json\/wp\/v2\/types\/product"}],"wp:featuredmedia":[{"embeddable":true,"href":"https:\/\/wydawnictwo.ug.edu.pl\/en\/wp-json\/wp\/v2\/media\/17483"}],"wp:attachment":[{"href":"https:\/\/wydawnictwo.ug.edu.pl\/en\/wp-json\/wp\/v2\/media?parent=46953"}],"wp:term":[{"taxonomy":"journal","embeddable":true,"href":"https:\/\/wydawnictwo.ug.edu.pl\/en\/wp-json\/wp\/v2\/journal?post=46953"},{"taxonomy":"rodzaj","embeddable":true,"href":"https:\/\/wydawnictwo.ug.edu.pl\/en\/wp-json\/wp\/v2\/rodzaj?post=46953"},{"taxonomy":"seria","embeddable":true,"href":"https:\/\/wydawnictwo.ug.edu.pl\/en\/wp-json\/wp\/v2\/seria?post=46953"},{"taxonomy":"product_brand","embeddable":true,"href":"https:\/\/wydawnictwo.ug.edu.pl\/en\/wp-json\/wp\/v2\/product_brand?post=46953"},{"taxonomy":"product_cat","embeddable":true,"href":"https:\/\/wydawnictwo.ug.edu.pl\/en\/wp-json\/wp\/v2\/product_cat?post=46953"},{"taxonomy":"product_tag","embeddable":true,"href":"https:\/\/wydawnictwo.ug.edu.pl\/en\/wp-json\/wp\/v2\/product_tag?post=46953"}],"curies":[{"name":"wp","href":"https:\/\/api.w.org\/{rel}","templated":true}]}}