{"id":46950,"date":"2017-11-30T00:00:00","date_gmt":"2017-11-30T00:00:00","guid":{"rendered":"https:\/\/wydawnictwo.ug.edu.pl\/ksiegarnia-online\/uncategorized\/turystyka-i-turysta-nad-baltykiem\/"},"modified":"2026-02-11T15:59:10","modified_gmt":"2026-02-11T15:59:10","slug":"turystyka-i-turysta-nad-baltykiem","status":"publish","type":"product","link":"https:\/\/wydawnictwo.ug.edu.pl\/en\/ksiegarnia-online\/historia\/turystyka-i-turysta-nad-baltykiem\/","title":{"rendered":"Turystyka i turysta nad Ba\u0142tykiem"},"content":{"rendered":"","protected":false},"excerpt":{"rendered":"<p>Ksi\u0105\u017cka prezentuje kwestie dotycz\u0105ce warunk\u00f3w podr\u00f3\u017cowania, zagadnie\u0144 propagandowych i reklamowych wykorzystywanych w turystyce. W publikacji zosta\u0142y tak\u017ce przedstawione tematy nawi\u0105zuj\u0105ce do element\u00f3w\u00a0regionalnych i religijnych zwi\u0105zanych z turystyk\u0105.<\/p>\n<p>Ksi\u0105\u017cka ukaza\u0142a si\u0119 w serii wydawniczej Gda\u0144skie Teki Turystyczno-Krajoznawcze.<\/p>\n","protected":false},"featured_media":14699,"template":"","meta":{"_acf_changed":false},"journal":[],"rodzaj":[7077,7076],"seria":[7081],"product_brand":[],"product_cat":[6958],"product_tag":[8300],"class_list":{"0":"post-46950","1":"product","2":"type-product","3":"status-publish","4":"has-post-thumbnail","6":"rodzaj-czasopismo","7":"rodzaj-serie-wydawnicze","8":"seria-gdanskie-teki-turystyczno-krajoznawcze","9":"product_cat-historia","10":"product_tag-magdalena-szmytkowska","12":"first","13":"outofstock","14":"taxable","15":"shipping-taxable","16":"purchasable","17":"product-type-simple"},"acf":[],"_links":{"self":[{"href":"https:\/\/wydawnictwo.ug.edu.pl\/en\/wp-json\/wp\/v2\/product\/46950","targetHints":{"allow":["GET"]}}],"collection":[{"href":"https:\/\/wydawnictwo.ug.edu.pl\/en\/wp-json\/wp\/v2\/product"}],"about":[{"href":"https:\/\/wydawnictwo.ug.edu.pl\/en\/wp-json\/wp\/v2\/types\/product"}],"wp:featuredmedia":[{"embeddable":true,"href":"https:\/\/wydawnictwo.ug.edu.pl\/en\/wp-json\/wp\/v2\/media\/14699"}],"wp:attachment":[{"href":"https:\/\/wydawnictwo.ug.edu.pl\/en\/wp-json\/wp\/v2\/media?parent=46950"}],"wp:term":[{"taxonomy":"journal","embeddable":true,"href":"https:\/\/wydawnictwo.ug.edu.pl\/en\/wp-json\/wp\/v2\/journal?post=46950"},{"taxonomy":"rodzaj","embeddable":true,"href":"https:\/\/wydawnictwo.ug.edu.pl\/en\/wp-json\/wp\/v2\/rodzaj?post=46950"},{"taxonomy":"seria","embeddable":true,"href":"https:\/\/wydawnictwo.ug.edu.pl\/en\/wp-json\/wp\/v2\/seria?post=46950"},{"taxonomy":"product_brand","embeddable":true,"href":"https:\/\/wydawnictwo.ug.edu.pl\/en\/wp-json\/wp\/v2\/product_brand?post=46950"},{"taxonomy":"product_cat","embeddable":true,"href":"https:\/\/wydawnictwo.ug.edu.pl\/en\/wp-json\/wp\/v2\/product_cat?post=46950"},{"taxonomy":"product_tag","embeddable":true,"href":"https:\/\/wydawnictwo.ug.edu.pl\/en\/wp-json\/wp\/v2\/product_tag?post=46950"}],"curies":[{"name":"wp","href":"https:\/\/api.w.org\/{rel}","templated":true}]}}