{"id":46949,"date":"2017-11-30T00:00:00","date_gmt":"2017-11-30T00:00:00","guid":{"rendered":"https:\/\/wydawnictwo.ug.edu.pl\/ksiegarnia-online\/uncategorized\/profesor-waclaw-szybalski-o-lwowie-genach-istocie-zycia-i-noblistach\/"},"modified":"2026-02-11T15:59:03","modified_gmt":"2026-02-11T15:59:03","slug":"profesor-waclaw-szybalski-o-lwowie-genach-istocie-zycia-i-noblistach","status":"publish","type":"product","link":"https:\/\/wydawnictwo.ug.edu.pl\/en\/ksiegarnia-online\/historia\/profesor-waclaw-szybalski-o-lwowie-genach-istocie-zycia-i-noblistach\/","title":{"rendered":"Profesor Wac\u0142aw Szybalski o Lwowie, genach, istocie \u017cycia i noblistach"},"content":{"rendered":"","protected":false},"excerpt":{"rendered":"<p>Profesor Wac\u0142aw Szybalski, znakomity polski uczony pracuj\u0105cy w Stanach Zjednoczonych, pionier nowoczesnej biologii molekularnej, znany jest wielu pokoleniom naukowc\u00f3w na ca\u0142ym \u015bwiecie.<\/p>\n<p>Olbrzymi\u0105 s\u0142aw\u0119 przynios\u0142y profesorowi Szybalskiemu odkrycia w\u00a0 dziedzinie biologii molekularnej. Mia\u0142y one charakter rewolucyjny, na skal\u0119 nagrody Nobla. Opracowane przez niego skomplikowane i niezwykle nowatorskie metody manipulowania materia\u0142em genetycznym umo\u017cliwi\u0142y rozw\u00f3j biologii i genetyki molekularnej. Odkrycie owych metod zawiod\u0142o profesora do sformu\u0142owania zasad terapii genowej, a kolejne prace umo\u017cliwi\u0142y produkcj\u0119 specyficznych przeciwcia\u0142 monoklonalnych, tak wa\u017cnych w diagnostyce i leczeniu bardzo wielu chor\u00f3b.<\/p>\n<p>Zas\u0142yn\u0105\u0142 koncepcjami nowoczesnego leczenia chor\u00f3b. Pierwszy sformu\u0142owa\u0142 i wykaza\u0142 olbrzymie korzy\u015bci p\u0142yn\u0105ce z wielolekowej terapii r\u00f3\u017cnych chor\u00f3b, w tym gru\u017alicy, bia\u0142aczki i AIDS.<\/p>\n<p>Na powstanie tej ksi\u0105\u017cki z\u0142o\u017cy\u0142a si\u0119 praca wielu os\u00f3b: jej bohatera \u2014\u00a0prof. Wac\u0142awa Szybalskiego, kt\u00f3ry zadziwia nas wspania\u0142\u0105 pami\u0119ci\u0105 i wielk\u0105\u00a0dba\u0142o\u015bci\u0105 o szczeg\u00f3\u0142y, opisuj\u0105c zar\u00f3wno ludzi \u2014 cz\u0142onk\u00f3w rodziny oraz\u00a0licznych przyjaci\u00f3\u0142 i koleg\u00f3w naukowc\u00f3w jak i miejsca oraz wydarzenia;\u00a0Jaros\u0142awa Abramowa-Newerlego i jego ma\u0142\u017conki Wandy, kt\u00f3rzy\u00a0przeprowadzili i spisali liczne wywiady z cz\u0142onkami rodziny oraz przyjaci\u00f3\u0142mi\u00a0profesora; wsp\u00f3\u0142pracownicy i przyjaci\u00f3\u0142ki profesora Ireny Fraczek, kt\u00f3ra\u00a0spisane przez autora ksi\u0105\u017cki wspomnienia uzupe\u0142ni\u0142a, opatrzy\u0142a fotografiami\u00a0i przypisami.<\/p>\n<p>W efekcie powsta\u0142a fascynuj\u0105ca, zbeletryzowana biografia Wac\u0142awa, a zarazem opowie\u015b\u0107 o jego rodzinie, o Lwowie i powojennej Polsce, o emigracji i wa\u017cnych odkryciach naukowych i o wielu s\u0142ynnych ludziach, kt\u00f3rych spotka\u0142 w swoim barwnym \u017cyciu.<\/p>\n<p>Do ksi\u0105\u017cki zosta\u0142 do\u0142\u0105czony film o profesorze Wac\u0142awie Szybalskim pt. Esencja \u017cycia w re\u017cyserii Anny Ferens, wyprodukowany przez Faster Film Production. Film powsta\u0142 w 2014 roku i mia\u0142 swoj\u0105 prapremier\u0119 polsk\u0105 podczas specjalnego pokazu zorganizowanego przez Fundacj\u0119 Profesora Wac\u0142awa Szybalskiego w Teatrze Szekspirowskim w Gda\u0144sku 11 marca 2015 roku.<\/p>\n<p><span style=\"font-size: 14px;\">Recenzja ksi\u0105\u017cki na \u0142amach kwartalnika <a href=\"http:\/\/www.cracovia-leopolis.pl\/_pdf\/159.pdf\">Cracovia Leopolis<\/a> z 2021 roku.<\/span><\/p>\n","protected":false},"featured_media":14851,"template":"","meta":{"_acf_changed":false},"journal":[],"rodzaj":[2602],"seria":[],"product_brand":[],"product_cat":[941,229],"product_tag":[],"class_list":{"0":"post-46949","1":"product","2":"type-product","3":"status-publish","4":"has-post-thumbnail","6":"rodzaj-ksiazki","7":"product_cat-biografie","8":"product_cat-historia","10":"first","11":"instock","12":"taxable","13":"shipping-taxable","14":"purchasable","15":"product-type-simple"},"acf":[],"_links":{"self":[{"href":"https:\/\/wydawnictwo.ug.edu.pl\/en\/wp-json\/wp\/v2\/product\/46949","targetHints":{"allow":["GET"]}}],"collection":[{"href":"https:\/\/wydawnictwo.ug.edu.pl\/en\/wp-json\/wp\/v2\/product"}],"about":[{"href":"https:\/\/wydawnictwo.ug.edu.pl\/en\/wp-json\/wp\/v2\/types\/product"}],"wp:featuredmedia":[{"embeddable":true,"href":"https:\/\/wydawnictwo.ug.edu.pl\/en\/wp-json\/wp\/v2\/media\/14851"}],"wp:attachment":[{"href":"https:\/\/wydawnictwo.ug.edu.pl\/en\/wp-json\/wp\/v2\/media?parent=46949"}],"wp:term":[{"taxonomy":"journal","embeddable":true,"href":"https:\/\/wydawnictwo.ug.edu.pl\/en\/wp-json\/wp\/v2\/journal?post=46949"},{"taxonomy":"rodzaj","embeddable":true,"href":"https:\/\/wydawnictwo.ug.edu.pl\/en\/wp-json\/wp\/v2\/rodzaj?post=46949"},{"taxonomy":"seria","embeddable":true,"href":"https:\/\/wydawnictwo.ug.edu.pl\/en\/wp-json\/wp\/v2\/seria?post=46949"},{"taxonomy":"product_brand","embeddable":true,"href":"https:\/\/wydawnictwo.ug.edu.pl\/en\/wp-json\/wp\/v2\/product_brand?post=46949"},{"taxonomy":"product_cat","embeddable":true,"href":"https:\/\/wydawnictwo.ug.edu.pl\/en\/wp-json\/wp\/v2\/product_cat?post=46949"},{"taxonomy":"product_tag","embeddable":true,"href":"https:\/\/wydawnictwo.ug.edu.pl\/en\/wp-json\/wp\/v2\/product_tag?post=46949"}],"curies":[{"name":"wp","href":"https:\/\/api.w.org\/{rel}","templated":true}]}}