{"id":46948,"date":"2017-11-30T00:00:00","date_gmt":"2017-11-30T00:00:00","guid":{"rendered":"https:\/\/wydawnictwo.ug.edu.pl\/ksiegarnia-online\/uncategorized\/literaturoznawca-literatem-czyli-rzecz-o-akademii-i-kreatywnym-pisaniu\/"},"modified":"2026-02-11T15:59:00","modified_gmt":"2026-02-11T15:59:00","slug":"literaturoznawca-literatem-czyli-rzecz-o-akademii-i-kreatywnym-pisaniu","status":"publish","type":"product","link":"https:\/\/wydawnictwo.ug.edu.pl\/en\/ksiegarnia-online\/literaturoznawstwo\/literaturoznawca-literatem-czyli-rzecz-o-akademii-i-kreatywnym-pisaniu\/","title":{"rendered":"Literaturoznawca literatem, czyli rzecz o akademii i kreatywnym pisaniu"},"content":{"rendered":"","protected":false},"excerpt":{"rendered":"<p><em>Literaturoznawca literatem, czyli rzecz o akademii i kreatywnym\u00a0<\/em><em>pisaniu<\/em>\u00a0to zbiorowy tom, kt\u00f3ry prezentuje zar\u00f3wno tw\u00f3rczo\u015b\u0107\u00a0literack\u0105 wybitnych polskich wyk\u0142adowc\u00f3w uniwersyteckich,\u00a0w tym literaturoznawc\u00f3w z Wydzia\u0142u Filologicznego Uniwersytetu\u00a0Gda\u0144skiego, jak r\u00f3wnie\u017c najwa\u017cniejsze pozycje z gatunku polskiej\u00a0powie\u015bci uniwersyteckiej.<\/p>\n","protected":false},"featured_media":14958,"template":"","meta":{"_acf_changed":false},"journal":[],"rodzaj":[7074],"seria":[],"product_brand":[],"product_cat":[6925],"product_tag":[7970],"class_list":{"0":"post-46948","1":"product","2":"type-product","3":"status-publish","4":"has-post-thumbnail","6":"rodzaj-ksiazki","7":"product_cat-literaturoznawstwo","8":"product_tag-ludmila-gruszewska-blaimludmila-gruszewska-blaim","10":"first","11":"outofstock","12":"taxable","13":"shipping-taxable","14":"product-type-simple"},"acf":[],"_links":{"self":[{"href":"https:\/\/wydawnictwo.ug.edu.pl\/en\/wp-json\/wp\/v2\/product\/46948","targetHints":{"allow":["GET"]}}],"collection":[{"href":"https:\/\/wydawnictwo.ug.edu.pl\/en\/wp-json\/wp\/v2\/product"}],"about":[{"href":"https:\/\/wydawnictwo.ug.edu.pl\/en\/wp-json\/wp\/v2\/types\/product"}],"wp:featuredmedia":[{"embeddable":true,"href":"https:\/\/wydawnictwo.ug.edu.pl\/en\/wp-json\/wp\/v2\/media\/14958"}],"wp:attachment":[{"href":"https:\/\/wydawnictwo.ug.edu.pl\/en\/wp-json\/wp\/v2\/media?parent=46948"}],"wp:term":[{"taxonomy":"journal","embeddable":true,"href":"https:\/\/wydawnictwo.ug.edu.pl\/en\/wp-json\/wp\/v2\/journal?post=46948"},{"taxonomy":"rodzaj","embeddable":true,"href":"https:\/\/wydawnictwo.ug.edu.pl\/en\/wp-json\/wp\/v2\/rodzaj?post=46948"},{"taxonomy":"seria","embeddable":true,"href":"https:\/\/wydawnictwo.ug.edu.pl\/en\/wp-json\/wp\/v2\/seria?post=46948"},{"taxonomy":"product_brand","embeddable":true,"href":"https:\/\/wydawnictwo.ug.edu.pl\/en\/wp-json\/wp\/v2\/product_brand?post=46948"},{"taxonomy":"product_cat","embeddable":true,"href":"https:\/\/wydawnictwo.ug.edu.pl\/en\/wp-json\/wp\/v2\/product_cat?post=46948"},{"taxonomy":"product_tag","embeddable":true,"href":"https:\/\/wydawnictwo.ug.edu.pl\/en\/wp-json\/wp\/v2\/product_tag?post=46948"}],"curies":[{"name":"wp","href":"https:\/\/api.w.org\/{rel}","templated":true}]}}