{"id":46946,"date":"2017-11-30T00:00:00","date_gmt":"2017-11-30T00:00:00","guid":{"rendered":"https:\/\/wydawnictwo.ug.edu.pl\/ksiegarnia-online\/uncategorized\/kino-maszyna-myslenia-refleksje-nad-kinem-epoki-cyfrowej\/"},"modified":"2026-02-11T15:59:04","modified_gmt":"2026-02-11T15:59:04","slug":"kino-maszyna-myslenia-refleksje-nad-kinem-epoki-cyfrowej","status":"publish","type":"product","link":"https:\/\/wydawnictwo.ug.edu.pl\/en\/ksiegarnia-online\/sztuka\/kino-maszyna-myslenia-refleksje-nad-kinem-epoki-cyfrowej\/","title":{"rendered":"Kino \u2013 maszyna my\u015blenia. Refleksje nad kinem epoki cyfrowej"},"content":{"rendered":"","protected":false},"excerpt":{"rendered":"<p><em>Kino &#8211; maszyna my\u015blenia<\/em>\u00a0to ksi\u0105\u017cka po\u015bwi\u0119cona kinu wsp\u00f3\u0142czesnemu, ujmowanemu w kontek\u015bcie\u00a0przemian wsp\u00f3\u0142czesnego \u015bwiata. Wiele miejsca zajmuj\u0105 refleksje nad filmami gier umys\u0142owych, a wi\u0119c\u00a0znacz\u0105cym nurtem wsp\u00f3\u0142czesnego kina, g\u0142\u00f3wnie ameryka\u0144skiego, w kt\u00f3rym zakwestionowano\u00a0obowi\u0105zuj\u0105ce w kinie klasycznym zasady jasno\u015bci, pe\u0142nej zrozumia\u0142o\u015bci i linearno\u015bci. Filmy gier\u00a0umys\u0142owych myl\u0105 tropy, zwodz\u0105, stawiaj\u0105 skutek przed przyczyn\u0105, zwielokrotniaj\u0105 \u015bwiaty, pokazuj\u0105\u00a0bohater\u00f3w o rozszczepionej to\u017csamo\u015bci. Wymagaj\u0105 wi\u0119c od widza szczeg\u00f3lnej aktywno\u015bci, co jednak\u00a0nie przeszkadza im w zdobyciu licznego grona entuzjast\u00f3w. Na tym tle omawiana jest polityka\u00a0wsp\u00f3\u0142czesnego Hollywood, kt\u00f3re, walcz\u0105c o utrzymanie swojej pozycji w warunkach globalnej\u00a0rywalizacji, kieruje si\u0119 zasad\u0105 \u201edost\u0119pu dla wszystkich&#8221;, adresuj\u0105c swoje filmy do r\u00f3\u017cnorodnych\u00a0cz\u0119sto skonfliktowanych grup odbiorczych. W ksi\u0105\u017cce czytelnik znajdzie znakomite analizy r\u00f3\u017cnorodnych\u00a0film\u00f3w &#8211; od ezoterycznych obraz\u00f3w Davida Lyncha, poprzez megahit\u00a0<em>Avatar<\/em>, do zaanga\u017cowanego\u00a0politycznie\u00a0<em>Wroga numer jeden<\/em>.<\/p>\n<div><\/div>\n","protected":false},"featured_media":14831,"template":"","meta":{"_acf_changed":false},"journal":[],"rodzaj":[7074,7076],"seria":[7629],"product_brand":[],"product_cat":[6939],"product_tag":[8297,8298],"class_list":{"0":"post-46946","1":"product","2":"type-product","3":"status-publish","4":"has-post-thumbnail","6":"rodzaj-ksiazki","7":"rodzaj-serie-wydawnicze","8":"seria-linia-filmowa","9":"product_cat-sztuka","10":"product_tag-miroslaw-przylipiak","11":"product_tag-thomas-elsaesser","13":"first","14":"outofstock","15":"taxable","16":"shipping-taxable","17":"purchasable","18":"product-type-simple"},"acf":[],"_links":{"self":[{"href":"https:\/\/wydawnictwo.ug.edu.pl\/en\/wp-json\/wp\/v2\/product\/46946","targetHints":{"allow":["GET"]}}],"collection":[{"href":"https:\/\/wydawnictwo.ug.edu.pl\/en\/wp-json\/wp\/v2\/product"}],"about":[{"href":"https:\/\/wydawnictwo.ug.edu.pl\/en\/wp-json\/wp\/v2\/types\/product"}],"wp:featuredmedia":[{"embeddable":true,"href":"https:\/\/wydawnictwo.ug.edu.pl\/en\/wp-json\/wp\/v2\/media\/14831"}],"wp:attachment":[{"href":"https:\/\/wydawnictwo.ug.edu.pl\/en\/wp-json\/wp\/v2\/media?parent=46946"}],"wp:term":[{"taxonomy":"journal","embeddable":true,"href":"https:\/\/wydawnictwo.ug.edu.pl\/en\/wp-json\/wp\/v2\/journal?post=46946"},{"taxonomy":"rodzaj","embeddable":true,"href":"https:\/\/wydawnictwo.ug.edu.pl\/en\/wp-json\/wp\/v2\/rodzaj?post=46946"},{"taxonomy":"seria","embeddable":true,"href":"https:\/\/wydawnictwo.ug.edu.pl\/en\/wp-json\/wp\/v2\/seria?post=46946"},{"taxonomy":"product_brand","embeddable":true,"href":"https:\/\/wydawnictwo.ug.edu.pl\/en\/wp-json\/wp\/v2\/product_brand?post=46946"},{"taxonomy":"product_cat","embeddable":true,"href":"https:\/\/wydawnictwo.ug.edu.pl\/en\/wp-json\/wp\/v2\/product_cat?post=46946"},{"taxonomy":"product_tag","embeddable":true,"href":"https:\/\/wydawnictwo.ug.edu.pl\/en\/wp-json\/wp\/v2\/product_tag?post=46946"}],"curies":[{"name":"wp","href":"https:\/\/api.w.org\/{rel}","templated":true}]}}