{"id":46945,"date":"2017-11-30T00:00:00","date_gmt":"2017-11-30T00:00:00","guid":{"rendered":"https:\/\/wydawnictwo.ug.edu.pl\/ksiegarnia-online\/uncategorized\/na-szlakach-kultury-sztuka-antropologia-teoria\/"},"modified":"2026-02-11T15:59:06","modified_gmt":"2026-02-11T15:59:06","slug":"na-szlakach-kultury-sztuka-antropologia-teoria","status":"publish","type":"product","link":"https:\/\/wydawnictwo.ug.edu.pl\/en\/ksiegarnia-online\/literaturoznawstwo\/na-szlakach-kultury-sztuka-antropologia-teoria\/","title":{"rendered":"Na szlakach kultury. Sztuka \u2013 antropologia \u2013 teoria"},"content":{"rendered":"","protected":false},"excerpt":{"rendered":"<p>Tom obejmuje pi\u0119\u0107 blok\u00f3w tematycznych:\u00a0<em>O czytaniu<\/em>,\u00a0<em>O opowie\u015bciach dla dzieci<\/em>,\u00a0<em>O grozie<\/em>,\u00a0<em>O muzyce, teatrze i filmie\u00a0<\/em>oraz\u00a0<em>O kulturach \u015bwiata<\/em>. Prezentowane w nich eseje s\u0105 po\u015bwi\u0119cone r\u00f3\u017cnorodnym zagadnieniom z obszaru kultury: motywacjom stoj\u0105cym za lektur\u0105 tekst\u00f3w literackich, sztuce epistolarnej, filmowej adaptacji\u00a0<em>W\u0142adcy pier\u015bcieni<\/em>, tematowi dziecka wewn\u0119trznego jako \u017ar\u00f3d\u0142a tw\u00f3rczo\u015bci, mechanizmom budzenia l\u0119ku i\u00a0strachu, XIX-wiecznej operze, gda\u0144skim teatrom studenckim, kinu Krzysztofa Kie\u015blowskiego, obrazowi obcych kultur w polskim malarstwie wsp\u00f3\u0142czesnym oraz wp\u0142ywowi globalizacji na funkcjonowanie kultur tradycyjnych. Publikacja jest dedykowana tw\u00f3rcy kulturoznawstwa, kierunku utworzonego w 2004 roku na Uniwersytecie Gda\u0144skim, Profesorowi Micha\u0142owi B\u0142a\u017cejewskiemu, kt\u00f3ry dzi\u015b obchodzi 70. rocznic\u0119 urodzin. Zamieszczone w tomie teksty, koresponduj\u0105c z pracami Jubilata, jednocze\u015bnie s\u0105 zapisem osobistych peregrynacji w przestrzeni kultury ich Autor\u00f3w \u2013 Wsp\u00f3\u0142pracownik\u00f3w, Przyjaci\u00f3\u0142 i Uczni\u00f3w Profesora, kt\u00f3rzy uchylaj\u0105 wr\u00f3t do r\u00f3\u017cnych dziedzin kultury oraz prezentuj\u0105 w\u0142a\u015bciwe im sposoby czytania i interpretowania jej tekst\u00f3w i zjawisk.<\/p>\n","protected":false},"featured_media":14816,"template":"","meta":{"_acf_changed":false},"journal":[],"rodzaj":[7074],"seria":[],"product_brand":[],"product_cat":[6936,6925],"product_tag":[8029,8299],"class_list":{"0":"post-46945","1":"product","2":"type-product","3":"status-publish","4":"has-post-thumbnail","6":"rodzaj-ksiazki","7":"product_cat-historia-sztuki-i-kulturoznawstwo","8":"product_cat-literaturoznawstwo","9":"product_tag-barbara-swiader-puchowska","10":"product_tag-katarzyna-kaczor","12":"first","13":"outofstock","14":"taxable","15":"shipping-taxable","16":"purchasable","17":"product-type-simple"},"acf":[],"_links":{"self":[{"href":"https:\/\/wydawnictwo.ug.edu.pl\/en\/wp-json\/wp\/v2\/product\/46945","targetHints":{"allow":["GET"]}}],"collection":[{"href":"https:\/\/wydawnictwo.ug.edu.pl\/en\/wp-json\/wp\/v2\/product"}],"about":[{"href":"https:\/\/wydawnictwo.ug.edu.pl\/en\/wp-json\/wp\/v2\/types\/product"}],"wp:featuredmedia":[{"embeddable":true,"href":"https:\/\/wydawnictwo.ug.edu.pl\/en\/wp-json\/wp\/v2\/media\/14816"}],"wp:attachment":[{"href":"https:\/\/wydawnictwo.ug.edu.pl\/en\/wp-json\/wp\/v2\/media?parent=46945"}],"wp:term":[{"taxonomy":"journal","embeddable":true,"href":"https:\/\/wydawnictwo.ug.edu.pl\/en\/wp-json\/wp\/v2\/journal?post=46945"},{"taxonomy":"rodzaj","embeddable":true,"href":"https:\/\/wydawnictwo.ug.edu.pl\/en\/wp-json\/wp\/v2\/rodzaj?post=46945"},{"taxonomy":"seria","embeddable":true,"href":"https:\/\/wydawnictwo.ug.edu.pl\/en\/wp-json\/wp\/v2\/seria?post=46945"},{"taxonomy":"product_brand","embeddable":true,"href":"https:\/\/wydawnictwo.ug.edu.pl\/en\/wp-json\/wp\/v2\/product_brand?post=46945"},{"taxonomy":"product_cat","embeddable":true,"href":"https:\/\/wydawnictwo.ug.edu.pl\/en\/wp-json\/wp\/v2\/product_cat?post=46945"},{"taxonomy":"product_tag","embeddable":true,"href":"https:\/\/wydawnictwo.ug.edu.pl\/en\/wp-json\/wp\/v2\/product_tag?post=46945"}],"curies":[{"name":"wp","href":"https:\/\/api.w.org\/{rel}","templated":true}]}}