{"id":46941,"date":"2016-11-30T00:00:00","date_gmt":"2016-11-30T00:00:00","guid":{"rendered":"https:\/\/wydawnictwo.ug.edu.pl\/ksiegarnia-online\/uncategorized\/zabytki-prawo-i-praktyka\/"},"modified":"2026-02-11T16:15:56","modified_gmt":"2026-02-11T16:15:56","slug":"zabytki-prawo-i-praktyka","status":"publish","type":"product","link":"https:\/\/wydawnictwo.ug.edu.pl\/en\/ksiegarnia-online\/prawo-i-administracja\/zabytki-prawo-i-praktyka\/","title":{"rendered":"Zabytki. Prawo i praktyka"},"content":{"rendered":"","protected":false},"excerpt":{"rendered":"<p>Ksi\u0105\u017cka stanowi wyb\u00f3r z ponad stu artyku\u0142\u00f3w naukowych i popularnonaukowych, jakie autor na przestrzeni 15 lat publikowa\u0142 w r\u00f3\u017cnych ksi\u0105\u017ckach i czasopismach naukowych, a tak\u017ce w prasie \u2013 dziennikach, tygodnikach i miesi\u0119cznikach. Na wyb\u00f3r ten sk\u0142ada si\u0119 77 artyku\u0142\u00f3w, kt\u00f3re dobrano w taki spos\u00f3b, by zwr\u00f3ci\u0107 uwag\u0119 na r\u00f3\u017cnorodno\u015b\u0107 zagadnie\u0144 prawnych wi\u0105\u017c\u0105cych si\u0119 z zabytkami, a tak\u017ce, by pokaza\u0107, jak donios\u0142\u0105 rol\u0119 odgrywa dziedzictwo w zachowaniu to\u017csamo\u015bci narodu, o czym \u015bwiadcz\u0105 ju\u017c pierwsze regulacje prawne dotycz\u0105ce ochrony zabytk\u00f3w. Jednocze\u015bnie zebrane artyku\u0142y maj\u0105 na celu pokaza\u0107, jak zmienia\u0142o si\u0119 prawo ochrony zabytk\u00f3w na przestrzeni niemal stulecia, a tak\u017ce kt\u00f3re kwestie, mimo up\u0142ywu lat, wci\u0105\u017c sprawiaj\u0105 problemy zar\u00f3wno w stanowieniu, jak i w stosowaniu prawa. Tematyka artyku\u0142\u00f3w jest wi\u0119c rozleg\u0142a, ale \u0142\u0105czy je wszystkie przedmiot, kt\u00f3rego one dotycz\u0105 \u2013 zawsze bowiem odnosz\u0105 si\u0119 do dziedzictwa kultury b\u0105d\u017a \u015bci\u015blej \u2013 do zabytk\u00f3w.<\/p>\n<p><em>Z przedmowy Autora<\/em><\/p>\n<p>&nbsp;<\/p>\n<p>Ksi\u0105\u017cka ta jest zbiorem prac Autora wyselekcjonowanych do publikacji, a nie zebraniem ca\u0142ego jego dorobku naukowego i publicystycznego. (&#8230;) Nie ma tu zagadnie\u0144 wydumanych lub rozd\u0119tych ponad miar\u0119 potrzeby. Ka\u017cdy problem jest wa\u017cny. Autor ma umiej\u0119tno\u015b\u0107 dostrzegania jego istoty i klarownego jego rozpatrywania. Problematyka za\u015b ochrony d\u00f3br kultury ma w dzisiejszym \u015bwiecie kapitalne znaczenie. Zagro\u017cenia przychodz\u0105 z r\u00f3\u017cnych stron, cz\u0119sto zupe\u0142nie niespodziewanych. (&#8230;) Tu\u017c przed zmian\u0105 systemu wiatach 1989 i 1990 nie spodziewano si\u0119, \u017ce rozpoczynaj\u0105ce si\u0119 procedury reprywatyzacyjne doprowadz\u0105 do niezliczonych spor\u00f3w o prawo do zabytk\u00f3w, \u017ce znoszenie ogranicze\u0144 w przekraczaniu granic spowoduje intensyfikacj\u0119 nielegalnego wywozu i przewozu d\u00f3br kultury, a samowolne poszukiwania archeologiczne stan\u0105 si\u0119 plag\u0105 prawie \u017ce dnia codziennego. Co powiedzie\u0107 za\u015b o nadal aktualnych roszczeniach rewindykacyjnych b\u0119d\u0105cych pozosta\u0142o\u015bci\u0105 II wojny \u015bwiatowej, o zniszczeniach zabytk\u00f3w podczas niedawnych konflikt\u00f3w zbrojnych? Na te pytania Autor stara si\u0119 odpowiedzie\u0107 nie tylko w cz\u0119\u015bci, nazwijmy j\u0105 naukow\u0105, ale i publicystycznej. Bardzo dobrze si\u0119 sta\u0142o, \u017ce do ksi\u0105\u017cki w\u0142\u0105czono te\u017c artyku\u0142y i eseje drukowane w prasie oraz tygodnikach. Waga temat\u00f3w i spos\u00f3b ich opracowania w pe\u0142ni je kwalifikuj\u0105. Zalet\u0105 za\u015b jego pisarstwa jest bardzo dobra i przyst\u0119pna polszczyzna, jasno\u015b\u0107 wywod\u00f3w oraz rzetelna dokumentacja bibliograficzna. Wszystkie teksty \u015bwietnie si\u0119 czyta.<\/p>\n<p><em>Z recenzji prof. dr. hab. Stanis\u0142awa Waltosia<\/em><\/p>\n","protected":false},"featured_media":14705,"template":"","meta":{"_acf_changed":false},"journal":[],"rodzaj":[7076],"seria":[7078],"product_brand":[],"product_cat":[6932],"product_tag":[7413],"class_list":{"0":"post-46941","1":"product","2":"type-product","3":"status-publish","4":"has-post-thumbnail","6":"rodzaj-serie-wydawnicze","7":"seria-biblioteka-prawa-ochrony-zabytkow","8":"product_cat-prawo-i-administracja","9":"product_tag-kamil-zeidlerkamil-zeidler","10":"pa_rok-wydania-2017-en","12":"first","13":"outofstock","14":"taxable","15":"shipping-taxable","16":"purchasable","17":"product-type-simple"},"acf":[],"_links":{"self":[{"href":"https:\/\/wydawnictwo.ug.edu.pl\/en\/wp-json\/wp\/v2\/product\/46941","targetHints":{"allow":["GET"]}}],"collection":[{"href":"https:\/\/wydawnictwo.ug.edu.pl\/en\/wp-json\/wp\/v2\/product"}],"about":[{"href":"https:\/\/wydawnictwo.ug.edu.pl\/en\/wp-json\/wp\/v2\/types\/product"}],"wp:featuredmedia":[{"embeddable":true,"href":"https:\/\/wydawnictwo.ug.edu.pl\/en\/wp-json\/wp\/v2\/media\/14705"}],"wp:attachment":[{"href":"https:\/\/wydawnictwo.ug.edu.pl\/en\/wp-json\/wp\/v2\/media?parent=46941"}],"wp:term":[{"taxonomy":"journal","embeddable":true,"href":"https:\/\/wydawnictwo.ug.edu.pl\/en\/wp-json\/wp\/v2\/journal?post=46941"},{"taxonomy":"rodzaj","embeddable":true,"href":"https:\/\/wydawnictwo.ug.edu.pl\/en\/wp-json\/wp\/v2\/rodzaj?post=46941"},{"taxonomy":"seria","embeddable":true,"href":"https:\/\/wydawnictwo.ug.edu.pl\/en\/wp-json\/wp\/v2\/seria?post=46941"},{"taxonomy":"product_brand","embeddable":true,"href":"https:\/\/wydawnictwo.ug.edu.pl\/en\/wp-json\/wp\/v2\/product_brand?post=46941"},{"taxonomy":"product_cat","embeddable":true,"href":"https:\/\/wydawnictwo.ug.edu.pl\/en\/wp-json\/wp\/v2\/product_cat?post=46941"},{"taxonomy":"product_tag","embeddable":true,"href":"https:\/\/wydawnictwo.ug.edu.pl\/en\/wp-json\/wp\/v2\/product_tag?post=46941"}],"curies":[{"name":"wp","href":"https:\/\/api.w.org\/{rel}","templated":true}]}}