{"id":46940,"date":"2016-11-30T00:00:00","date_gmt":"2016-11-30T00:00:00","guid":{"rendered":"https:\/\/wydawnictwo.ug.edu.pl\/ksiegarnia-online\/uncategorized\/zapoznawanie-zeromskiego\/"},"modified":"2026-02-11T16:15:59","modified_gmt":"2026-02-11T16:15:59","slug":"zapoznawanie-zeromskiego","status":"publish","type":"product","link":"https:\/\/wydawnictwo.ug.edu.pl\/en\/ksiegarnia-online\/literaturoznawstwo\/zapoznawanie-zeromskiego\/","title":{"rendered":"(Za)poznawanie \u017beromskiego"},"content":{"rendered":"","protected":false},"excerpt":{"rendered":"<p>Tadeusz Linkner w swej ksi\u0105\u017cce zgromadzi\u0142 obszerny materia\u0142 literacki, co pozwoli\u0142o mu przeprowadzi\u0107 analiz\u0119 ca\u0142o\u015bciowo potraktowanej tw\u00f3rczo\u015bci \u017beromskiego pod bardzo r\u00f3\u017cnym k\u0105tem \u2013 wyst\u0119puj\u0105cych w niej idei, temat\u00f3w, form wypowiedzi, gatunk\u00f3w\u00a0literackich, stylu wypowiedzi, a tak\u017ce intertekstualno\u015bci. Na zakres zainteresowa\u0144 Tadeusza Linkenra w zwi\u0105zku z tw\u00f3rczo\u015bci\u0105 autora Wiernej rzeki sk\u0142ada si\u0119 proza fabularna, intymistyka, pisarstwo krytycznoliterackie, krytyka literacka, publicystyka polityczno-spo\u0142eczna.<\/p>\n","protected":false},"featured_media":14696,"template":"","meta":{"_acf_changed":false},"journal":[],"rodzaj":[7074],"seria":[],"product_brand":[],"product_cat":[6925],"product_tag":[7868],"class_list":{"0":"post-46940","1":"product","2":"type-product","3":"status-publish","4":"has-post-thumbnail","6":"rodzaj-ksiazki","7":"product_cat-literaturoznawstwo","8":"product_tag-tadeusz-linknertadeusz-linkner","10":"first","11":"outofstock","12":"taxable","13":"shipping-taxable","14":"purchasable","15":"product-type-simple"},"acf":[],"_links":{"self":[{"href":"https:\/\/wydawnictwo.ug.edu.pl\/en\/wp-json\/wp\/v2\/product\/46940","targetHints":{"allow":["GET"]}}],"collection":[{"href":"https:\/\/wydawnictwo.ug.edu.pl\/en\/wp-json\/wp\/v2\/product"}],"about":[{"href":"https:\/\/wydawnictwo.ug.edu.pl\/en\/wp-json\/wp\/v2\/types\/product"}],"wp:featuredmedia":[{"embeddable":true,"href":"https:\/\/wydawnictwo.ug.edu.pl\/en\/wp-json\/wp\/v2\/media\/14696"}],"wp:attachment":[{"href":"https:\/\/wydawnictwo.ug.edu.pl\/en\/wp-json\/wp\/v2\/media?parent=46940"}],"wp:term":[{"taxonomy":"journal","embeddable":true,"href":"https:\/\/wydawnictwo.ug.edu.pl\/en\/wp-json\/wp\/v2\/journal?post=46940"},{"taxonomy":"rodzaj","embeddable":true,"href":"https:\/\/wydawnictwo.ug.edu.pl\/en\/wp-json\/wp\/v2\/rodzaj?post=46940"},{"taxonomy":"seria","embeddable":true,"href":"https:\/\/wydawnictwo.ug.edu.pl\/en\/wp-json\/wp\/v2\/seria?post=46940"},{"taxonomy":"product_brand","embeddable":true,"href":"https:\/\/wydawnictwo.ug.edu.pl\/en\/wp-json\/wp\/v2\/product_brand?post=46940"},{"taxonomy":"product_cat","embeddable":true,"href":"https:\/\/wydawnictwo.ug.edu.pl\/en\/wp-json\/wp\/v2\/product_cat?post=46940"},{"taxonomy":"product_tag","embeddable":true,"href":"https:\/\/wydawnictwo.ug.edu.pl\/en\/wp-json\/wp\/v2\/product_tag?post=46940"}],"curies":[{"name":"wp","href":"https:\/\/api.w.org\/{rel}","templated":true}]}}