{"id":46939,"date":"2016-11-30T00:00:00","date_gmt":"2016-11-30T00:00:00","guid":{"rendered":"https:\/\/wydawnictwo.ug.edu.pl\/ksiegarnia-online\/uncategorized\/wyklad-prawa-rynku-finansowego\/"},"modified":"2026-02-11T16:18:28","modified_gmt":"2026-02-11T16:18:28","slug":"wyklad-prawa-rynku-finansowego","status":"publish","type":"product","link":"https:\/\/wydawnictwo.ug.edu.pl\/en\/ksiegarnia-online\/prawo-i-administracja\/wyklad-prawa-rynku-finansowego\/","title":{"rendered":"Wyk\u0142ad prawa rynku finansowego"},"content":{"rendered":"","protected":false},"excerpt":{"rendered":"<p>Jest to pierwsza praca w \u00a0formie skryptu dydaktycznego obejmuj\u0105ca kluczowe instytucje funkcjonuj\u0105ce na polskim rynku finansowym. Jest ona\u00a0doskona\u0142ym materia\u0142em uzupe\u0142niaj\u0105cym materi\u0119 podr\u0119cznikow\u0105, porz\u0105dkuj\u0105cym podstawowe zagadnienia na temat instytucji zaufania publicznego prowadz\u0105cych dzia\u0142alno\u015b\u0107 na rynku finansowym. Mo\u017ce te\u017c stanowi\u0107 samodzielne \u017ar\u00f3d\u0142o nauki w ramach \u015bci\u015ble wyk\u0142adanego prawa rynku finansowego.<\/p>\n","protected":false},"featured_media":15824,"template":"","meta":{"_acf_changed":false},"journal":[],"rodzaj":[7075],"seria":[],"product_brand":[],"product_cat":[6932],"product_tag":[8229],"class_list":{"0":"post-46939","1":"product","2":"type-product","3":"status-publish","4":"has-post-thumbnail","6":"rodzaj-e-book","7":"product_cat-prawo-i-administracja","8":"product_tag-aleksandra-nadolska","9":"pa_rok-wydania-2017-en","11":"first","12":"instock","13":"taxable","14":"shipping-taxable","15":"purchasable","16":"product-type-external"},"acf":[],"_links":{"self":[{"href":"https:\/\/wydawnictwo.ug.edu.pl\/en\/wp-json\/wp\/v2\/product\/46939","targetHints":{"allow":["GET"]}}],"collection":[{"href":"https:\/\/wydawnictwo.ug.edu.pl\/en\/wp-json\/wp\/v2\/product"}],"about":[{"href":"https:\/\/wydawnictwo.ug.edu.pl\/en\/wp-json\/wp\/v2\/types\/product"}],"wp:featuredmedia":[{"embeddable":true,"href":"https:\/\/wydawnictwo.ug.edu.pl\/en\/wp-json\/wp\/v2\/media\/15824"}],"wp:attachment":[{"href":"https:\/\/wydawnictwo.ug.edu.pl\/en\/wp-json\/wp\/v2\/media?parent=46939"}],"wp:term":[{"taxonomy":"journal","embeddable":true,"href":"https:\/\/wydawnictwo.ug.edu.pl\/en\/wp-json\/wp\/v2\/journal?post=46939"},{"taxonomy":"rodzaj","embeddable":true,"href":"https:\/\/wydawnictwo.ug.edu.pl\/en\/wp-json\/wp\/v2\/rodzaj?post=46939"},{"taxonomy":"seria","embeddable":true,"href":"https:\/\/wydawnictwo.ug.edu.pl\/en\/wp-json\/wp\/v2\/seria?post=46939"},{"taxonomy":"product_brand","embeddable":true,"href":"https:\/\/wydawnictwo.ug.edu.pl\/en\/wp-json\/wp\/v2\/product_brand?post=46939"},{"taxonomy":"product_cat","embeddable":true,"href":"https:\/\/wydawnictwo.ug.edu.pl\/en\/wp-json\/wp\/v2\/product_cat?post=46939"},{"taxonomy":"product_tag","embeddable":true,"href":"https:\/\/wydawnictwo.ug.edu.pl\/en\/wp-json\/wp\/v2\/product_tag?post=46939"}],"curies":[{"name":"wp","href":"https:\/\/api.w.org\/{rel}","templated":true}]}}