{"id":46934,"date":"2016-11-30T00:00:00","date_gmt":"2016-11-30T00:00:00","guid":{"rendered":"https:\/\/wydawnictwo.ug.edu.pl\/ksiegarnia-online\/uncategorized\/magia-ksiag-ksiega-magii\/"},"modified":"2026-02-11T16:16:03","modified_gmt":"2026-02-11T16:16:03","slug":"magia-ksiag-ksiega-magii","status":"publish","type":"product","link":"https:\/\/wydawnictwo.ug.edu.pl\/en\/ksiegarnia-online\/jezykoznawstwo\/magia-ksiag-ksiega-magii\/","title":{"rendered":"Magia ksi\u0105g. Ksi\u0119ga magii"},"content":{"rendered":"","protected":false},"excerpt":{"rendered":"<p>Ksi\u0119ga jubileuszowa po\u015bwi\u0119cona Profesor Irenie Fija\u0142kowskiej-Janiak, to zbi\u00f3r tekst\u00f3w przyjaci\u00f3\u0142 i znajomych\u00a0badaczki, po\u015bwi\u0119conych ulubionemu tematowi badawczemu Pani Profesor \u2013 magii ksi\u0105g. Na tom sk\u0142adaj\u0105 si\u0119 t\u0142umaczenia i interpretacje tekst\u00f3w kulturowych, historycznych, literackich oraz innych.<\/p>\n","protected":false},"featured_media":14653,"template":"","meta":{"_acf_changed":false},"journal":[],"rodzaj":[7074],"seria":[],"product_brand":[],"product_cat":[6936,6924],"product_tag":[7598,7768],"class_list":{"0":"post-46934","1":"product","2":"type-product","3":"status-publish","4":"has-post-thumbnail","6":"rodzaj-ksiazki","7":"product_cat-historia-sztuki-i-kulturoznawstwo","8":"product_cat-jezykoznawstwo","9":"product_tag-diana-obolenska","10":"product_tag-urszula-patocka-siglowyurszula-patocka-siglowy","12":"first","13":"outofstock","14":"taxable","15":"shipping-taxable","16":"purchasable","17":"product-type-simple"},"acf":[],"_links":{"self":[{"href":"https:\/\/wydawnictwo.ug.edu.pl\/en\/wp-json\/wp\/v2\/product\/46934","targetHints":{"allow":["GET"]}}],"collection":[{"href":"https:\/\/wydawnictwo.ug.edu.pl\/en\/wp-json\/wp\/v2\/product"}],"about":[{"href":"https:\/\/wydawnictwo.ug.edu.pl\/en\/wp-json\/wp\/v2\/types\/product"}],"wp:featuredmedia":[{"embeddable":true,"href":"https:\/\/wydawnictwo.ug.edu.pl\/en\/wp-json\/wp\/v2\/media\/14653"}],"wp:attachment":[{"href":"https:\/\/wydawnictwo.ug.edu.pl\/en\/wp-json\/wp\/v2\/media?parent=46934"}],"wp:term":[{"taxonomy":"journal","embeddable":true,"href":"https:\/\/wydawnictwo.ug.edu.pl\/en\/wp-json\/wp\/v2\/journal?post=46934"},{"taxonomy":"rodzaj","embeddable":true,"href":"https:\/\/wydawnictwo.ug.edu.pl\/en\/wp-json\/wp\/v2\/rodzaj?post=46934"},{"taxonomy":"seria","embeddable":true,"href":"https:\/\/wydawnictwo.ug.edu.pl\/en\/wp-json\/wp\/v2\/seria?post=46934"},{"taxonomy":"product_brand","embeddable":true,"href":"https:\/\/wydawnictwo.ug.edu.pl\/en\/wp-json\/wp\/v2\/product_brand?post=46934"},{"taxonomy":"product_cat","embeddable":true,"href":"https:\/\/wydawnictwo.ug.edu.pl\/en\/wp-json\/wp\/v2\/product_cat?post=46934"},{"taxonomy":"product_tag","embeddable":true,"href":"https:\/\/wydawnictwo.ug.edu.pl\/en\/wp-json\/wp\/v2\/product_tag?post=46934"}],"curies":[{"name":"wp","href":"https:\/\/api.w.org\/{rel}","templated":true}]}}