{"id":46933,"date":"2016-11-30T00:00:00","date_gmt":"2016-11-30T00:00:00","guid":{"rendered":"https:\/\/wydawnictwo.ug.edu.pl\/ksiegarnia-online\/uncategorized\/ogrod-sztuk-maska\/"},"modified":"2026-02-11T16:18:28","modified_gmt":"2026-02-11T16:18:28","slug":"ogrod-sztuk-maska","status":"publish","type":"product","link":"https:\/\/wydawnictwo.ug.edu.pl\/en\/ksiegarnia-online\/literaturoznawstwo\/ogrod-sztuk-maska\/","title":{"rendered":"Ogr\u00f3d Sztuk. Maska"},"content":{"rendered":"","protected":false},"excerpt":{"rendered":"<p>Fenomen maski, nacechowany niezwyk\u0142ym bogactwem znacze\u0144, funkcji i form kulturowych, wpisuje si\u0119 w wielog\u0142osowy dyskurs r\u00f3\u017cnych nauk i metodologii. Projekt \u201eOgr\u00f3d Sztuk. Maska\u201d, zorganizowany w 2016 roku na Wydziale Filologicznym Uniwersytetu Gda\u0144skiego, osadzi\u0142 tak\u0105 polifoniczn\u0105 refleksj\u0119 badawcz\u0105 nad mask\u0105 w trzech kontekstach problemowych: rytua\u0142u, teatru i literatury. W trzech cz\u0119\u015bciach ksi\u0105\u017cki odpowiadaj\u0105cych tej problematyce mie\u015bci si\u0119 zar\u00f3wno plan konferencyjnej sekwencji projektu, jak te\u017c wyst\u0105pienia badaczy zaproszonych do cyklu wyk\u0142ad\u00f3w \u201eMaski w kulturach \u015bwiata\u201d.<\/p>\n<p>Projekt dope\u0142ni\u0142a wystawa ponad 100 masek etnicznych z prywatnych kolekcji. Ksi\u0105\u017cka zawiera cz\u0119\u015bciow\u0105 dokumentacj\u0119 fotograficzn\u0105 tej wystawy oraz zapis dyskusji, kt\u00f3ra poprzedzi\u0142a jej otwarcie. Wersja cyfrowa wystawy \u201eMaski w kulturach \u015bwiata\u201d, prezentuj\u0105ce artefakty pokazane na Wydziale Filologicznym Uniwersytetu Gda\u0144skiego oraz sukcesywnie uzupe\u0142niana o nowe obiekty, jest dost\u0119pna pod adresem maska.ug.edu.pl.<\/p>\n","protected":false},"featured_media":15567,"template":"","meta":{"_acf_changed":false},"journal":[],"rodzaj":[7074],"seria":[],"product_brand":[],"product_cat":[6925],"product_tag":[7458,8227],"class_list":{"0":"post-46933","1":"product","2":"type-product","3":"status-publish","4":"has-post-thumbnail","6":"rodzaj-ksiazki","7":"product_cat-literaturoznawstwo","8":"product_tag-katarzyna-kreglewskakatarzyna-kreglewska","9":"product_tag-malgorzata-jarmulowicz","11":"first","12":"instock","13":"taxable","14":"shipping-taxable","15":"purchasable","16":"product-type-simple"},"acf":[],"_links":{"self":[{"href":"https:\/\/wydawnictwo.ug.edu.pl\/en\/wp-json\/wp\/v2\/product\/46933","targetHints":{"allow":["GET"]}}],"collection":[{"href":"https:\/\/wydawnictwo.ug.edu.pl\/en\/wp-json\/wp\/v2\/product"}],"about":[{"href":"https:\/\/wydawnictwo.ug.edu.pl\/en\/wp-json\/wp\/v2\/types\/product"}],"wp:featuredmedia":[{"embeddable":true,"href":"https:\/\/wydawnictwo.ug.edu.pl\/en\/wp-json\/wp\/v2\/media\/15567"}],"wp:attachment":[{"href":"https:\/\/wydawnictwo.ug.edu.pl\/en\/wp-json\/wp\/v2\/media?parent=46933"}],"wp:term":[{"taxonomy":"journal","embeddable":true,"href":"https:\/\/wydawnictwo.ug.edu.pl\/en\/wp-json\/wp\/v2\/journal?post=46933"},{"taxonomy":"rodzaj","embeddable":true,"href":"https:\/\/wydawnictwo.ug.edu.pl\/en\/wp-json\/wp\/v2\/rodzaj?post=46933"},{"taxonomy":"seria","embeddable":true,"href":"https:\/\/wydawnictwo.ug.edu.pl\/en\/wp-json\/wp\/v2\/seria?post=46933"},{"taxonomy":"product_brand","embeddable":true,"href":"https:\/\/wydawnictwo.ug.edu.pl\/en\/wp-json\/wp\/v2\/product_brand?post=46933"},{"taxonomy":"product_cat","embeddable":true,"href":"https:\/\/wydawnictwo.ug.edu.pl\/en\/wp-json\/wp\/v2\/product_cat?post=46933"},{"taxonomy":"product_tag","embeddable":true,"href":"https:\/\/wydawnictwo.ug.edu.pl\/en\/wp-json\/wp\/v2\/product_tag?post=46933"}],"curies":[{"name":"wp","href":"https:\/\/api.w.org\/{rel}","templated":true}]}}