{"id":46932,"date":"2016-11-30T00:00:00","date_gmt":"2016-11-30T00:00:00","guid":{"rendered":"https:\/\/wydawnictwo.ug.edu.pl\/ksiegarnia-online\/uncategorized\/wplyw-czynnikow-srodowiskowych-na-oddzialywanie-allelopatyczne-baltyckich-sinic-synechococcus-sp-i-nodularia-spumigena\/"},"modified":"2026-02-11T16:16:03","modified_gmt":"2026-02-11T16:16:03","slug":"wplyw-czynnikow-srodowiskowych-na-oddzialywanie-allelopatyczne-baltyckich-sinic-synechococcus-sp-i-nodularia-spumigena","status":"publish","type":"product","link":"https:\/\/wydawnictwo.ug.edu.pl\/en\/ksiegarnia-online\/biologia\/wplyw-czynnikow-srodowiskowych-na-oddzialywanie-allelopatyczne-baltyckich-sinic-synechococcus-sp-i-nodularia-spumigena\/","title":{"rendered":"Wp\u0142yw czynnik\u00f3w \u015brodowiskowych na oddzia\u0142ywanie allelopatyczne ba\u0142tyckich sinic Synechococcus sp. i Nodularia spumigena"},"content":{"rendered":"","protected":false},"excerpt":{"rendered":"<p>W pracy okre\u015blono zakres wyst\u0119powania zjawiska allelopatii oraz scharakteryzowano dzia\u0142ania zwi\u0105zk\u00f3w allelopatycznych produkowanych przez ba\u0142tyckie sinice \u2013 cz\u0119sto dominuj\u0105c\u0105 w okresie letnim\u00a0<em>Nodularia spumigena\u00a0<\/em>oraz mniej poznan\u0105, b\u0119d\u0105c\u0105 jednak istotnym komponentem \u015brodowiska wodnego, pikoplanktonow\u0105 sinic\u0119\u00a0<em>Synechococcus\u00a0<\/em>sp. \u2013 na wybrane gatunki mikroglon\u00f3w i sinic. Zbadano te\u017c, czy i w jakim stopniu na oddzia\u0142ywania allelopatyczne maj\u0105 wp\u0142yw wybrane czynniki \u015brodowiskowe.<\/p>\n","protected":false},"featured_media":14637,"template":"","meta":{"_acf_changed":false},"journal":[],"rodzaj":[2602,2604],"seria":[6744],"product_brand":[],"product_cat":[7307],"product_tag":[454],"class_list":{"0":"post-46932","1":"product","2":"type-product","3":"status-publish","4":"has-post-thumbnail","6":"rodzaj-ksiazki","7":"rodzaj-serie-wydawnicze","8":"seria-dissertationes-laudatissimae-universitas-gedanensis","9":"product_cat-biologia","10":"product_tag-sylwia-sliwinska-wilczewska","12":"first","13":"outofstock","14":"taxable","15":"shipping-taxable","16":"product-type-simple"},"acf":[],"_links":{"self":[{"href":"https:\/\/wydawnictwo.ug.edu.pl\/en\/wp-json\/wp\/v2\/product\/46932","targetHints":{"allow":["GET"]}}],"collection":[{"href":"https:\/\/wydawnictwo.ug.edu.pl\/en\/wp-json\/wp\/v2\/product"}],"about":[{"href":"https:\/\/wydawnictwo.ug.edu.pl\/en\/wp-json\/wp\/v2\/types\/product"}],"wp:featuredmedia":[{"embeddable":true,"href":"https:\/\/wydawnictwo.ug.edu.pl\/en\/wp-json\/wp\/v2\/media\/14637"}],"wp:attachment":[{"href":"https:\/\/wydawnictwo.ug.edu.pl\/en\/wp-json\/wp\/v2\/media?parent=46932"}],"wp:term":[{"taxonomy":"journal","embeddable":true,"href":"https:\/\/wydawnictwo.ug.edu.pl\/en\/wp-json\/wp\/v2\/journal?post=46932"},{"taxonomy":"rodzaj","embeddable":true,"href":"https:\/\/wydawnictwo.ug.edu.pl\/en\/wp-json\/wp\/v2\/rodzaj?post=46932"},{"taxonomy":"seria","embeddable":true,"href":"https:\/\/wydawnictwo.ug.edu.pl\/en\/wp-json\/wp\/v2\/seria?post=46932"},{"taxonomy":"product_brand","embeddable":true,"href":"https:\/\/wydawnictwo.ug.edu.pl\/en\/wp-json\/wp\/v2\/product_brand?post=46932"},{"taxonomy":"product_cat","embeddable":true,"href":"https:\/\/wydawnictwo.ug.edu.pl\/en\/wp-json\/wp\/v2\/product_cat?post=46932"},{"taxonomy":"product_tag","embeddable":true,"href":"https:\/\/wydawnictwo.ug.edu.pl\/en\/wp-json\/wp\/v2\/product_tag?post=46932"}],"curies":[{"name":"wp","href":"https:\/\/api.w.org\/{rel}","templated":true}]}}