{"id":46931,"date":"2016-11-30T00:00:00","date_gmt":"2016-11-30T00:00:00","guid":{"rendered":"https:\/\/wydawnictwo.ug.edu.pl\/ksiegarnia-online\/uncategorized\/wolnosc-i-solidarnosc-w-jezyku-i-kulturze\/"},"modified":"2026-02-11T16:16:04","modified_gmt":"2026-02-11T16:16:04","slug":"wolnosc-i-solidarnosc-w-jezyku-i-kulturze","status":"publish","type":"product","link":"https:\/\/wydawnictwo.ug.edu.pl\/en\/ksiegarnia-online\/jezykoznawstwo\/wolnosc-i-solidarnosc-w-jezyku-i-kulturze\/","title":{"rendered":"Wolno\u015b\u0107 i solidarno\u015b\u0107 w j\u0119zyku i kulturze"},"content":{"rendered":"","protected":false},"excerpt":{"rendered":"<p>Publikacja zawiera teksty dotycz\u0105ce wolno\u015bci i solidarno\u015bci w obrazie \u015bwiata Polak\u00f3w, wskazuj\u0105c na podobie\u0144stwa i r\u00f3\u017cnice. Przedstawione zostan\u0105 definicje s\u0142ownikowe, argumenty europejskie i opinie m\u0142odych Polak\u00f3w. Zawiera\u0107 b\u0119dzie tak\u017ce dyskusje o solidarno\u015bci na przyk\u0142adzie wybranych czasopism spo\u0142eczno-politycznych, jak r\u00f3wnie\u017c teksty o wolno\u015bci zawarte w polskich tygodnikach. Znajdzie si\u0119 w niej tekst dotycz\u0105cy wolno\u015bci w rozwa\u017caniach ks. Janusza Pasierba oraz o wolno\u015bci i jej granicach w internetowych poradach j\u0119zykowych.<\/p>\n","protected":false},"featured_media":14626,"template":"","meta":{"_acf_changed":false},"journal":[],"rodzaj":[7074],"seria":[],"product_brand":[],"product_cat":[6924,6925],"product_tag":[7429,7431],"class_list":{"0":"post-46931","1":"product","2":"type-product","3":"status-publish","4":"has-post-thumbnail","6":"rodzaj-ksiazki","7":"product_cat-jezykoznawstwo","8":"product_cat-literaturoznawstwo","9":"product_tag-aneta-lica","10":"product_tag-zenon-licazenon-lica","12":"first","13":"outofstock","14":"taxable","15":"shipping-taxable","16":"purchasable","17":"product-type-simple"},"acf":[],"_links":{"self":[{"href":"https:\/\/wydawnictwo.ug.edu.pl\/en\/wp-json\/wp\/v2\/product\/46931","targetHints":{"allow":["GET"]}}],"collection":[{"href":"https:\/\/wydawnictwo.ug.edu.pl\/en\/wp-json\/wp\/v2\/product"}],"about":[{"href":"https:\/\/wydawnictwo.ug.edu.pl\/en\/wp-json\/wp\/v2\/types\/product"}],"wp:featuredmedia":[{"embeddable":true,"href":"https:\/\/wydawnictwo.ug.edu.pl\/en\/wp-json\/wp\/v2\/media\/14626"}],"wp:attachment":[{"href":"https:\/\/wydawnictwo.ug.edu.pl\/en\/wp-json\/wp\/v2\/media?parent=46931"}],"wp:term":[{"taxonomy":"journal","embeddable":true,"href":"https:\/\/wydawnictwo.ug.edu.pl\/en\/wp-json\/wp\/v2\/journal?post=46931"},{"taxonomy":"rodzaj","embeddable":true,"href":"https:\/\/wydawnictwo.ug.edu.pl\/en\/wp-json\/wp\/v2\/rodzaj?post=46931"},{"taxonomy":"seria","embeddable":true,"href":"https:\/\/wydawnictwo.ug.edu.pl\/en\/wp-json\/wp\/v2\/seria?post=46931"},{"taxonomy":"product_brand","embeddable":true,"href":"https:\/\/wydawnictwo.ug.edu.pl\/en\/wp-json\/wp\/v2\/product_brand?post=46931"},{"taxonomy":"product_cat","embeddable":true,"href":"https:\/\/wydawnictwo.ug.edu.pl\/en\/wp-json\/wp\/v2\/product_cat?post=46931"},{"taxonomy":"product_tag","embeddable":true,"href":"https:\/\/wydawnictwo.ug.edu.pl\/en\/wp-json\/wp\/v2\/product_tag?post=46931"}],"curies":[{"name":"wp","href":"https:\/\/api.w.org\/{rel}","templated":true}]}}