{"id":46930,"date":"2016-11-30T00:00:00","date_gmt":"2016-11-30T00:00:00","guid":{"rendered":"https:\/\/wydawnictwo.ug.edu.pl\/ksiegarnia-online\/uncategorized\/problemy-wspolczesnej-glottodydaktyki-i-nauczania-przekladu\/"},"modified":"2026-02-11T16:16:05","modified_gmt":"2026-02-11T16:16:05","slug":"problemy-wspolczesnej-glottodydaktyki-i-nauczania-przekladu","status":"publish","type":"product","link":"https:\/\/wydawnictwo.ug.edu.pl\/en\/ksiegarnia-online\/przekladoznawstwo\/problemy-wspolczesnej-glottodydaktyki-i-nauczania-przekladu\/","title":{"rendered":"Problemy wsp\u00f3\u0142czesnej glottodydaktyki i nauczania przek\u0142adu"},"content":{"rendered":"","protected":false},"excerpt":{"rendered":"<p>W monografii podj\u0119te zostan\u0105 m.in. takie zagadnienia, jak: praca ze\u00a0studentem o\u00a0indywidualnych potrzebach i\u00a0oczekiwaniach edukacyjnych, problemy dydaktyki akademickiej w\u00a0kontek\u015bcie zmian spo\u0142ecznych, edukacyjnych i\u00a0cywilizacyjnych, aspekty ekolingwistyczne i\u00a0ekodydaktyczne w\u00a0dydaktyce akademickiej, dydaktyka spersonalizowana, dydaktyka przek\u0142adu, korekta i\u00a0ewaluacja przek\u0142adu, dydaktyka t\u0142umacze\u0144 symultanicznych, intersemiotycznych, intralingwalnych czy interkulturowych oraz\u00a0przek\u0142ad w\u00a0nauczaniu drugiego i\u00a0trzeciego j\u0119zyka obcego.<br \/>\nMonografia w j\u0119zyku polskim i rosyjskim.<\/p>\n","protected":false},"featured_media":14624,"template":"","meta":{"_acf_changed":false},"journal":[],"rodzaj":[7074],"seria":[],"product_brand":[],"product_cat":[6926],"product_tag":[7710,7711,7712],"class_list":{"0":"post-46930","1":"product","2":"type-product","3":"status-publish","4":"has-post-thumbnail","6":"rodzaj-ksiazki","7":"product_cat-przekladoznawstwo","8":"product_tag-adam-jaroszadam-jarosz","9":"product_tag-joanna-mampe","10":"product_tag-jolanta-hinc-2","12":"first","13":"outofstock","14":"taxable","15":"shipping-taxable","16":"purchasable","17":"product-type-simple"},"acf":[],"_links":{"self":[{"href":"https:\/\/wydawnictwo.ug.edu.pl\/en\/wp-json\/wp\/v2\/product\/46930","targetHints":{"allow":["GET"]}}],"collection":[{"href":"https:\/\/wydawnictwo.ug.edu.pl\/en\/wp-json\/wp\/v2\/product"}],"about":[{"href":"https:\/\/wydawnictwo.ug.edu.pl\/en\/wp-json\/wp\/v2\/types\/product"}],"wp:featuredmedia":[{"embeddable":true,"href":"https:\/\/wydawnictwo.ug.edu.pl\/en\/wp-json\/wp\/v2\/media\/14624"}],"wp:attachment":[{"href":"https:\/\/wydawnictwo.ug.edu.pl\/en\/wp-json\/wp\/v2\/media?parent=46930"}],"wp:term":[{"taxonomy":"journal","embeddable":true,"href":"https:\/\/wydawnictwo.ug.edu.pl\/en\/wp-json\/wp\/v2\/journal?post=46930"},{"taxonomy":"rodzaj","embeddable":true,"href":"https:\/\/wydawnictwo.ug.edu.pl\/en\/wp-json\/wp\/v2\/rodzaj?post=46930"},{"taxonomy":"seria","embeddable":true,"href":"https:\/\/wydawnictwo.ug.edu.pl\/en\/wp-json\/wp\/v2\/seria?post=46930"},{"taxonomy":"product_brand","embeddable":true,"href":"https:\/\/wydawnictwo.ug.edu.pl\/en\/wp-json\/wp\/v2\/product_brand?post=46930"},{"taxonomy":"product_cat","embeddable":true,"href":"https:\/\/wydawnictwo.ug.edu.pl\/en\/wp-json\/wp\/v2\/product_cat?post=46930"},{"taxonomy":"product_tag","embeddable":true,"href":"https:\/\/wydawnictwo.ug.edu.pl\/en\/wp-json\/wp\/v2\/product_tag?post=46930"}],"curies":[{"name":"wp","href":"https:\/\/api.w.org\/{rel}","templated":true}]}}